{"id":40560,"date":"2017-04-05T00:54:29","date_gmt":"2017-04-05T00:54:29","guid":{"rendered":"https:\/\/www.elibron.com\/catalog\/product\/madame-swetchine-sa-vie-et-ses-%c2%9cuvres-publiees-par-le-comte-de-falloux-tome-2-pensees-morceaux-choisis-traites-divers\/"},"modified":"2017-04-06T08:26:16","modified_gmt":"2017-04-06T08:26:16","slug":"madame-swetchine-sa-vie-et-ses-%c2%9cuvres-publiees-par-le-comte-de-falloux-tome-2-pensees-morceaux-choisis-traites-divers","status":"publish","type":"product","link":"https:\/\/www.elibron.com\/catalog\/product\/madame-swetchine-sa-vie-et-ses-%c2%9cuvres-publiees-par-le-comte-de-falloux-tome-2-pensees-morceaux-choisis-traites-divers\/","title":{"rendered":"Madame Swetchine. Sa vie et ses \u009cuvres. Publi\u00e9es par le comte de Falloux. Tome 2. Pens\u00e9es, morceaux choisis, trait\u00e9s divers"},"content":{"rendered":"<aside class=\"mashsb-container mashsb-main mashsb-stretched\"><div class=\"mashsb-box\"><div class=\"mashsb-buttons\"><a  class=\"mashicon-facebook mash-large mash-center mashsb-noshadow\" href=\"https:\/\/www.facebook.com\/sharer.php?u=https%3A%2F%2Fwww.elibron.com%2Fcatalog%2Fproduct%2Fmadame-swetchine-sa-vie-et-ses-%25c2%259cuvres-publiees-par-le-comte-de-falloux-tome-2-pensees-morceaux-choisis-traites-divers%2F\" target=\"_blank\" rel=\"noopener nofollow\"><span class=\"icon\"><\/span><span class=\"text\">Share<\/span><\/a><a  class=\"mashicon-twitter mash-large mash-center mashsb-noshadow\" href=\"https:\/\/twitter.com\/intent\/tweet?text=&url=https:\/\/www.elibron.com\/catalog\/product\/madame-swetchine-sa-vie-et-ses-%c2%9cuvres-publiees-par-le-comte-de-falloux-tome-2-pensees-morceaux-choisis-traites-divers\/&via=ElibronBooks\" target=\"_blank\" rel=\"noopener nofollow\"><span class=\"icon\"><\/span><span class=\"text\">Tweet<\/span><\/a><div class=\"onoffswitch2 mash-large mashsb-noshadow\" style=\"display:none;\"><\/div><\/div>\r\n            <\/div>\r\n                <div style=\"clear:both;\"><\/div><div class=\"mashsb-toggle-container\"><\/div><\/aside>\r\n            <!-- Share buttons by mashshare.net - Version: 3.5.7-->","protected":false},"excerpt":{"rendered":"","protected":false},"featured_media":40561,"comment_status":"closed","ping_status":"open","template":"","meta":{"_acf_changed":false,"jetpack_post_was_ever_published":false,"jetpack_publicize_message":"","jetpack_publicize_feature_enabled":true,"jetpack_social_post_already_shared":false,"jetpack_social_options":{"image_generator_settings":{"template":"highway","enabled":false},"version":2}},"product_brand":[],"product_cat":[2344,6,2360,2332],"product_tag":[53,81,8],"class_list":{"0":"post-40560","1":"product","2":"type-product","3":"status-publish","4":"has-post-thumbnail","6":"product_cat-biography-memoir-books","7":"product_cat-books","8":"product_cat-essays-books","9":"product_cat-novels-short-fiction-books","10":"product_tag-biography-memoir","11":"product_tag-essays","12":"product_tag-novels-short-fiction","14":"first","15":"instock","16":"purchasable","17":"product-type-simple"},"jetpack_publicize_connections":[],"acf":[],"jetpack_sharing_enabled":true,"_links":{"self":[{"href":"https:\/\/www.elibron.com\/catalog\/wp-json\/wp\/v2\/product\/40560","targetHints":{"allow":["GET"]}}],"collection":[{"href":"https:\/\/www.elibron.com\/catalog\/wp-json\/wp\/v2\/product"}],"about":[{"href":"https:\/\/www.elibron.com\/catalog\/wp-json\/wp\/v2\/types\/product"}],"replies":[{"embeddable":true,"href":"https:\/\/www.elibron.com\/catalog\/wp-json\/wp\/v2\/comments?post=40560"}],"wp:featuredmedia":[{"embeddable":true,"href":"https:\/\/www.elibron.com\/catalog\/wp-json\/wp\/v2\/media\/40561"}],"wp:attachment":[{"href":"https:\/\/www.elibron.com\/catalog\/wp-json\/wp\/v2\/media?parent=40560"}],"wp:term":[{"taxonomy":"product_brand","embeddable":true,"href":"https:\/\/www.elibron.com\/catalog\/wp-json\/wp\/v2\/product_brand?post=40560"},{"taxonomy":"product_cat","embeddable":true,"href":"https:\/\/www.elibron.com\/catalog\/wp-json\/wp\/v2\/product_cat?post=40560"},{"taxonomy":"product_tag","embeddable":true,"href":"https:\/\/www.elibron.com\/catalog\/wp-json\/wp\/v2\/product_tag?post=40560"}],"curies":[{"name":"wp","href":"https:\/\/api.w.org\/{rel}","templated":true}]}}