{"id":40528,"date":"2017-04-05T00:52:33","date_gmt":"2017-04-05T00:52:33","guid":{"rendered":"https:\/\/www.elibron.com\/catalog\/product\/correspondance-de-sa-majeste-limperatrice-marie-fedorowna-avec-mademoiselle-de-nelidoff-sa-demoiselle-dhonneur1797-1801-suivie-des-lettres-de-m-lle-de-nelidoff-au-prince-a-b-kourakine-publiee\/"},"modified":"2017-04-06T08:25:58","modified_gmt":"2017-04-06T08:25:58","slug":"correspondance-de-sa-majeste-limperatrice-marie-fedorowna-avec-mademoiselle-de-nelidoff-sa-demoiselle-dhonneur1797-1801-suivie-des-lettres-de-m-lle-de-nelidoff-au-prince-a-b-kourakine-publiee","status":"publish","type":"product","link":"https:\/\/www.elibron.com\/catalog\/product\/correspondance-de-sa-majeste-limperatrice-marie-fedorowna-avec-mademoiselle-de-nelidoff-sa-demoiselle-dhonneur1797-1801-suivie-des-lettres-de-m-lle-de-nelidoff-au-prince-a-b-kourakine-publiee\/","title":{"rendered":"Correspondance de Sa Majest\u00e9 l&#8217;Imp\u00e9ratrice Marie F\u00e9dorowna avec Mademoiselle de N\u00e9lidoff sa demoiselle d&#8217;honneur(1797-1801). Suivie des lettres de M-lle de N\u00e9lidoff au prince A.-B. Kourakine. Publi\u00e9e par la princesse Lise Troubetzko\u00ef"},"content":{"rendered":"<aside class=\"mashsb-container mashsb-main mashsb-stretched\"><div class=\"mashsb-box\"><div class=\"mashsb-buttons\"><a  class=\"mashicon-facebook mash-large mash-center mashsb-noshadow\" href=\"https:\/\/www.facebook.com\/sharer.php?u=https%3A%2F%2Fwww.elibron.com%2Fcatalog%2Fproduct%2Fcorrespondance-de-sa-majeste-limperatrice-marie-fedorowna-avec-mademoiselle-de-nelidoff-sa-demoiselle-dhonneur1797-1801-suivie-des-lettres-de-m-lle-de-nelidoff-au-prince-a-b-kourakine-publiee%2F\" target=\"_blank\" rel=\"noopener nofollow\"><span class=\"icon\"><\/span><span class=\"text\">Share<\/span><\/a><a  class=\"mashicon-twitter mash-large mash-center mashsb-noshadow\" href=\"https:\/\/twitter.com\/intent\/tweet?text=&url=https:\/\/www.elibron.com\/catalog\/product\/correspondance-de-sa-majeste-limperatrice-marie-fedorowna-avec-mademoiselle-de-nelidoff-sa-demoiselle-dhonneur1797-1801-suivie-des-lettres-de-m-lle-de-nelidoff-au-prince-a-b-kourakine-publiee\/&via=ElibronBooks\" target=\"_blank\" rel=\"noopener nofollow\"><span class=\"icon\"><\/span><span class=\"text\">Tweet<\/span><\/a><div class=\"onoffswitch2 mash-large mashsb-noshadow\" style=\"display:none;\"><\/div><\/div>\r\n            <\/div>\r\n                <div style=\"clear:both;\"><\/div><div class=\"mashsb-toggle-container\"><\/div><\/aside>\r\n            <!-- Share buttons by mashshare.net - Version: 3.5.7-->","protected":false},"excerpt":{"rendered":"","protected":false},"featured_media":40529,"comment_status":"closed","ping_status":"open","template":"","meta":{"_acf_changed":false,"jetpack_post_was_ever_published":false,"jetpack_publicize_message":"","jetpack_publicize_feature_enabled":true,"jetpack_social_post_already_shared":false,"jetpack_social_options":{"image_generator_settings":{"template":"highway","enabled":false},"version":2}},"product_brand":[],"product_cat":[2344,6,2356,2401,2355,2400,2417],"product_tag":[53,79,189,74,188,357],"class_list":{"0":"post-40528","1":"product","2":"type-product","3":"status-publish","4":"has-post-thumbnail","6":"product_cat-biography-memoir-books","7":"product_cat-books","8":"product_cat-europe-books","9":"product_cat-heads-of-state-books","10":"product_cat-history-books","11":"product_cat-politicians-books","12":"product_cat-russia-books","13":"product_tag-biography-memoir","14":"product_tag-europe","15":"product_tag-heads-of-state","16":"product_tag-history","17":"product_tag-politicians","18":"product_tag-russia","20":"first","21":"instock","22":"purchasable","23":"product-type-simple"},"jetpack_publicize_connections":[],"acf":[],"jetpack_sharing_enabled":true,"_links":{"self":[{"href":"https:\/\/www.elibron.com\/catalog\/wp-json\/wp\/v2\/product\/40528","targetHints":{"allow":["GET"]}}],"collection":[{"href":"https:\/\/www.elibron.com\/catalog\/wp-json\/wp\/v2\/product"}],"about":[{"href":"https:\/\/www.elibron.com\/catalog\/wp-json\/wp\/v2\/types\/product"}],"replies":[{"embeddable":true,"href":"https:\/\/www.elibron.com\/catalog\/wp-json\/wp\/v2\/comments?post=40528"}],"wp:featuredmedia":[{"embeddable":true,"href":"https:\/\/www.elibron.com\/catalog\/wp-json\/wp\/v2\/media\/40529"}],"wp:attachment":[{"href":"https:\/\/www.elibron.com\/catalog\/wp-json\/wp\/v2\/media?parent=40528"}],"wp:term":[{"taxonomy":"product_brand","embeddable":true,"href":"https:\/\/www.elibron.com\/catalog\/wp-json\/wp\/v2\/product_brand?post=40528"},{"taxonomy":"product_cat","embeddable":true,"href":"https:\/\/www.elibron.com\/catalog\/wp-json\/wp\/v2\/product_cat?post=40528"},{"taxonomy":"product_tag","embeddable":true,"href":"https:\/\/www.elibron.com\/catalog\/wp-json\/wp\/v2\/product_tag?post=40528"}],"curies":[{"name":"wp","href":"https:\/\/api.w.org\/{rel}","templated":true}]}}