{"id":39926,"date":"2017-04-03T23:13:11","date_gmt":"2017-04-03T23:13:11","guid":{"rendered":"https:\/\/www.elibron.com\/catalog\/product\/fabliaux-ou-contes-du-xiie-et-du-xiiie-siecle-traduits-ou-extraits-dapres-divers-manuscrits-du-temps-avec-des-notes-historiques-critiques-les-imitations-qui-ont-ete-faites-de-ces-contes-depuis\/"},"modified":"2017-04-06T08:20:18","modified_gmt":"2017-04-06T08:20:18","slug":"fabliaux-ou-contes-du-xiie-et-du-xiiie-siecle-traduits-ou-extraits-dapres-divers-manuscrits-du-temps-avec-des-notes-historiques-critiques-les-imitations-qui-ont-ete-faites-de-ces-contes-depuis","status":"publish","type":"product","link":"https:\/\/www.elibron.com\/catalog\/product\/fabliaux-ou-contes-du-xiie-et-du-xiiie-siecle-traduits-ou-extraits-dapres-divers-manuscrits-du-temps-avec-des-notes-historiques-critiques-les-imitations-qui-ont-ete-faites-de-ces-contes-depuis\/","title":{"rendered":"Fabliaux ou contes du XIIe et du XIIIe si\u00e8cle. Traduits ou extraits d&#8217;apr\u00e8s divers manuscrits du temps; avec des notes historiques &#038; critiques, &#038; les imitations qui ont \u00e9t\u00e9 faites de ces contes depuis leur origine jusqu&#8217;\u00e0 nos jours. Tome 2"},"content":{"rendered":"<aside class=\"mashsb-container mashsb-main mashsb-stretched\"><div class=\"mashsb-box\"><div class=\"mashsb-buttons\"><a  class=\"mashicon-facebook mash-large mash-center mashsb-noshadow\" href=\"https:\/\/www.facebook.com\/sharer.php?u=https%3A%2F%2Fwww.elibron.com%2Fcatalog%2Fproduct%2Ffabliaux-ou-contes-du-xiie-et-du-xiiie-siecle-traduits-ou-extraits-dapres-divers-manuscrits-du-temps-avec-des-notes-historiques-critiques-les-imitations-qui-ont-ete-faites-de-ces-contes-depuis%2F\" target=\"_blank\" rel=\"noopener nofollow\"><span class=\"icon\"><\/span><span class=\"text\">Share<\/span><\/a><a  class=\"mashicon-twitter mash-large mash-center mashsb-noshadow\" href=\"https:\/\/twitter.com\/intent\/tweet?text=&url=https:\/\/www.elibron.com\/catalog\/product\/fabliaux-ou-contes-du-xiie-et-du-xiiie-siecle-traduits-ou-extraits-dapres-divers-manuscrits-du-temps-avec-des-notes-historiques-critiques-les-imitations-qui-ont-ete-faites-de-ces-contes-depuis\/&via=ElibronBooks\" target=\"_blank\" rel=\"noopener nofollow\"><span class=\"icon\"><\/span><span class=\"text\">Tweet<\/span><\/a><div class=\"onoffswitch2 mash-large mashsb-noshadow\" style=\"display:none;\"><\/div><\/div>\r\n            <\/div>\r\n                <div style=\"clear:both;\"><\/div><div class=\"mashsb-toggle-container\"><\/div><\/aside>\r\n            <!-- Share buttons by mashshare.net - Version: 3.5.7-->","protected":false},"excerpt":{"rendered":"","protected":false},"featured_media":39927,"comment_status":"closed","ping_status":"open","template":"","meta":{"_acf_changed":false,"jetpack_post_was_ever_published":false,"jetpack_publicize_message":"","jetpack_publicize_feature_enabled":true,"jetpack_social_post_already_shared":false,"jetpack_social_options":{"image_generator_settings":{"template":"highway","enabled":false},"version":2}},"product_brand":[],"product_cat":[6,2356,2343,2350,2337,2332,2442],"product_tag":[79,20,62,119,8,317],"class_list":{"0":"post-39926","1":"product","2":"type-product","3":"status-publish","4":"has-post-thumbnail","6":"product_cat-books","7":"product_cat-europe-books","8":"product_cat-folklore-mythology-books","9":"product_cat-humor-satire-books","10":"product_cat-literary-criticism-studies-books","11":"product_cat-novels-short-fiction-books","12":"product_cat-short-stories-books","13":"product_tag-europe","14":"product_tag-folklore-mythology","15":"product_tag-humor-satire","16":"product_tag-literary-criticism-studies","17":"product_tag-novels-short-fiction","18":"product_tag-short-stories","20":"first","21":"instock","22":"purchasable","23":"product-type-simple"},"jetpack_publicize_connections":[],"acf":[],"jetpack_sharing_enabled":true,"_links":{"self":[{"href":"https:\/\/www.elibron.com\/catalog\/wp-json\/wp\/v2\/product\/39926","targetHints":{"allow":["GET"]}}],"collection":[{"href":"https:\/\/www.elibron.com\/catalog\/wp-json\/wp\/v2\/product"}],"about":[{"href":"https:\/\/www.elibron.com\/catalog\/wp-json\/wp\/v2\/types\/product"}],"replies":[{"embeddable":true,"href":"https:\/\/www.elibron.com\/catalog\/wp-json\/wp\/v2\/comments?post=39926"}],"wp:featuredmedia":[{"embeddable":true,"href":"https:\/\/www.elibron.com\/catalog\/wp-json\/wp\/v2\/media\/39927"}],"wp:attachment":[{"href":"https:\/\/www.elibron.com\/catalog\/wp-json\/wp\/v2\/media?parent=39926"}],"wp:term":[{"taxonomy":"product_brand","embeddable":true,"href":"https:\/\/www.elibron.com\/catalog\/wp-json\/wp\/v2\/product_brand?post=39926"},{"taxonomy":"product_cat","embeddable":true,"href":"https:\/\/www.elibron.com\/catalog\/wp-json\/wp\/v2\/product_cat?post=39926"},{"taxonomy":"product_tag","embeddable":true,"href":"https:\/\/www.elibron.com\/catalog\/wp-json\/wp\/v2\/product_tag?post=39926"}],"curies":[{"name":"wp","href":"https:\/\/api.w.org\/{rel}","templated":true}]}}