{"id":39690,"date":"2017-04-03T23:02:40","date_gmt":"2017-04-03T23:02:40","guid":{"rendered":"https:\/\/www.elibron.com\/catalog\/product\/traite-de-mecanique-generale-comprenant-les-lecons-professees-a-lecole-polytechnique-tome-1-cinematique-theoremes-generaux-de-la-mecanique-de-lequilibre-et-du-mouvement-des-corps-solides\/"},"modified":"2017-04-06T08:18:04","modified_gmt":"2017-04-06T08:18:04","slug":"traite-de-mecanique-generale-comprenant-les-lecons-professees-a-lecole-polytechnique-tome-1-cinematique-theoremes-generaux-de-la-mecanique-de-lequilibre-et-du-mouvement-des-corps-solides","status":"publish","type":"product","link":"https:\/\/www.elibron.com\/catalog\/product\/traite-de-mecanique-generale-comprenant-les-lecons-professees-a-lecole-polytechnique-tome-1-cinematique-theoremes-generaux-de-la-mecanique-de-lequilibre-et-du-mouvement-des-corps-solides\/","title":{"rendered":"Trait\u00e9 de m\u00e9canique g\u00e9n\u00e9rale. Comprenant les le\u00e7ons profess\u00e9es a l&#8217;\u00c9cole polytechnique. Tome 1: Cin\u00e9matique. &#8211; Th\u00e9or\u00e8mes g\u00e9n\u00e9raux de la m\u00e9canique. &#8211; De l&#8217;\u00e9quilibre et du mouvement des corps solides"},"content":{"rendered":"<aside class=\"mashsb-container mashsb-main mashsb-stretched\"><div class=\"mashsb-box\"><div class=\"mashsb-buttons\"><a  class=\"mashicon-facebook mash-large mash-center mashsb-noshadow\" href=\"https:\/\/www.facebook.com\/sharer.php?u=https%3A%2F%2Fwww.elibron.com%2Fcatalog%2Fproduct%2Ftraite-de-mecanique-generale-comprenant-les-lecons-professees-a-lecole-polytechnique-tome-1-cinematique-theoremes-generaux-de-la-mecanique-de-lequilibre-et-du-mouvement-des-corps-solides%2F\" target=\"_blank\" rel=\"noopener nofollow\"><span class=\"icon\"><\/span><span class=\"text\">Share<\/span><\/a><a  class=\"mashicon-twitter mash-large mash-center mashsb-noshadow\" href=\"https:\/\/twitter.com\/intent\/tweet?text=&url=https:\/\/www.elibron.com\/catalog\/product\/traite-de-mecanique-generale-comprenant-les-lecons-professees-a-lecole-polytechnique-tome-1-cinematique-theoremes-generaux-de-la-mecanique-de-lequilibre-et-du-mouvement-des-corps-solides\/&via=ElibronBooks\" target=\"_blank\" rel=\"noopener nofollow\"><span class=\"icon\"><\/span><span class=\"text\">Tweet<\/span><\/a><div class=\"onoffswitch2 mash-large mashsb-noshadow\" style=\"display:none;\"><\/div><\/div>\r\n            <\/div>\r\n                <div style=\"clear:both;\"><\/div><div class=\"mashsb-toggle-container\"><\/div><\/aside>\r\n            <!-- Share buttons by mashshare.net - Version: 3.5.7-->","protected":false},"excerpt":{"rendered":"","protected":false},"featured_media":39691,"comment_status":"closed","ping_status":"open","template":"","meta":{"_acf_changed":false,"jetpack_post_was_ever_published":false,"jetpack_publicize_message":"","jetpack_publicize_feature_enabled":true,"jetpack_social_post_already_shared":false,"jetpack_social_options":{"image_generator_settings":{"template":"highway","enabled":false},"version":2}},"product_brand":[],"product_cat":[6,2441,2365],"product_tag":[315,91],"class_list":{"0":"post-39690","1":"product","2":"type-product","3":"status-publish","4":"has-post-thumbnail","6":"product_cat-books","7":"product_cat-physics-books","8":"product_cat-sciences-books","9":"product_tag-physics","10":"product_tag-sciences","12":"first","13":"instock","14":"purchasable","15":"product-type-simple"},"jetpack_publicize_connections":[],"acf":[],"jetpack_sharing_enabled":true,"_links":{"self":[{"href":"https:\/\/www.elibron.com\/catalog\/wp-json\/wp\/v2\/product\/39690","targetHints":{"allow":["GET"]}}],"collection":[{"href":"https:\/\/www.elibron.com\/catalog\/wp-json\/wp\/v2\/product"}],"about":[{"href":"https:\/\/www.elibron.com\/catalog\/wp-json\/wp\/v2\/types\/product"}],"replies":[{"embeddable":true,"href":"https:\/\/www.elibron.com\/catalog\/wp-json\/wp\/v2\/comments?post=39690"}],"wp:featuredmedia":[{"embeddable":true,"href":"https:\/\/www.elibron.com\/catalog\/wp-json\/wp\/v2\/media\/39691"}],"wp:attachment":[{"href":"https:\/\/www.elibron.com\/catalog\/wp-json\/wp\/v2\/media?parent=39690"}],"wp:term":[{"taxonomy":"product_brand","embeddable":true,"href":"https:\/\/www.elibron.com\/catalog\/wp-json\/wp\/v2\/product_brand?post=39690"},{"taxonomy":"product_cat","embeddable":true,"href":"https:\/\/www.elibron.com\/catalog\/wp-json\/wp\/v2\/product_cat?post=39690"},{"taxonomy":"product_tag","embeddable":true,"href":"https:\/\/www.elibron.com\/catalog\/wp-json\/wp\/v2\/product_tag?post=39690"}],"curies":[{"name":"wp","href":"https:\/\/api.w.org\/{rel}","templated":true}]}}