{"id":39610,"date":"2017-04-03T23:00:34","date_gmt":"2017-04-03T23:00:34","guid":{"rendered":"https:\/\/www.elibron.com\/catalog\/product\/cacilia-eine-zeitschrift-fur-die-musikalische-welt-herausgegeben-von-einem-vereine-von-gelehrten-kunstverstandigen-und-kunstlern-redigirt-von-s-w-dehn-in-berlin-band-xxii-enthaltend-die-hefte\/"},"modified":"2017-04-06T08:17:21","modified_gmt":"2017-04-06T08:17:21","slug":"cacilia-eine-zeitschrift-fur-die-musikalische-welt-herausgegeben-von-einem-vereine-von-gelehrten-kunstverstandigen-und-kunstlern-redigirt-von-s-w-dehn-in-berlin-band-xxii-enthaltend-die-hefte","status":"publish","type":"product","link":"https:\/\/www.elibron.com\/catalog\/product\/cacilia-eine-zeitschrift-fur-die-musikalische-welt-herausgegeben-von-einem-vereine-von-gelehrten-kunstverstandigen-und-kunstlern-redigirt-von-s-w-dehn-in-berlin-band-xxii-enthaltend-die-hefte\/","title":{"rendered":"C\u00e4cilia. Eine Zeitschrift f\u00fcr die musikalische Welt. Herausgegeben von einem Vereine von Gelehrten, Kunstverst\u00e4ndigen und K\u00fcnstlern. Redigirt von S. W. Dehn in Berlin. Band XXII, enthaltend die Hefte 85, 86, 87 und 88"},"content":{"rendered":"<aside class=\"mashsb-container mashsb-main mashsb-stretched\"><div class=\"mashsb-box\"><div class=\"mashsb-buttons\"><a  class=\"mashicon-facebook mash-large mash-center mashsb-noshadow\" href=\"https:\/\/www.facebook.com\/sharer.php?u=https%3A%2F%2Fwww.elibron.com%2Fcatalog%2Fproduct%2Fcacilia-eine-zeitschrift-fur-die-musikalische-welt-herausgegeben-von-einem-vereine-von-gelehrten-kunstverstandigen-und-kunstlern-redigirt-von-s-w-dehn-in-berlin-band-xxii-enthaltend-die-hefte%2F\" target=\"_blank\" rel=\"noopener nofollow\"><span class=\"icon\"><\/span><span class=\"text\">Share<\/span><\/a><a  class=\"mashicon-twitter mash-large mash-center mashsb-noshadow\" href=\"https:\/\/twitter.com\/intent\/tweet?text=&url=https:\/\/www.elibron.com\/catalog\/product\/cacilia-eine-zeitschrift-fur-die-musikalische-welt-herausgegeben-von-einem-vereine-von-gelehrten-kunstverstandigen-und-kunstlern-redigirt-von-s-w-dehn-in-berlin-band-xxii-enthaltend-die-hefte\/&via=ElibronBooks\" target=\"_blank\" rel=\"noopener nofollow\"><span class=\"icon\"><\/span><span class=\"text\">Tweet<\/span><\/a><div class=\"onoffswitch2 mash-large mashsb-noshadow\" style=\"display:none;\"><\/div><\/div>\r\n            <\/div>\r\n                <div style=\"clear:both;\"><\/div><div class=\"mashsb-toggle-container\"><\/div><\/aside>\r\n            <!-- Share buttons by mashshare.net - Version: 3.5.7-->","protected":false},"excerpt":{"rendered":"","protected":false},"featured_media":39611,"comment_status":"closed","ping_status":"open","template":"","meta":{"_acf_changed":false,"jetpack_post_was_ever_published":false,"jetpack_publicize_message":"","jetpack_publicize_feature_enabled":true,"jetpack_social_post_already_shared":false,"jetpack_social_options":{"image_generator_settings":{"template":"highway","enabled":false},"version":2}},"product_brand":[],"product_cat":[2398,6,2399],"product_tag":[182,183],"class_list":{"0":"post-39610","1":"product","2":"type-product","3":"status-publish","4":"has-post-thumbnail","6":"product_cat-arts-entertainment-books","7":"product_cat-books","8":"product_cat-classical-music-books","9":"product_tag-arts-entertainment","10":"product_tag-classical-music","12":"first","13":"instock","14":"purchasable","15":"product-type-simple"},"jetpack_publicize_connections":[],"acf":[],"jetpack_sharing_enabled":true,"_links":{"self":[{"href":"https:\/\/www.elibron.com\/catalog\/wp-json\/wp\/v2\/product\/39610","targetHints":{"allow":["GET"]}}],"collection":[{"href":"https:\/\/www.elibron.com\/catalog\/wp-json\/wp\/v2\/product"}],"about":[{"href":"https:\/\/www.elibron.com\/catalog\/wp-json\/wp\/v2\/types\/product"}],"replies":[{"embeddable":true,"href":"https:\/\/www.elibron.com\/catalog\/wp-json\/wp\/v2\/comments?post=39610"}],"wp:featuredmedia":[{"embeddable":true,"href":"https:\/\/www.elibron.com\/catalog\/wp-json\/wp\/v2\/media\/39611"}],"wp:attachment":[{"href":"https:\/\/www.elibron.com\/catalog\/wp-json\/wp\/v2\/media?parent=39610"}],"wp:term":[{"taxonomy":"product_brand","embeddable":true,"href":"https:\/\/www.elibron.com\/catalog\/wp-json\/wp\/v2\/product_brand?post=39610"},{"taxonomy":"product_cat","embeddable":true,"href":"https:\/\/www.elibron.com\/catalog\/wp-json\/wp\/v2\/product_cat?post=39610"},{"taxonomy":"product_tag","embeddable":true,"href":"https:\/\/www.elibron.com\/catalog\/wp-json\/wp\/v2\/product_tag?post=39610"}],"curies":[{"name":"wp","href":"https:\/\/api.w.org\/{rel}","templated":true}]}}