{"id":38586,"date":"2017-04-03T22:32:47","date_gmt":"2017-04-03T22:32:47","guid":{"rendered":"https:\/\/www.elibron.com\/catalog\/product\/%c2%8cuvres-completes-de-p-de-ronsard-nouvelle-edition-publiee-sur-les-textes-les-plus-anciens-avec-les-variantes-et-des-notes-par-m-prosper-blanchemain-tome-6\/"},"modified":"2017-04-06T08:07:44","modified_gmt":"2017-04-06T08:07:44","slug":"%c2%8cuvres-completes-de-p-de-ronsard-nouvelle-edition-publiee-sur-les-textes-les-plus-anciens-avec-les-variantes-et-des-notes-par-m-prosper-blanchemain-tome-6","status":"publish","type":"product","link":"https:\/\/www.elibron.com\/catalog\/product\/%c2%8cuvres-completes-de-p-de-ronsard-nouvelle-edition-publiee-sur-les-textes-les-plus-anciens-avec-les-variantes-et-des-notes-par-m-prosper-blanchemain-tome-6\/","title":{"rendered":"Oeuvres compl\u00e8tes de P. de Ronsard. Nouvelle \u00e9dition publi\u00e9e sur les textes les plus anciens avec les variantes et des notes par M. Prosper Blanchemain. Tome 6"},"content":{"rendered":"<aside class=\"mashsb-container mashsb-main mashsb-stretched\"><div class=\"mashsb-box\"><div class=\"mashsb-buttons\"><a  class=\"mashicon-facebook mash-large mash-center mashsb-noshadow\" href=\"https:\/\/www.facebook.com\/sharer.php?u=https%3A%2F%2Fwww.elibron.com%2Fcatalog%2Fproduct%2F%25c2%258cuvres-completes-de-p-de-ronsard-nouvelle-edition-publiee-sur-les-textes-les-plus-anciens-avec-les-variantes-et-des-notes-par-m-prosper-blanchemain-tome-6%2F\" target=\"_blank\" rel=\"noopener nofollow\"><span class=\"icon\"><\/span><span class=\"text\">Share<\/span><\/a><a  class=\"mashicon-twitter mash-large mash-center mashsb-noshadow\" href=\"https:\/\/twitter.com\/intent\/tweet?text=&url=https:\/\/www.elibron.com\/catalog\/product\/%c2%8cuvres-completes-de-p-de-ronsard-nouvelle-edition-publiee-sur-les-textes-les-plus-anciens-avec-les-variantes-et-des-notes-par-m-prosper-blanchemain-tome-6\/&via=ElibronBooks\" target=\"_blank\" rel=\"noopener nofollow\"><span class=\"icon\"><\/span><span class=\"text\">Tweet<\/span><\/a><div class=\"onoffswitch2 mash-large mashsb-noshadow\" style=\"display:none;\"><\/div><\/div>\r\n            <\/div>\r\n                <div style=\"clear:both;\"><\/div><div class=\"mashsb-toggle-container\"><\/div><\/aside>\r\n            <!-- Share buttons by mashshare.net - Version: 3.5.7-->","protected":false},"excerpt":{"rendered":"","protected":false},"featured_media":38587,"comment_status":"closed","ping_status":"open","template":"","meta":{"_acf_changed":false,"jetpack_post_was_ever_published":false,"jetpack_publicize_message":"","jetpack_publicize_feature_enabled":true,"jetpack_social_post_already_shared":false,"jetpack_social_options":{"image_generator_settings":{"template":"highway","enabled":false},"version":2}},"product_brand":[],"product_cat":[6,2334],"product_tag":[10],"class_list":{"0":"post-38586","1":"product","2":"type-product","3":"status-publish","4":"has-post-thumbnail","6":"product_cat-books","7":"product_cat-poetry-books","8":"product_tag-poetry","10":"first","11":"instock","12":"purchasable","13":"product-type-simple"},"jetpack_publicize_connections":[],"acf":[],"jetpack_sharing_enabled":true,"_links":{"self":[{"href":"https:\/\/www.elibron.com\/catalog\/wp-json\/wp\/v2\/product\/38586","targetHints":{"allow":["GET"]}}],"collection":[{"href":"https:\/\/www.elibron.com\/catalog\/wp-json\/wp\/v2\/product"}],"about":[{"href":"https:\/\/www.elibron.com\/catalog\/wp-json\/wp\/v2\/types\/product"}],"replies":[{"embeddable":true,"href":"https:\/\/www.elibron.com\/catalog\/wp-json\/wp\/v2\/comments?post=38586"}],"wp:featuredmedia":[{"embeddable":true,"href":"https:\/\/www.elibron.com\/catalog\/wp-json\/wp\/v2\/media\/38587"}],"wp:attachment":[{"href":"https:\/\/www.elibron.com\/catalog\/wp-json\/wp\/v2\/media?parent=38586"}],"wp:term":[{"taxonomy":"product_brand","embeddable":true,"href":"https:\/\/www.elibron.com\/catalog\/wp-json\/wp\/v2\/product_brand?post=38586"},{"taxonomy":"product_cat","embeddable":true,"href":"https:\/\/www.elibron.com\/catalog\/wp-json\/wp\/v2\/product_cat?post=38586"},{"taxonomy":"product_tag","embeddable":true,"href":"https:\/\/www.elibron.com\/catalog\/wp-json\/wp\/v2\/product_tag?post=38586"}],"curies":[{"name":"wp","href":"https:\/\/api.w.org\/{rel}","templated":true}]}}