{"id":38460,"date":"2017-04-03T22:29:17","date_gmt":"2017-04-03T22:29:17","guid":{"rendered":"https:\/\/www.elibron.com\/catalog\/product\/ueber-das-leben-und-die-werke-des-g-pierluigi-da-palestrina-genannt-der-furst-der-musik-sangers-dann-tonsetzers-der-papstlichen-kapelle-auch-kapellmeisters-an-den-drei-hauptkirchen-roms-nach-den\/"},"modified":"2017-04-06T08:06:35","modified_gmt":"2017-04-06T08:06:35","slug":"ueber-das-leben-und-die-werke-des-g-pierluigi-da-palestrina-genannt-der-furst-der-musik-sangers-dann-tonsetzers-der-papstlichen-kapelle-auch-kapellmeisters-an-den-drei-hauptkirchen-roms-nach-den","status":"publish","type":"product","link":"https:\/\/www.elibron.com\/catalog\/product\/ueber-das-leben-und-die-werke-des-g-pierluigi-da-palestrina-genannt-der-furst-der-musik-sangers-dann-tonsetzers-der-papstlichen-kapelle-auch-kapellmeisters-an-den-drei-hauptkirchen-roms-nach-den\/","title":{"rendered":"Ueber das Leben und die Werke des G. Pierluigi da Palestrina. Genannt der F\u00fcrst der Musik, S\u00e4ngers, dann Tonsetzers der p\u00e4pstlichen Kapelle, auch Kapellmeisters an den drei Hauptkirchen Roms. Nach den Memorie storico-critiche des Abbate Giuseppe Baini"},"content":{"rendered":"<aside class=\"mashsb-container mashsb-main mashsb-stretched\"><div class=\"mashsb-box\"><div class=\"mashsb-buttons\"><a  class=\"mashicon-facebook mash-large mash-center mashsb-noshadow\" href=\"https:\/\/www.facebook.com\/sharer.php?u=https%3A%2F%2Fwww.elibron.com%2Fcatalog%2Fproduct%2Fueber-das-leben-und-die-werke-des-g-pierluigi-da-palestrina-genannt-der-furst-der-musik-sangers-dann-tonsetzers-der-papstlichen-kapelle-auch-kapellmeisters-an-den-drei-hauptkirchen-roms-nach-den%2F\" target=\"_blank\" rel=\"noopener nofollow\"><span class=\"icon\"><\/span><span class=\"text\">Share<\/span><\/a><a  class=\"mashicon-twitter mash-large mash-center mashsb-noshadow\" href=\"https:\/\/twitter.com\/intent\/tweet?text=&url=https:\/\/www.elibron.com\/catalog\/product\/ueber-das-leben-und-die-werke-des-g-pierluigi-da-palestrina-genannt-der-furst-der-musik-sangers-dann-tonsetzers-der-papstlichen-kapelle-auch-kapellmeisters-an-den-drei-hauptkirchen-roms-nach-den\/&via=ElibronBooks\" target=\"_blank\" rel=\"noopener nofollow\"><span class=\"icon\"><\/span><span class=\"text\">Tweet<\/span><\/a><div class=\"onoffswitch2 mash-large mashsb-noshadow\" style=\"display:none;\"><\/div><\/div>\r\n            <\/div>\r\n                <div style=\"clear:both;\"><\/div><div class=\"mashsb-toggle-container\"><\/div><\/aside>\r\n            <!-- Share buttons by mashshare.net - Version: 3.5.7-->","protected":false},"excerpt":{"rendered":"","protected":false},"featured_media":38461,"comment_status":"closed","ping_status":"open","template":"","meta":{"_acf_changed":false,"jetpack_post_was_ever_published":false,"jetpack_publicize_message":"","jetpack_publicize_feature_enabled":true,"jetpack_social_post_already_shared":false,"jetpack_social_options":{"image_generator_settings":{"template":"highway","enabled":false},"version":2}},"product_brand":[],"product_cat":[2344,6,2383],"product_tag":[53,139],"class_list":{"0":"post-38460","1":"product","2":"type-product","3":"status-publish","4":"has-post-thumbnail","6":"product_cat-biography-memoir-books","7":"product_cat-books","8":"product_cat-composers-musicians-books","9":"product_tag-biography-memoir","10":"product_tag-composers-musicians","12":"first","13":"instock","14":"purchasable","15":"product-type-simple"},"jetpack_publicize_connections":[],"acf":[],"jetpack_sharing_enabled":true,"_links":{"self":[{"href":"https:\/\/www.elibron.com\/catalog\/wp-json\/wp\/v2\/product\/38460","targetHints":{"allow":["GET"]}}],"collection":[{"href":"https:\/\/www.elibron.com\/catalog\/wp-json\/wp\/v2\/product"}],"about":[{"href":"https:\/\/www.elibron.com\/catalog\/wp-json\/wp\/v2\/types\/product"}],"replies":[{"embeddable":true,"href":"https:\/\/www.elibron.com\/catalog\/wp-json\/wp\/v2\/comments?post=38460"}],"wp:featuredmedia":[{"embeddable":true,"href":"https:\/\/www.elibron.com\/catalog\/wp-json\/wp\/v2\/media\/38461"}],"wp:attachment":[{"href":"https:\/\/www.elibron.com\/catalog\/wp-json\/wp\/v2\/media?parent=38460"}],"wp:term":[{"taxonomy":"product_brand","embeddable":true,"href":"https:\/\/www.elibron.com\/catalog\/wp-json\/wp\/v2\/product_brand?post=38460"},{"taxonomy":"product_cat","embeddable":true,"href":"https:\/\/www.elibron.com\/catalog\/wp-json\/wp\/v2\/product_cat?post=38460"},{"taxonomy":"product_tag","embeddable":true,"href":"https:\/\/www.elibron.com\/catalog\/wp-json\/wp\/v2\/product_tag?post=38460"}],"curies":[{"name":"wp","href":"https:\/\/api.w.org\/{rel}","templated":true}]}}