{"id":38458,"date":"2017-04-03T22:29:17","date_gmt":"2017-04-03T22:29:17","guid":{"rendered":"https:\/\/www.elibron.com\/catalog\/product\/%c2%8cuvres-de-nivelle-de-la-chaussee-tome-5-les-tyrinthiens-la-princesse-de-sidon-epitre-de-clio-compliment-au-roi-discours-a-lacademie-lettre-de-m-riccoboni-supplement-aux-%c2%8cuvres-de\/"},"modified":"2017-04-06T08:06:34","modified_gmt":"2017-04-06T08:06:34","slug":"%c2%8cuvres-de-nivelle-de-la-chaussee-tome-5-les-tyrinthiens-la-princesse-de-sidon-epitre-de-clio-compliment-au-roi-discours-a-lacademie-lettre-de-m-riccoboni-supplement-aux-%c2%8cuvres-de","status":"publish","type":"product","link":"https:\/\/www.elibron.com\/catalog\/product\/%c2%8cuvres-de-nivelle-de-la-chaussee-tome-5-les-tyrinthiens-la-princesse-de-sidon-epitre-de-clio-compliment-au-roi-discours-a-lacademie-lettre-de-m-riccoboni-supplement-aux-%c2%8cuvres-de\/","title":{"rendered":"Oeuvres de Nivelle de la Chauss\u00e9e. Tome 5: [Les Tyrinthiens; La princesse de Sidon; \u00c9pitre de Clio; Compliment au Roi; Discours \u00e0 l&#8217;Acad\u00e9mie; Lettre de M. Riccoboni]. Suppl\u00e9ment aux Oeuvres de Nivelle de la Chauss\u00e9e"},"content":{"rendered":"<aside class=\"mashsb-container mashsb-main mashsb-stretched\"><div class=\"mashsb-box\"><div class=\"mashsb-buttons\"><a  class=\"mashicon-facebook mash-large mash-center mashsb-noshadow\" href=\"https:\/\/www.facebook.com\/sharer.php?u=https%3A%2F%2Fwww.elibron.com%2Fcatalog%2Fproduct%2F%25c2%258cuvres-de-nivelle-de-la-chaussee-tome-5-les-tyrinthiens-la-princesse-de-sidon-epitre-de-clio-compliment-au-roi-discours-a-lacademie-lettre-de-m-riccoboni-supplement-aux-%25c2%258cuvres-de%2F\" target=\"_blank\" rel=\"noopener nofollow\"><span class=\"icon\"><\/span><span class=\"text\">Share<\/span><\/a><a  class=\"mashicon-twitter mash-large mash-center mashsb-noshadow\" href=\"https:\/\/twitter.com\/intent\/tweet?text=&url=https:\/\/www.elibron.com\/catalog\/product\/%c2%8cuvres-de-nivelle-de-la-chaussee-tome-5-les-tyrinthiens-la-princesse-de-sidon-epitre-de-clio-compliment-au-roi-discours-a-lacademie-lettre-de-m-riccoboni-supplement-aux-%c2%8cuvres-de\/&via=ElibronBooks\" target=\"_blank\" rel=\"noopener nofollow\"><span class=\"icon\"><\/span><span class=\"text\">Tweet<\/span><\/a><div class=\"onoffswitch2 mash-large mashsb-noshadow\" style=\"display:none;\"><\/div><\/div>\r\n            <\/div>\r\n                <div style=\"clear:both;\"><\/div><div class=\"mashsb-toggle-container\"><\/div><\/aside>\r\n            <!-- Share buttons by mashshare.net - Version: 3.5.7-->","protected":false},"excerpt":{"rendered":"","protected":false},"featured_media":38459,"comment_status":"closed","ping_status":"open","template":"","meta":{"_acf_changed":false,"jetpack_post_was_ever_published":false,"jetpack_publicize_message":"","jetpack_publicize_feature_enabled":true,"jetpack_social_post_already_shared":false,"jetpack_social_options":{"image_generator_settings":{"template":"highway","enabled":false},"version":2}},"product_brand":[],"product_cat":[2335,2344,6,2339,2338,2332,2347,2346,2442,2345],"product_tag":[36,53,42,15,8,23,22,317,54],"class_list":{"0":"post-38458","1":"product","2":"type-product","3":"status-publish","4":"has-post-thumbnail","6":"product_cat-adventure","7":"product_cat-biography-memoir-books","8":"product_cat-books","9":"product_cat-classical-medieval-books","10":"product_cat-drama-books","11":"product_cat-novels-short-fiction-books","12":"product_cat-playwrights-books","13":"product_cat-poets-books","14":"product_cat-short-stories-books","15":"product_cat-writers-books","16":"product_tag-adventure","17":"product_tag-biography-memoir","18":"product_tag-classical-medieval","19":"product_tag-drama","20":"product_tag-novels-short-fiction","21":"product_tag-playwrights","22":"product_tag-poets","23":"product_tag-short-stories","24":"product_tag-writers","26":"first","27":"instock","28":"purchasable","29":"product-type-simple"},"jetpack_publicize_connections":[],"acf":[],"jetpack_sharing_enabled":true,"_links":{"self":[{"href":"https:\/\/www.elibron.com\/catalog\/wp-json\/wp\/v2\/product\/38458","targetHints":{"allow":["GET"]}}],"collection":[{"href":"https:\/\/www.elibron.com\/catalog\/wp-json\/wp\/v2\/product"}],"about":[{"href":"https:\/\/www.elibron.com\/catalog\/wp-json\/wp\/v2\/types\/product"}],"replies":[{"embeddable":true,"href":"https:\/\/www.elibron.com\/catalog\/wp-json\/wp\/v2\/comments?post=38458"}],"wp:featuredmedia":[{"embeddable":true,"href":"https:\/\/www.elibron.com\/catalog\/wp-json\/wp\/v2\/media\/38459"}],"wp:attachment":[{"href":"https:\/\/www.elibron.com\/catalog\/wp-json\/wp\/v2\/media?parent=38458"}],"wp:term":[{"taxonomy":"product_brand","embeddable":true,"href":"https:\/\/www.elibron.com\/catalog\/wp-json\/wp\/v2\/product_brand?post=38458"},{"taxonomy":"product_cat","embeddable":true,"href":"https:\/\/www.elibron.com\/catalog\/wp-json\/wp\/v2\/product_cat?post=38458"},{"taxonomy":"product_tag","embeddable":true,"href":"https:\/\/www.elibron.com\/catalog\/wp-json\/wp\/v2\/product_tag?post=38458"}],"curies":[{"name":"wp","href":"https:\/\/api.w.org\/{rel}","templated":true}]}}