{"id":38314,"date":"2017-04-03T22:25:24","date_gmt":"2017-04-03T22:25:24","guid":{"rendered":"https:\/\/www.elibron.com\/catalog\/product\/theses-presentees-a-la-faculte-des-sciences-de-paris-pour-obtenir-le-grade-de-docteur-es-sciences-mathematiques-1re-these-sur-les-proprietes-des-fonctions-definies-par-les-equations-aux-differences\/"},"modified":"2017-04-06T08:05:10","modified_gmt":"2017-04-06T08:05:10","slug":"theses-presentees-a-la-faculte-des-sciences-de-paris-pour-obtenir-le-grade-de-docteur-es-sciences-mathematiques-1re-these-sur-les-proprietes-des-fonctions-definies-par-les-equations-aux-differences","status":"publish","type":"product","link":"https:\/\/www.elibron.com\/catalog\/product\/theses-presentees-a-la-faculte-des-sciences-de-paris-pour-obtenir-le-grade-de-docteur-es-sciences-mathematiques-1re-these-sur-les-proprietes-des-fonctions-definies-par-les-equations-aux-differences\/","title":{"rendered":"Th\u00e8ses pr\u00e9sent\u00e9es \u00e0 la Facult\u00e9 des sciences de Paris pour obtenir le grade de docteur \u00e8s sciences math\u00e9matiques. 1re th\u00e8se. Sur les propri\u00e9t\u00e9s des fonctions d\u00e9finies par les \u00e9quations aux diff\u00e9rences partielles. 2e th\u00e8se. Propositions donn\u00e9es par la Facul"},"content":{"rendered":"<aside class=\"mashsb-container mashsb-main mashsb-stretched\"><div class=\"mashsb-box\"><div class=\"mashsb-buttons\"><a  class=\"mashicon-facebook mash-large mash-center mashsb-noshadow\" href=\"https:\/\/www.facebook.com\/sharer.php?u=https%3A%2F%2Fwww.elibron.com%2Fcatalog%2Fproduct%2Ftheses-presentees-a-la-faculte-des-sciences-de-paris-pour-obtenir-le-grade-de-docteur-es-sciences-mathematiques-1re-these-sur-les-proprietes-des-fonctions-definies-par-les-equations-aux-differences%2F\" target=\"_blank\" rel=\"noopener nofollow\"><span class=\"icon\"><\/span><span class=\"text\">Share<\/span><\/a><a  class=\"mashicon-twitter mash-large mash-center mashsb-noshadow\" href=\"https:\/\/twitter.com\/intent\/tweet?text=&url=https:\/\/www.elibron.com\/catalog\/product\/theses-presentees-a-la-faculte-des-sciences-de-paris-pour-obtenir-le-grade-de-docteur-es-sciences-mathematiques-1re-these-sur-les-proprietes-des-fonctions-definies-par-les-equations-aux-differences\/&via=ElibronBooks\" target=\"_blank\" rel=\"noopener nofollow\"><span class=\"icon\"><\/span><span class=\"text\">Tweet<\/span><\/a><div class=\"onoffswitch2 mash-large mashsb-noshadow\" style=\"display:none;\"><\/div><\/div>\r\n            <\/div>\r\n                <div style=\"clear:both;\"><\/div><div class=\"mashsb-toggle-container\"><\/div><\/aside>\r\n            <!-- Share buttons by mashshare.net - Version: 3.5.7-->","protected":false},"excerpt":{"rendered":"","protected":false},"featured_media":38315,"comment_status":"closed","ping_status":"open","template":"","meta":{"_acf_changed":false,"jetpack_post_was_ever_published":false,"jetpack_publicize_message":"","jetpack_publicize_feature_enabled":true,"jetpack_social_post_already_shared":false,"jetpack_social_options":{"image_generator_settings":{"template":"highway","enabled":false},"version":2}},"product_brand":[],"product_cat":[6,2438,2365],"product_tag":[299,91],"class_list":{"0":"post-38314","1":"product","2":"type-product","3":"status-publish","4":"has-post-thumbnail","6":"product_cat-books","7":"product_cat-mathematics-statistics-books","8":"product_cat-sciences-books","9":"product_tag-mathematics-statistics","10":"product_tag-sciences","12":"first","13":"instock","14":"purchasable","15":"product-type-simple"},"jetpack_publicize_connections":[],"acf":[],"jetpack_sharing_enabled":true,"_links":{"self":[{"href":"https:\/\/www.elibron.com\/catalog\/wp-json\/wp\/v2\/product\/38314","targetHints":{"allow":["GET"]}}],"collection":[{"href":"https:\/\/www.elibron.com\/catalog\/wp-json\/wp\/v2\/product"}],"about":[{"href":"https:\/\/www.elibron.com\/catalog\/wp-json\/wp\/v2\/types\/product"}],"replies":[{"embeddable":true,"href":"https:\/\/www.elibron.com\/catalog\/wp-json\/wp\/v2\/comments?post=38314"}],"wp:featuredmedia":[{"embeddable":true,"href":"https:\/\/www.elibron.com\/catalog\/wp-json\/wp\/v2\/media\/38315"}],"wp:attachment":[{"href":"https:\/\/www.elibron.com\/catalog\/wp-json\/wp\/v2\/media?parent=38314"}],"wp:term":[{"taxonomy":"product_brand","embeddable":true,"href":"https:\/\/www.elibron.com\/catalog\/wp-json\/wp\/v2\/product_brand?post=38314"},{"taxonomy":"product_cat","embeddable":true,"href":"https:\/\/www.elibron.com\/catalog\/wp-json\/wp\/v2\/product_cat?post=38314"},{"taxonomy":"product_tag","embeddable":true,"href":"https:\/\/www.elibron.com\/catalog\/wp-json\/wp\/v2\/product_tag?post=38314"}],"curies":[{"name":"wp","href":"https:\/\/api.w.org\/{rel}","templated":true}]}}