{"id":38168,"date":"2017-04-03T22:21:25","date_gmt":"2017-04-03T22:21:25","guid":{"rendered":"https:\/\/www.elibron.com\/catalog\/product\/beattie-elements-de-science-morale-comprenant-lethique-leconomique-la-politique-et-la-theologie-naturelle-avec-un-appendice-sur-limmaterialite-et-limmortalite-de-lame-traduit-de-langlais\/"},"modified":"2017-04-06T08:03:54","modified_gmt":"2017-04-06T08:03:54","slug":"beattie-elements-de-science-morale-comprenant-lethique-leconomique-la-politique-et-la-theologie-naturelle-avec-un-appendice-sur-limmaterialite-et-limmortalite-de-lame-traduit-de-langlais","status":"publish","type":"product","link":"https:\/\/www.elibron.com\/catalog\/product\/beattie-elements-de-science-morale-comprenant-lethique-leconomique-la-politique-et-la-theologie-naturelle-avec-un-appendice-sur-limmaterialite-et-limmortalite-de-lame-traduit-de-langlais\/","title":{"rendered":"Beattie \u00c9l\u00e9ments de science morale, comprenant l&#8217;\u00e9thique, l&#8217;\u00e9conomique, la politique, et la th\u00e9ologie naturelle. Avec un appendice sur l&#8217;immat\u00e9rialit\u00e9 et l&#8217;immortalit\u00e9 de l&#8217;\u00e2me. Traduit de l&#8217;anglais. Tome 2"},"content":{"rendered":"<aside class=\"mashsb-container mashsb-main mashsb-stretched\"><div class=\"mashsb-box\"><div class=\"mashsb-buttons\"><a  class=\"mashicon-facebook mash-large mash-center mashsb-noshadow\" href=\"https:\/\/www.facebook.com\/sharer.php?u=https%3A%2F%2Fwww.elibron.com%2Fcatalog%2Fproduct%2Fbeattie-elements-de-science-morale-comprenant-lethique-leconomique-la-politique-et-la-theologie-naturelle-avec-un-appendice-sur-limmaterialite-et-limmortalite-de-lame-traduit-de-langlais%2F\" target=\"_blank\" rel=\"noopener nofollow\"><span class=\"icon\"><\/span><span class=\"text\">Share<\/span><\/a><a  class=\"mashicon-twitter mash-large mash-center mashsb-noshadow\" href=\"https:\/\/twitter.com\/intent\/tweet?text=&url=https:\/\/www.elibron.com\/catalog\/product\/beattie-elements-de-science-morale-comprenant-lethique-leconomique-la-politique-et-la-theologie-naturelle-avec-un-appendice-sur-limmaterialite-et-limmortalite-de-lame-traduit-de-langlais\/&via=ElibronBooks\" target=\"_blank\" rel=\"noopener nofollow\"><span class=\"icon\"><\/span><span class=\"text\">Tweet<\/span><\/a><div class=\"onoffswitch2 mash-large mashsb-noshadow\" style=\"display:none;\"><\/div><\/div>\r\n            <\/div>\r\n                <div style=\"clear:both;\"><\/div><div class=\"mashsb-toggle-container\"><\/div><\/aside>\r\n            <!-- Share buttons by mashshare.net - Version: 3.5.7-->","protected":false},"excerpt":{"rendered":"","protected":false},"featured_media":38169,"comment_status":"closed","ping_status":"open","template":"","meta":{"_acf_changed":false,"jetpack_post_was_ever_published":false,"jetpack_publicize_message":"","jetpack_publicize_feature_enabled":true,"jetpack_social_post_already_shared":false,"jetpack_social_options":{"image_generator_settings":{"template":"highway","enabled":false},"version":2}},"product_brand":[],"product_cat":[2362,6,2361,2381,2365],"product_tag":[85,84,134,91],"class_list":{"0":"post-38168","1":"product","2":"type-product","3":"status-publish","4":"has-post-thumbnail","6":"product_cat-17th-and-18th-century","7":"product_cat-books","8":"product_cat-philosophy-books","9":"product_cat-religions-spirituality-books","10":"product_cat-sciences-books","11":"product_tag-17th-and-18th-century","12":"product_tag-philosophy","13":"product_tag-religions-spirituality","14":"product_tag-sciences","16":"first","17":"instock","18":"purchasable","19":"product-type-simple"},"jetpack_publicize_connections":[],"acf":[],"jetpack_sharing_enabled":true,"_links":{"self":[{"href":"https:\/\/www.elibron.com\/catalog\/wp-json\/wp\/v2\/product\/38168","targetHints":{"allow":["GET"]}}],"collection":[{"href":"https:\/\/www.elibron.com\/catalog\/wp-json\/wp\/v2\/product"}],"about":[{"href":"https:\/\/www.elibron.com\/catalog\/wp-json\/wp\/v2\/types\/product"}],"replies":[{"embeddable":true,"href":"https:\/\/www.elibron.com\/catalog\/wp-json\/wp\/v2\/comments?post=38168"}],"wp:featuredmedia":[{"embeddable":true,"href":"https:\/\/www.elibron.com\/catalog\/wp-json\/wp\/v2\/media\/38169"}],"wp:attachment":[{"href":"https:\/\/www.elibron.com\/catalog\/wp-json\/wp\/v2\/media?parent=38168"}],"wp:term":[{"taxonomy":"product_brand","embeddable":true,"href":"https:\/\/www.elibron.com\/catalog\/wp-json\/wp\/v2\/product_brand?post=38168"},{"taxonomy":"product_cat","embeddable":true,"href":"https:\/\/www.elibron.com\/catalog\/wp-json\/wp\/v2\/product_cat?post=38168"},{"taxonomy":"product_tag","embeddable":true,"href":"https:\/\/www.elibron.com\/catalog\/wp-json\/wp\/v2\/product_tag?post=38168"}],"curies":[{"name":"wp","href":"https:\/\/api.w.org\/{rel}","templated":true}]}}