{"id":37898,"date":"2017-04-03T22:13:59","date_gmt":"2017-04-03T22:13:59","guid":{"rendered":"https:\/\/www.elibron.com\/catalog\/product\/encyclopedie-economique-ou-systeme-general-deconomie-rustique-deconomie-domestique-deconomie-politique-tome-15-teigne-venue\/"},"modified":"2017-04-06T08:01:17","modified_gmt":"2017-04-06T08:01:17","slug":"encyclopedie-economique-ou-systeme-general-deconomie-rustique-deconomie-domestique-deconomie-politique-tome-15-teigne-venue","status":"publish","type":"product","link":"https:\/\/www.elibron.com\/catalog\/product\/encyclopedie-economique-ou-systeme-general-deconomie-rustique-deconomie-domestique-deconomie-politique-tome-15-teigne-venue\/","title":{"rendered":"Encyclop\u00e9die \u00e9conomique, ou Syst\u00e8me g\u00e9n\u00e9ral d&#8217;\u00e9conomie rustique, d&#8217;\u00e9conomie domestique, d&#8217;\u00e9conomie politique. Tome 15: Teigne &#8211; Venue"},"content":{"rendered":"<aside class=\"mashsb-container mashsb-main mashsb-stretched\"><div class=\"mashsb-box\"><div class=\"mashsb-buttons\"><a  class=\"mashicon-facebook mash-large mash-center mashsb-noshadow\" href=\"https:\/\/www.facebook.com\/sharer.php?u=https%3A%2F%2Fwww.elibron.com%2Fcatalog%2Fproduct%2Fencyclopedie-economique-ou-systeme-general-deconomie-rustique-deconomie-domestique-deconomie-politique-tome-15-teigne-venue%2F\" target=\"_blank\" rel=\"noopener nofollow\"><span class=\"icon\"><\/span><span class=\"text\">Share<\/span><\/a><a  class=\"mashicon-twitter mash-large mash-center mashsb-noshadow\" href=\"https:\/\/twitter.com\/intent\/tweet?text=&url=https:\/\/www.elibron.com\/catalog\/product\/encyclopedie-economique-ou-systeme-general-deconomie-rustique-deconomie-domestique-deconomie-politique-tome-15-teigne-venue\/&via=ElibronBooks\" target=\"_blank\" rel=\"noopener nofollow\"><span class=\"icon\"><\/span><span class=\"text\">Tweet<\/span><\/a><div class=\"onoffswitch2 mash-large mashsb-noshadow\" style=\"display:none;\"><\/div><\/div>\r\n            <\/div>\r\n                <div style=\"clear:both;\"><\/div><div class=\"mashsb-toggle-container\"><\/div><\/aside>\r\n            <!-- Share buttons by mashshare.net - Version: 3.5.7-->","protected":false},"excerpt":{"rendered":"","protected":false},"featured_media":37899,"comment_status":"closed","ping_status":"open","template":"","meta":{"_acf_changed":false,"jetpack_post_was_ever_published":false,"jetpack_publicize_message":"","jetpack_publicize_feature_enabled":true,"jetpack_social_post_already_shared":false,"jetpack_social_options":{"image_generator_settings":{"template":"highway","enabled":false},"version":2}},"product_brand":[],"product_cat":[2535,2384,6,2413,2414,2394,2365],"product_tag":[955,143,221,225,224,91],"class_list":{"0":"post-37898","1":"product","2":"type-product","3":"status-publish","4":"has-post-thumbnail","6":"product_cat-agricultural-science","7":"product_cat-biological-sciences-books","8":"product_cat-books","9":"product_cat-dictionaries-thesauri-books","10":"product_cat-encyclopedias-books","11":"product_cat-reference-books","12":"product_cat-sciences-books","13":"product_tag-agricultural-science","14":"product_tag-biological-sciences","15":"product_tag-dictionaries-thesauri","16":"product_tag-encyclopedias","17":"product_tag-reference","18":"product_tag-sciences","20":"first","21":"instock","22":"purchasable","23":"product-type-simple"},"jetpack_publicize_connections":[],"acf":[],"jetpack_sharing_enabled":true,"_links":{"self":[{"href":"https:\/\/www.elibron.com\/catalog\/wp-json\/wp\/v2\/product\/37898","targetHints":{"allow":["GET"]}}],"collection":[{"href":"https:\/\/www.elibron.com\/catalog\/wp-json\/wp\/v2\/product"}],"about":[{"href":"https:\/\/www.elibron.com\/catalog\/wp-json\/wp\/v2\/types\/product"}],"replies":[{"embeddable":true,"href":"https:\/\/www.elibron.com\/catalog\/wp-json\/wp\/v2\/comments?post=37898"}],"wp:featuredmedia":[{"embeddable":true,"href":"https:\/\/www.elibron.com\/catalog\/wp-json\/wp\/v2\/media\/37899"}],"wp:attachment":[{"href":"https:\/\/www.elibron.com\/catalog\/wp-json\/wp\/v2\/media?parent=37898"}],"wp:term":[{"taxonomy":"product_brand","embeddable":true,"href":"https:\/\/www.elibron.com\/catalog\/wp-json\/wp\/v2\/product_brand?post=37898"},{"taxonomy":"product_cat","embeddable":true,"href":"https:\/\/www.elibron.com\/catalog\/wp-json\/wp\/v2\/product_cat?post=37898"},{"taxonomy":"product_tag","embeddable":true,"href":"https:\/\/www.elibron.com\/catalog\/wp-json\/wp\/v2\/product_tag?post=37898"}],"curies":[{"name":"wp","href":"https:\/\/api.w.org\/{rel}","templated":true}]}}