{"id":37748,"date":"2017-04-03T22:09:57","date_gmt":"2017-04-03T22:09:57","guid":{"rendered":"https:\/\/www.elibron.com\/catalog\/product\/verthaedigung-der-christlichen-religion-wider-die-vornehmsten-einwurfe-der-heutigen-unglaubigen-aus-dem-englischen-ins-teutsche-ubersetzt-und-mit-anmerkungen-und-registern-auch-dem-leben-des-verfass\/"},"modified":"2017-04-06T07:59:56","modified_gmt":"2017-04-06T07:59:56","slug":"verthaedigung-der-christlichen-religion-wider-die-vornehmsten-einwurfe-der-heutigen-unglaubigen-aus-dem-englischen-ins-teutsche-ubersetzt-und-mit-anmerkungen-und-registern-auch-dem-leben-des-verfass","status":"publish","type":"product","link":"https:\/\/www.elibron.com\/catalog\/product\/verthaedigung-der-christlichen-religion-wider-die-vornehmsten-einwurfe-der-heutigen-unglaubigen-aus-dem-englischen-ins-teutsche-ubersetzt-und-mit-anmerkungen-und-registern-auch-dem-leben-des-verfass\/","title":{"rendered":"Verthaedigung der Christlichen Religion wider die vornehmsten Einw\u00fcrfe der heutigen Ungl\u00e4ubigen. Aus dem Englischen ins Teutsche \u00fcbersetzt und mit Anmerkungen und Registern, auch dem Leben des Verfassers versehen von Heinrich Christian Lemker. Theil 1"},"content":{"rendered":"<aside class=\"mashsb-container mashsb-main mashsb-stretched\"><div class=\"mashsb-box\"><div class=\"mashsb-buttons\"><a  class=\"mashicon-facebook mash-large mash-center mashsb-noshadow\" href=\"https:\/\/www.facebook.com\/sharer.php?u=https%3A%2F%2Fwww.elibron.com%2Fcatalog%2Fproduct%2Fverthaedigung-der-christlichen-religion-wider-die-vornehmsten-einwurfe-der-heutigen-unglaubigen-aus-dem-englischen-ins-teutsche-ubersetzt-und-mit-anmerkungen-und-registern-auch-dem-leben-des-verfass%2F\" target=\"_blank\" rel=\"noopener nofollow\"><span class=\"icon\"><\/span><span class=\"text\">Share<\/span><\/a><a  class=\"mashicon-twitter mash-large mash-center mashsb-noshadow\" href=\"https:\/\/twitter.com\/intent\/tweet?text=&url=https:\/\/www.elibron.com\/catalog\/product\/verthaedigung-der-christlichen-religion-wider-die-vornehmsten-einwurfe-der-heutigen-unglaubigen-aus-dem-englischen-ins-teutsche-ubersetzt-und-mit-anmerkungen-und-registern-auch-dem-leben-des-verfass\/&via=ElibronBooks\" target=\"_blank\" rel=\"noopener nofollow\"><span class=\"icon\"><\/span><span class=\"text\">Tweet<\/span><\/a><div class=\"onoffswitch2 mash-large mashsb-noshadow\" style=\"display:none;\"><\/div><\/div>\r\n            <\/div>\r\n                <div style=\"clear:both;\"><\/div><div class=\"mashsb-toggle-container\"><\/div><\/aside>\r\n            <!-- Share buttons by mashshare.net - Version: 3.5.7-->","protected":false},"excerpt":{"rendered":"","protected":false},"featured_media":37749,"comment_status":"closed","ping_status":"open","template":"","meta":{"_acf_changed":false,"jetpack_post_was_ever_published":false,"jetpack_publicize_message":"","jetpack_publicize_feature_enabled":true,"jetpack_social_post_already_shared":false,"jetpack_social_options":{"image_generator_settings":{"template":"highway","enabled":false},"version":2}},"product_brand":[],"product_cat":[6,2382,2381],"product_tag":[135,134],"class_list":{"0":"post-37748","1":"product","2":"type-product","3":"status-publish","4":"has-post-thumbnail","6":"product_cat-books","7":"product_cat-christianity-books","8":"product_cat-religions-spirituality-books","9":"product_tag-christianity","10":"product_tag-religions-spirituality","12":"first","13":"instock","14":"purchasable","15":"product-type-simple"},"jetpack_publicize_connections":[],"acf":[],"jetpack_sharing_enabled":true,"_links":{"self":[{"href":"https:\/\/www.elibron.com\/catalog\/wp-json\/wp\/v2\/product\/37748","targetHints":{"allow":["GET"]}}],"collection":[{"href":"https:\/\/www.elibron.com\/catalog\/wp-json\/wp\/v2\/product"}],"about":[{"href":"https:\/\/www.elibron.com\/catalog\/wp-json\/wp\/v2\/types\/product"}],"replies":[{"embeddable":true,"href":"https:\/\/www.elibron.com\/catalog\/wp-json\/wp\/v2\/comments?post=37748"}],"wp:featuredmedia":[{"embeddable":true,"href":"https:\/\/www.elibron.com\/catalog\/wp-json\/wp\/v2\/media\/37749"}],"wp:attachment":[{"href":"https:\/\/www.elibron.com\/catalog\/wp-json\/wp\/v2\/media?parent=37748"}],"wp:term":[{"taxonomy":"product_brand","embeddable":true,"href":"https:\/\/www.elibron.com\/catalog\/wp-json\/wp\/v2\/product_brand?post=37748"},{"taxonomy":"product_cat","embeddable":true,"href":"https:\/\/www.elibron.com\/catalog\/wp-json\/wp\/v2\/product_cat?post=37748"},{"taxonomy":"product_tag","embeddable":true,"href":"https:\/\/www.elibron.com\/catalog\/wp-json\/wp\/v2\/product_tag?post=37748"}],"curies":[{"name":"wp","href":"https:\/\/api.w.org\/{rel}","templated":true}]}}