{"id":37652,"date":"2017-04-03T22:07:23","date_gmt":"2017-04-03T22:07:23","guid":{"rendered":"https:\/\/www.elibron.com\/catalog\/product\/supplement-aux-%c2%8cuvres-philosophiques-de-francois-hemsterhuis-contenant-plusieurs-pieces-inedites-notes-et-une-etude-sur-lauteur-et-sa-philosophie-par-l-s-p-meyboom-le-troisieme-volume-de\/"},"modified":"2017-04-06T07:59:02","modified_gmt":"2017-04-06T07:59:02","slug":"supplement-aux-%c2%8cuvres-philosophiques-de-francois-hemsterhuis-contenant-plusieurs-pieces-inedites-notes-et-une-etude-sur-lauteur-et-sa-philosophie-par-l-s-p-meyboom-le-troisieme-volume-de","status":"publish","type":"product","link":"https:\/\/www.elibron.com\/catalog\/product\/supplement-aux-%c2%8cuvres-philosophiques-de-francois-hemsterhuis-contenant-plusieurs-pieces-inedites-notes-et-une-etude-sur-lauteur-et-sa-philosophie-par-l-s-p-meyboom-le-troisieme-volume-de\/","title":{"rendered":"Suppl\u00e9ment aux Oeuvres philosophiques de Fran\u00e7ois Hemsterhuis. Contenant plusieurs pi\u00e8ces in\u00e9dites, notes et une \u00e9tude sur l&#8217;auteur et sa philosophie, par L. S. P. Meyboom. [Le troisi\u00e8me volume des Oeuvres philosophiques de Fran\u00e7ois Hemsterhuis]"},"content":{"rendered":"<aside class=\"mashsb-container mashsb-main mashsb-stretched\"><div class=\"mashsb-box\"><div class=\"mashsb-buttons\"><a  class=\"mashicon-facebook mash-large mash-center mashsb-noshadow\" href=\"https:\/\/www.facebook.com\/sharer.php?u=https%3A%2F%2Fwww.elibron.com%2Fcatalog%2Fproduct%2Fsupplement-aux-%25c2%258cuvres-philosophiques-de-francois-hemsterhuis-contenant-plusieurs-pieces-inedites-notes-et-une-etude-sur-lauteur-et-sa-philosophie-par-l-s-p-meyboom-le-troisieme-volume-de%2F\" target=\"_blank\" rel=\"noopener nofollow\"><span class=\"icon\"><\/span><span class=\"text\">Share<\/span><\/a><a  class=\"mashicon-twitter mash-large mash-center mashsb-noshadow\" href=\"https:\/\/twitter.com\/intent\/tweet?text=&url=https:\/\/www.elibron.com\/catalog\/product\/supplement-aux-%c2%8cuvres-philosophiques-de-francois-hemsterhuis-contenant-plusieurs-pieces-inedites-notes-et-une-etude-sur-lauteur-et-sa-philosophie-par-l-s-p-meyboom-le-troisieme-volume-de\/&via=ElibronBooks\" target=\"_blank\" rel=\"noopener nofollow\"><span class=\"icon\"><\/span><span class=\"text\">Tweet<\/span><\/a><div class=\"onoffswitch2 mash-large mashsb-noshadow\" style=\"display:none;\"><\/div><\/div>\r\n            <\/div>\r\n                <div style=\"clear:both;\"><\/div><div class=\"mashsb-toggle-container\"><\/div><\/aside>\r\n            <!-- Share buttons by mashshare.net - Version: 3.5.7-->","protected":false},"excerpt":{"rendered":"","protected":false},"featured_media":37653,"comment_status":"closed","ping_status":"open","template":"","meta":{"_acf_changed":false,"jetpack_post_was_ever_published":false,"jetpack_publicize_message":"","jetpack_publicize_feature_enabled":true,"jetpack_social_post_already_shared":false,"jetpack_social_options":{"image_generator_settings":{"template":"highway","enabled":false},"version":2}},"product_brand":[],"product_cat":[2362,6,2361],"product_tag":[85,84],"class_list":{"0":"post-37652","1":"product","2":"type-product","3":"status-publish","4":"has-post-thumbnail","6":"product_cat-17th-and-18th-century","7":"product_cat-books","8":"product_cat-philosophy-books","9":"product_tag-17th-and-18th-century","10":"product_tag-philosophy","12":"first","13":"instock","14":"purchasable","15":"product-type-simple"},"jetpack_publicize_connections":[],"acf":[],"jetpack_sharing_enabled":true,"_links":{"self":[{"href":"https:\/\/www.elibron.com\/catalog\/wp-json\/wp\/v2\/product\/37652","targetHints":{"allow":["GET"]}}],"collection":[{"href":"https:\/\/www.elibron.com\/catalog\/wp-json\/wp\/v2\/product"}],"about":[{"href":"https:\/\/www.elibron.com\/catalog\/wp-json\/wp\/v2\/types\/product"}],"replies":[{"embeddable":true,"href":"https:\/\/www.elibron.com\/catalog\/wp-json\/wp\/v2\/comments?post=37652"}],"wp:featuredmedia":[{"embeddable":true,"href":"https:\/\/www.elibron.com\/catalog\/wp-json\/wp\/v2\/media\/37653"}],"wp:attachment":[{"href":"https:\/\/www.elibron.com\/catalog\/wp-json\/wp\/v2\/media?parent=37652"}],"wp:term":[{"taxonomy":"product_brand","embeddable":true,"href":"https:\/\/www.elibron.com\/catalog\/wp-json\/wp\/v2\/product_brand?post=37652"},{"taxonomy":"product_cat","embeddable":true,"href":"https:\/\/www.elibron.com\/catalog\/wp-json\/wp\/v2\/product_cat?post=37652"},{"taxonomy":"product_tag","embeddable":true,"href":"https:\/\/www.elibron.com\/catalog\/wp-json\/wp\/v2\/product_tag?post=37652"}],"curies":[{"name":"wp","href":"https:\/\/api.w.org\/{rel}","templated":true}]}}