{"id":37624,"date":"2017-04-03T22:06:35","date_gmt":"2017-04-03T22:06:35","guid":{"rendered":"https:\/\/www.elibron.com\/catalog\/product\/statistique-generale-methodique-et-complete-de-la-france-comparee-aux-autres-grandes-puissances-de-leurope-tome-2-interets-sociaux\/"},"modified":"2017-04-06T07:58:46","modified_gmt":"2017-04-06T07:58:46","slug":"statistique-generale-methodique-et-complete-de-la-france-comparee-aux-autres-grandes-puissances-de-leurope-tome-2-interets-sociaux","status":"publish","type":"product","link":"https:\/\/www.elibron.com\/catalog\/product\/statistique-generale-methodique-et-complete-de-la-france-comparee-aux-autres-grandes-puissances-de-leurope-tome-2-interets-sociaux\/","title":{"rendered":"Statistique g\u00e9n\u00e9rale, m\u00e9thodique et compl\u00e8te de la France, compar\u00e9e aux autres grandes puissances de l&#8217;Europe. Tome 2. Int\u00e9r\u00eats sociaux"},"content":{"rendered":"<aside class=\"mashsb-container mashsb-main mashsb-stretched\"><div class=\"mashsb-box\"><div class=\"mashsb-buttons\"><a  class=\"mashicon-facebook mash-large mash-center mashsb-noshadow\" href=\"https:\/\/www.facebook.com\/sharer.php?u=https%3A%2F%2Fwww.elibron.com%2Fcatalog%2Fproduct%2Fstatistique-generale-methodique-et-complete-de-la-france-comparee-aux-autres-grandes-puissances-de-leurope-tome-2-interets-sociaux%2F\" target=\"_blank\" rel=\"noopener nofollow\"><span class=\"icon\"><\/span><span class=\"text\">Share<\/span><\/a><a  class=\"mashicon-twitter mash-large mash-center mashsb-noshadow\" href=\"https:\/\/twitter.com\/intent\/tweet?text=&url=https:\/\/www.elibron.com\/catalog\/product\/statistique-generale-methodique-et-complete-de-la-france-comparee-aux-autres-grandes-puissances-de-leurope-tome-2-interets-sociaux\/&via=ElibronBooks\" target=\"_blank\" rel=\"noopener nofollow\"><span class=\"icon\"><\/span><span class=\"text\">Tweet<\/span><\/a><div class=\"onoffswitch2 mash-large mashsb-noshadow\" style=\"display:none;\"><\/div><\/div>\r\n            <\/div>\r\n                <div style=\"clear:both;\"><\/div><div class=\"mashsb-toggle-container\"><\/div><\/aside>\r\n            <!-- Share buttons by mashshare.net - Version: 3.5.7-->","protected":false},"excerpt":{"rendered":"","protected":false},"featured_media":37625,"comment_status":"closed","ping_status":"open","template":"","meta":{"_acf_changed":false,"jetpack_post_was_ever_published":false,"jetpack_publicize_message":"","jetpack_publicize_feature_enabled":true,"jetpack_social_post_already_shared":false,"jetpack_social_options":{"image_generator_settings":{"template":"highway","enabled":false},"version":2}},"product_brand":[],"product_cat":[6,2388,2438,2365,2366,2371],"product_tag":[157,299,91,94,107],"class_list":{"0":"post-37624","1":"product","2":"type-product","3":"status-publish","4":"has-post-thumbnail","6":"product_cat-books","7":"product_cat-economy-economics-books","8":"product_cat-mathematics-statistics-books","9":"product_cat-sciences-books","10":"product_cat-society-social-sciences-books","11":"product_cat-sociology-books","12":"product_tag-economy-economics","13":"product_tag-mathematics-statistics","14":"product_tag-sciences","15":"product_tag-society-social-sciences","16":"product_tag-sociology","18":"first","19":"instock","20":"purchasable","21":"product-type-simple"},"jetpack_publicize_connections":[],"acf":[],"jetpack_sharing_enabled":true,"_links":{"self":[{"href":"https:\/\/www.elibron.com\/catalog\/wp-json\/wp\/v2\/product\/37624","targetHints":{"allow":["GET"]}}],"collection":[{"href":"https:\/\/www.elibron.com\/catalog\/wp-json\/wp\/v2\/product"}],"about":[{"href":"https:\/\/www.elibron.com\/catalog\/wp-json\/wp\/v2\/types\/product"}],"replies":[{"embeddable":true,"href":"https:\/\/www.elibron.com\/catalog\/wp-json\/wp\/v2\/comments?post=37624"}],"wp:featuredmedia":[{"embeddable":true,"href":"https:\/\/www.elibron.com\/catalog\/wp-json\/wp\/v2\/media\/37625"}],"wp:attachment":[{"href":"https:\/\/www.elibron.com\/catalog\/wp-json\/wp\/v2\/media?parent=37624"}],"wp:term":[{"taxonomy":"product_brand","embeddable":true,"href":"https:\/\/www.elibron.com\/catalog\/wp-json\/wp\/v2\/product_brand?post=37624"},{"taxonomy":"product_cat","embeddable":true,"href":"https:\/\/www.elibron.com\/catalog\/wp-json\/wp\/v2\/product_cat?post=37624"},{"taxonomy":"product_tag","embeddable":true,"href":"https:\/\/www.elibron.com\/catalog\/wp-json\/wp\/v2\/product_tag?post=37624"}],"curies":[{"name":"wp","href":"https:\/\/api.w.org\/{rel}","templated":true}]}}