{"id":37570,"date":"2017-04-03T22:05:09","date_gmt":"2017-04-03T22:05:09","guid":{"rendered":"https:\/\/www.elibron.com\/catalog\/product\/bibliotheque-raisonnee-des-ouvrages-des-savants-de-leurope-tome-48-partie-1-pour-les-mois-de-janvier-fevrier-et-mars-1752-partie-2-pour-les-mois-davril-mai-et-juin-1752\/"},"modified":"2017-04-06T07:58:14","modified_gmt":"2017-04-06T07:58:14","slug":"bibliotheque-raisonnee-des-ouvrages-des-savants-de-leurope-tome-48-partie-1-pour-les-mois-de-janvier-fevrier-et-mars-1752-partie-2-pour-les-mois-davril-mai-et-juin-1752","status":"publish","type":"product","link":"https:\/\/www.elibron.com\/catalog\/product\/bibliotheque-raisonnee-des-ouvrages-des-savants-de-leurope-tome-48-partie-1-pour-les-mois-de-janvier-fevrier-et-mars-1752-partie-2-pour-les-mois-davril-mai-et-juin-1752\/","title":{"rendered":"Biblioth\u00e8que raisonn\u00e9e des ouvrages des savants de l&#8217;Europe. Tome 48. Partie 1: Pour les mois de janvier, f\u00e9vrier et mars 1752; Partie 2: Pour les mois d&#8217;avril, mai et juin 1752"},"content":{"rendered":"<aside class=\"mashsb-container mashsb-main mashsb-stretched\"><div class=\"mashsb-box\"><div class=\"mashsb-buttons\"><a  class=\"mashicon-facebook mash-large mash-center mashsb-noshadow\" href=\"https:\/\/www.facebook.com\/sharer.php?u=https%3A%2F%2Fwww.elibron.com%2Fcatalog%2Fproduct%2Fbibliotheque-raisonnee-des-ouvrages-des-savants-de-leurope-tome-48-partie-1-pour-les-mois-de-janvier-fevrier-et-mars-1752-partie-2-pour-les-mois-davril-mai-et-juin-1752%2F\" target=\"_blank\" rel=\"noopener nofollow\"><span class=\"icon\"><\/span><span class=\"text\">Share<\/span><\/a><a  class=\"mashicon-twitter mash-large mash-center mashsb-noshadow\" href=\"https:\/\/twitter.com\/intent\/tweet?text=&url=https:\/\/www.elibron.com\/catalog\/product\/bibliotheque-raisonnee-des-ouvrages-des-savants-de-leurope-tome-48-partie-1-pour-les-mois-de-janvier-fevrier-et-mars-1752-partie-2-pour-les-mois-davril-mai-et-juin-1752\/&via=ElibronBooks\" target=\"_blank\" rel=\"noopener nofollow\"><span class=\"icon\"><\/span><span class=\"text\">Tweet<\/span><\/a><div class=\"onoffswitch2 mash-large mashsb-noshadow\" style=\"display:none;\"><\/div><\/div>\r\n            <\/div>\r\n                <div style=\"clear:both;\"><\/div><div class=\"mashsb-toggle-container\"><\/div><\/aside>\r\n            <!-- Share buttons by mashshare.net - Version: 3.5.7-->","protected":false},"excerpt":{"rendered":"","protected":false},"featured_media":37571,"comment_status":"closed","ping_status":"open","template":"","meta":{"_acf_changed":false,"jetpack_post_was_ever_published":false,"jetpack_publicize_message":"","jetpack_publicize_feature_enabled":true,"jetpack_social_post_already_shared":false,"jetpack_social_options":{"image_generator_settings":{"template":"highway","enabled":false},"version":2}},"product_brand":[],"product_cat":[2395,2524,6,2355,2361,2394],"product_tag":[175,817,74,84,224],"class_list":{"0":"post-37570","1":"product","2":"type-product","3":"status-publish","4":"has-post-thumbnail","6":"product_cat-almanacs-annuals","7":"product_cat-bibliographies-indexes-books","8":"product_cat-books","9":"product_cat-history-books","10":"product_cat-philosophy-books","11":"product_cat-reference-books","12":"product_tag-almanacs-annuals","13":"product_tag-bibliographies-indexes","14":"product_tag-history","15":"product_tag-philosophy","16":"product_tag-reference","18":"first","19":"instock","20":"purchasable","21":"product-type-simple"},"jetpack_publicize_connections":[],"acf":[],"jetpack_sharing_enabled":true,"_links":{"self":[{"href":"https:\/\/www.elibron.com\/catalog\/wp-json\/wp\/v2\/product\/37570","targetHints":{"allow":["GET"]}}],"collection":[{"href":"https:\/\/www.elibron.com\/catalog\/wp-json\/wp\/v2\/product"}],"about":[{"href":"https:\/\/www.elibron.com\/catalog\/wp-json\/wp\/v2\/types\/product"}],"replies":[{"embeddable":true,"href":"https:\/\/www.elibron.com\/catalog\/wp-json\/wp\/v2\/comments?post=37570"}],"wp:featuredmedia":[{"embeddable":true,"href":"https:\/\/www.elibron.com\/catalog\/wp-json\/wp\/v2\/media\/37571"}],"wp:attachment":[{"href":"https:\/\/www.elibron.com\/catalog\/wp-json\/wp\/v2\/media?parent=37570"}],"wp:term":[{"taxonomy":"product_brand","embeddable":true,"href":"https:\/\/www.elibron.com\/catalog\/wp-json\/wp\/v2\/product_brand?post=37570"},{"taxonomy":"product_cat","embeddable":true,"href":"https:\/\/www.elibron.com\/catalog\/wp-json\/wp\/v2\/product_cat?post=37570"},{"taxonomy":"product_tag","embeddable":true,"href":"https:\/\/www.elibron.com\/catalog\/wp-json\/wp\/v2\/product_tag?post=37570"}],"curies":[{"name":"wp","href":"https:\/\/api.w.org\/{rel}","templated":true}]}}