{"id":37538,"date":"2017-04-03T22:04:20","date_gmt":"2017-04-03T22:04:20","guid":{"rendered":"https:\/\/www.elibron.com\/catalog\/product\/bibliotheque-raisonnee-des-ouvrages-des-savants-de-leurope-tome-30-partie-1-pour-les-mois-de-janvier-fevrier-et-mars-1743-partie-2-pour-les-mois-davril-mai-et-juin-1743\/"},"modified":"2017-04-06T07:57:56","modified_gmt":"2017-04-06T07:57:56","slug":"bibliotheque-raisonnee-des-ouvrages-des-savants-de-leurope-tome-30-partie-1-pour-les-mois-de-janvier-fevrier-et-mars-1743-partie-2-pour-les-mois-davril-mai-et-juin-1743","status":"publish","type":"product","link":"https:\/\/www.elibron.com\/catalog\/product\/bibliotheque-raisonnee-des-ouvrages-des-savants-de-leurope-tome-30-partie-1-pour-les-mois-de-janvier-fevrier-et-mars-1743-partie-2-pour-les-mois-davril-mai-et-juin-1743\/","title":{"rendered":"Biblioth\u00e8que raisonn\u00e9e des ouvrages des savants de l&#8217;Europe. Tome 30. Partie 1: Pour les mois de janvier, f\u00e9vrier et mars 1743; Partie 2: Pour les mois d&#8217;avril, mai et juin 1743"},"content":{"rendered":"<aside class=\"mashsb-container mashsb-main mashsb-stretched\"><div class=\"mashsb-box\"><div class=\"mashsb-buttons\"><a  class=\"mashicon-facebook mash-large mash-center mashsb-noshadow\" href=\"https:\/\/www.facebook.com\/sharer.php?u=https%3A%2F%2Fwww.elibron.com%2Fcatalog%2Fproduct%2Fbibliotheque-raisonnee-des-ouvrages-des-savants-de-leurope-tome-30-partie-1-pour-les-mois-de-janvier-fevrier-et-mars-1743-partie-2-pour-les-mois-davril-mai-et-juin-1743%2F\" target=\"_blank\" rel=\"noopener nofollow\"><span class=\"icon\"><\/span><span class=\"text\">Share<\/span><\/a><a  class=\"mashicon-twitter mash-large mash-center mashsb-noshadow\" href=\"https:\/\/twitter.com\/intent\/tweet?text=&url=https:\/\/www.elibron.com\/catalog\/product\/bibliotheque-raisonnee-des-ouvrages-des-savants-de-leurope-tome-30-partie-1-pour-les-mois-de-janvier-fevrier-et-mars-1743-partie-2-pour-les-mois-davril-mai-et-juin-1743\/&via=ElibronBooks\" target=\"_blank\" rel=\"noopener nofollow\"><span class=\"icon\"><\/span><span class=\"text\">Tweet<\/span><\/a><div class=\"onoffswitch2 mash-large mashsb-noshadow\" style=\"display:none;\"><\/div><\/div>\r\n            <\/div>\r\n                <div style=\"clear:both;\"><\/div><div class=\"mashsb-toggle-container\"><\/div><\/aside>\r\n            <!-- Share buttons by mashshare.net - Version: 3.5.7-->","protected":false},"excerpt":{"rendered":"","protected":false},"featured_media":37539,"comment_status":"closed","ping_status":"open","template":"","meta":{"_acf_changed":false,"jetpack_post_was_ever_published":false,"jetpack_publicize_message":"","jetpack_publicize_feature_enabled":true,"jetpack_social_post_already_shared":false,"jetpack_social_options":{"image_generator_settings":{"template":"highway","enabled":false},"version":2}},"product_brand":[],"product_cat":[6,2392,2391,2393,2355,2334,2381,2365],"product_tag":[170,169,171,74,10,134,91],"class_list":{"0":"post-37538","1":"product","2":"type-product","3":"status-publish","4":"has-post-thumbnail","6":"product_cat-books","7":"product_cat-geochemistry-books","8":"product_cat-geology-books","9":"product_cat-geophysics-seismology-books","10":"product_cat-history-books","11":"product_cat-poetry-books","12":"product_cat-religions-spirituality-books","13":"product_cat-sciences-books","14":"product_tag-geochemistry","15":"product_tag-geology","16":"product_tag-geophysics-seismology","17":"product_tag-history","18":"product_tag-poetry","19":"product_tag-religions-spirituality","20":"product_tag-sciences","22":"first","23":"instock","24":"purchasable","25":"product-type-simple"},"jetpack_publicize_connections":[],"acf":[],"jetpack_sharing_enabled":true,"_links":{"self":[{"href":"https:\/\/www.elibron.com\/catalog\/wp-json\/wp\/v2\/product\/37538","targetHints":{"allow":["GET"]}}],"collection":[{"href":"https:\/\/www.elibron.com\/catalog\/wp-json\/wp\/v2\/product"}],"about":[{"href":"https:\/\/www.elibron.com\/catalog\/wp-json\/wp\/v2\/types\/product"}],"replies":[{"embeddable":true,"href":"https:\/\/www.elibron.com\/catalog\/wp-json\/wp\/v2\/comments?post=37538"}],"wp:featuredmedia":[{"embeddable":true,"href":"https:\/\/www.elibron.com\/catalog\/wp-json\/wp\/v2\/media\/37539"}],"wp:attachment":[{"href":"https:\/\/www.elibron.com\/catalog\/wp-json\/wp\/v2\/media?parent=37538"}],"wp:term":[{"taxonomy":"product_brand","embeddable":true,"href":"https:\/\/www.elibron.com\/catalog\/wp-json\/wp\/v2\/product_brand?post=37538"},{"taxonomy":"product_cat","embeddable":true,"href":"https:\/\/www.elibron.com\/catalog\/wp-json\/wp\/v2\/product_cat?post=37538"},{"taxonomy":"product_tag","embeddable":true,"href":"https:\/\/www.elibron.com\/catalog\/wp-json\/wp\/v2\/product_tag?post=37538"}],"curies":[{"name":"wp","href":"https:\/\/api.w.org\/{rel}","templated":true}]}}