{"id":37338,"date":"2017-04-03T21:58:44","date_gmt":"2017-04-03T21:58:44","guid":{"rendered":"https:\/\/www.elibron.com\/catalog\/product\/leglise-et-les-philosophes-au-dix-huitieme-siecle\/"},"modified":"2017-04-06T07:56:06","modified_gmt":"2017-04-06T07:56:06","slug":"leglise-et-les-philosophes-au-dix-huitieme-siecle","status":"publish","type":"product","link":"https:\/\/www.elibron.com\/catalog\/product\/leglise-et-les-philosophes-au-dix-huitieme-siecle\/","title":{"rendered":"L&#8217;\u00c9glise et les philosophes au dix-huiti\u00e8me si\u00e8cle"},"content":{"rendered":"<aside class=\"mashsb-container mashsb-main mashsb-stretched\"><div class=\"mashsb-box\"><div class=\"mashsb-buttons\"><a  class=\"mashicon-facebook mash-large mash-center mashsb-noshadow\" href=\"https:\/\/www.facebook.com\/sharer.php?u=https%3A%2F%2Fwww.elibron.com%2Fcatalog%2Fproduct%2Fleglise-et-les-philosophes-au-dix-huitieme-siecle%2F\" target=\"_blank\" rel=\"noopener nofollow\"><span class=\"icon\"><\/span><span class=\"text\">Share<\/span><\/a><a  class=\"mashicon-twitter mash-large mash-center mashsb-noshadow\" href=\"https:\/\/twitter.com\/intent\/tweet?text=&url=https:\/\/www.elibron.com\/catalog\/product\/leglise-et-les-philosophes-au-dix-huitieme-siecle\/&via=ElibronBooks\" target=\"_blank\" rel=\"noopener nofollow\"><span class=\"icon\"><\/span><span class=\"text\">Tweet<\/span><\/a><div class=\"onoffswitch2 mash-large mashsb-noshadow\" style=\"display:none;\"><\/div><\/div>\r\n            <\/div>\r\n                <div style=\"clear:both;\"><\/div><div class=\"mashsb-toggle-container\"><\/div><\/aside>\r\n            <!-- Share buttons by mashshare.net - Version: 3.5.7-->","protected":false},"excerpt":{"rendered":"","protected":false},"featured_media":37339,"comment_status":"closed","ping_status":"open","template":"","meta":{"_acf_changed":false,"jetpack_post_was_ever_published":false,"jetpack_publicize_message":"","jetpack_publicize_feature_enabled":true,"jetpack_social_post_already_shared":false,"jetpack_social_options":{"image_generator_settings":{"template":"highway","enabled":false},"version":2}},"product_brand":[],"product_cat":[2362,6,2382,2356,2355,2361,2381,2366,2421],"product_tag":[85,135,79,74,84,134,94,343],"class_list":{"0":"post-37338","1":"product","2":"type-product","3":"status-publish","4":"has-post-thumbnail","6":"product_cat-17th-and-18th-century","7":"product_cat-books","8":"product_cat-christianity-books","9":"product_cat-europe-books","10":"product_cat-history-books","11":"product_cat-philosophy-books","12":"product_cat-religions-spirituality-books","13":"product_cat-society-social-sciences-books","14":"product_cat-the-study-of-religion-books","15":"product_tag-17th-and-18th-century","16":"product_tag-christianity","17":"product_tag-europe","18":"product_tag-history","19":"product_tag-philosophy","20":"product_tag-religions-spirituality","21":"product_tag-society-social-sciences","22":"product_tag-the-study-of-religion","24":"first","25":"instock","26":"purchasable","27":"product-type-simple"},"jetpack_publicize_connections":[],"acf":[],"jetpack_sharing_enabled":true,"_links":{"self":[{"href":"https:\/\/www.elibron.com\/catalog\/wp-json\/wp\/v2\/product\/37338","targetHints":{"allow":["GET"]}}],"collection":[{"href":"https:\/\/www.elibron.com\/catalog\/wp-json\/wp\/v2\/product"}],"about":[{"href":"https:\/\/www.elibron.com\/catalog\/wp-json\/wp\/v2\/types\/product"}],"replies":[{"embeddable":true,"href":"https:\/\/www.elibron.com\/catalog\/wp-json\/wp\/v2\/comments?post=37338"}],"wp:featuredmedia":[{"embeddable":true,"href":"https:\/\/www.elibron.com\/catalog\/wp-json\/wp\/v2\/media\/37339"}],"wp:attachment":[{"href":"https:\/\/www.elibron.com\/catalog\/wp-json\/wp\/v2\/media?parent=37338"}],"wp:term":[{"taxonomy":"product_brand","embeddable":true,"href":"https:\/\/www.elibron.com\/catalog\/wp-json\/wp\/v2\/product_brand?post=37338"},{"taxonomy":"product_cat","embeddable":true,"href":"https:\/\/www.elibron.com\/catalog\/wp-json\/wp\/v2\/product_cat?post=37338"},{"taxonomy":"product_tag","embeddable":true,"href":"https:\/\/www.elibron.com\/catalog\/wp-json\/wp\/v2\/product_tag?post=37338"}],"curies":[{"name":"wp","href":"https:\/\/api.w.org\/{rel}","templated":true}]}}