{"id":37266,"date":"2017-04-03T21:56:40","date_gmt":"2017-04-03T21:56:40","guid":{"rendered":"https:\/\/www.elibron.com\/catalog\/product\/nouvelle-methode-pour-apprendre-a-lire-a-ecrire-et-a-parler-une-langue-en-six-mois-appliquee-a-litalien\/"},"modified":"2017-04-06T07:55:28","modified_gmt":"2017-04-06T07:55:28","slug":"nouvelle-methode-pour-apprendre-a-lire-a-ecrire-et-a-parler-une-langue-en-six-mois-appliquee-a-litalien","status":"publish","type":"product","link":"https:\/\/www.elibron.com\/catalog\/product\/nouvelle-methode-pour-apprendre-a-lire-a-ecrire-et-a-parler-une-langue-en-six-mois-appliquee-a-litalien\/","title":{"rendered":"Nouvelle m\u00e9thode pour apprendre \u00e0 lire, \u00e0 \u00e9crire et \u00e0 parler une langue en six mois, appliqu\u00e9e \u00e0 l&#8217;italien"},"content":{"rendered":"<aside class=\"mashsb-container mashsb-main mashsb-stretched\"><div class=\"mashsb-box\"><div class=\"mashsb-buttons\"><a  class=\"mashicon-facebook mash-large mash-center mashsb-noshadow\" href=\"https:\/\/www.facebook.com\/sharer.php?u=https%3A%2F%2Fwww.elibron.com%2Fcatalog%2Fproduct%2Fnouvelle-methode-pour-apprendre-a-lire-a-ecrire-et-a-parler-une-langue-en-six-mois-appliquee-a-litalien%2F\" target=\"_blank\" rel=\"noopener nofollow\"><span class=\"icon\"><\/span><span class=\"text\">Share<\/span><\/a><a  class=\"mashicon-twitter mash-large mash-center mashsb-noshadow\" href=\"https:\/\/twitter.com\/intent\/tweet?text=&url=https:\/\/www.elibron.com\/catalog\/product\/nouvelle-methode-pour-apprendre-a-lire-a-ecrire-et-a-parler-une-langue-en-six-mois-appliquee-a-litalien\/&via=ElibronBooks\" target=\"_blank\" rel=\"noopener nofollow\"><span class=\"icon\"><\/span><span class=\"text\">Tweet<\/span><\/a><div class=\"onoffswitch2 mash-large mashsb-noshadow\" style=\"display:none;\"><\/div><\/div>\r\n            <\/div>\r\n                <div style=\"clear:both;\"><\/div><div class=\"mashsb-toggle-container\"><\/div><\/aside>\r\n            <!-- Share buttons by mashshare.net - Version: 3.5.7-->","protected":false},"excerpt":{"rendered":"","protected":false},"featured_media":37267,"comment_status":"closed","ping_status":"open","template":"","meta":{"_acf_changed":false,"jetpack_post_was_ever_published":false,"jetpack_publicize_message":"","jetpack_publicize_feature_enabled":true,"jetpack_social_post_already_shared":false,"jetpack_social_options":{"image_generator_settings":{"template":"highway","enabled":false},"version":2}},"product_brand":[],"product_cat":[6,2376,2377,2412],"product_tag":[125,159,219],"class_list":{"0":"post-37266","1":"product","2":"type-product","3":"status-publish","4":"has-post-thumbnail","6":"product_cat-books","7":"product_cat-language-books","8":"product_cat-language-studies-books","9":"product_cat-textbooks-self-study-books","10":"product_tag-language","11":"product_tag-language-studies","12":"product_tag-textbooks-self-study","14":"first","15":"instock","16":"purchasable","17":"product-type-simple"},"jetpack_publicize_connections":[],"acf":[],"jetpack_sharing_enabled":true,"_links":{"self":[{"href":"https:\/\/www.elibron.com\/catalog\/wp-json\/wp\/v2\/product\/37266","targetHints":{"allow":["GET"]}}],"collection":[{"href":"https:\/\/www.elibron.com\/catalog\/wp-json\/wp\/v2\/product"}],"about":[{"href":"https:\/\/www.elibron.com\/catalog\/wp-json\/wp\/v2\/types\/product"}],"replies":[{"embeddable":true,"href":"https:\/\/www.elibron.com\/catalog\/wp-json\/wp\/v2\/comments?post=37266"}],"wp:featuredmedia":[{"embeddable":true,"href":"https:\/\/www.elibron.com\/catalog\/wp-json\/wp\/v2\/media\/37267"}],"wp:attachment":[{"href":"https:\/\/www.elibron.com\/catalog\/wp-json\/wp\/v2\/media?parent=37266"}],"wp:term":[{"taxonomy":"product_brand","embeddable":true,"href":"https:\/\/www.elibron.com\/catalog\/wp-json\/wp\/v2\/product_brand?post=37266"},{"taxonomy":"product_cat","embeddable":true,"href":"https:\/\/www.elibron.com\/catalog\/wp-json\/wp\/v2\/product_cat?post=37266"},{"taxonomy":"product_tag","embeddable":true,"href":"https:\/\/www.elibron.com\/catalog\/wp-json\/wp\/v2\/product_tag?post=37266"}],"curies":[{"name":"wp","href":"https:\/\/api.w.org\/{rel}","templated":true}]}}