{"id":36928,"date":"2017-04-03T21:47:38","date_gmt":"2017-04-03T21:47:38","guid":{"rendered":"https:\/\/www.elibron.com\/catalog\/product\/itala-und-vulgata-das-sprachidiom-der-urchristlichen-itala-und-der-katholischen-vulgata-unter-berucksichtigung-der-romischen-volkssprache-durch-beispiele-erlautert\/"},"modified":"2017-04-06T07:52:23","modified_gmt":"2017-04-06T07:52:23","slug":"itala-und-vulgata-das-sprachidiom-der-urchristlichen-itala-und-der-katholischen-vulgata-unter-berucksichtigung-der-romischen-volkssprache-durch-beispiele-erlautert","status":"publish","type":"product","link":"https:\/\/www.elibron.com\/catalog\/product\/itala-und-vulgata-das-sprachidiom-der-urchristlichen-itala-und-der-katholischen-vulgata-unter-berucksichtigung-der-romischen-volkssprache-durch-beispiele-erlautert\/","title":{"rendered":"Itala und Vulgata. Das Sprachidiom der urchristlichen Itala und der katholischen Vulgata unter Ber\u00fccksichtigung der r\u00f6mischen Volkssprache. Durch Beispiele erl\u00e4utert"},"content":{"rendered":"<aside class=\"mashsb-container mashsb-main mashsb-stretched\"><div class=\"mashsb-box\"><div class=\"mashsb-buttons\"><a  class=\"mashicon-facebook mash-large mash-center mashsb-noshadow\" href=\"https:\/\/www.facebook.com\/sharer.php?u=https%3A%2F%2Fwww.elibron.com%2Fcatalog%2Fproduct%2Fitala-und-vulgata-das-sprachidiom-der-urchristlichen-itala-und-der-katholischen-vulgata-unter-berucksichtigung-der-romischen-volkssprache-durch-beispiele-erlautert%2F\" target=\"_blank\" rel=\"noopener nofollow\"><span class=\"icon\"><\/span><span class=\"text\">Share<\/span><\/a><a  class=\"mashicon-twitter mash-large mash-center mashsb-noshadow\" href=\"https:\/\/twitter.com\/intent\/tweet?text=&url=https:\/\/www.elibron.com\/catalog\/product\/itala-und-vulgata-das-sprachidiom-der-urchristlichen-itala-und-der-katholischen-vulgata-unter-berucksichtigung-der-romischen-volkssprache-durch-beispiele-erlautert\/&via=ElibronBooks\" target=\"_blank\" rel=\"noopener nofollow\"><span class=\"icon\"><\/span><span class=\"text\">Tweet<\/span><\/a><div class=\"onoffswitch2 mash-large mashsb-noshadow\" style=\"display:none;\"><\/div><\/div>\r\n            <\/div>\r\n                <div style=\"clear:both;\"><\/div><div class=\"mashsb-toggle-container\"><\/div><\/aside>\r\n            <!-- Share buttons by mashshare.net - Version: 3.5.7-->","protected":false},"excerpt":{"rendered":"","protected":false},"featured_media":36929,"comment_status":"closed","ping_status":"open","template":"","meta":{"_acf_changed":false,"jetpack_post_was_ever_published":false,"jetpack_publicize_message":"","jetpack_publicize_feature_enabled":true,"jetpack_social_post_already_shared":false,"jetpack_social_options":{"image_generator_settings":{"template":"highway","enabled":false},"version":2}},"product_brand":[],"product_cat":[6,2376,2377],"product_tag":[125,159],"class_list":{"0":"post-36928","1":"product","2":"type-product","3":"status-publish","4":"has-post-thumbnail","6":"product_cat-books","7":"product_cat-language-books","8":"product_cat-language-studies-books","9":"product_tag-language","10":"product_tag-language-studies","12":"first","13":"instock","14":"purchasable","15":"product-type-simple"},"jetpack_publicize_connections":[],"acf":[],"jetpack_sharing_enabled":true,"_links":{"self":[{"href":"https:\/\/www.elibron.com\/catalog\/wp-json\/wp\/v2\/product\/36928","targetHints":{"allow":["GET"]}}],"collection":[{"href":"https:\/\/www.elibron.com\/catalog\/wp-json\/wp\/v2\/product"}],"about":[{"href":"https:\/\/www.elibron.com\/catalog\/wp-json\/wp\/v2\/types\/product"}],"replies":[{"embeddable":true,"href":"https:\/\/www.elibron.com\/catalog\/wp-json\/wp\/v2\/comments?post=36928"}],"wp:featuredmedia":[{"embeddable":true,"href":"https:\/\/www.elibron.com\/catalog\/wp-json\/wp\/v2\/media\/36929"}],"wp:attachment":[{"href":"https:\/\/www.elibron.com\/catalog\/wp-json\/wp\/v2\/media?parent=36928"}],"wp:term":[{"taxonomy":"product_brand","embeddable":true,"href":"https:\/\/www.elibron.com\/catalog\/wp-json\/wp\/v2\/product_brand?post=36928"},{"taxonomy":"product_cat","embeddable":true,"href":"https:\/\/www.elibron.com\/catalog\/wp-json\/wp\/v2\/product_cat?post=36928"},{"taxonomy":"product_tag","embeddable":true,"href":"https:\/\/www.elibron.com\/catalog\/wp-json\/wp\/v2\/product_tag?post=36928"}],"curies":[{"name":"wp","href":"https:\/\/api.w.org\/{rel}","templated":true}]}}