{"id":36898,"date":"2017-04-03T21:46:52","date_gmt":"2017-04-03T21:46:52","guid":{"rendered":"https:\/\/www.elibron.com\/catalog\/product\/commentaire-sur-lesprit-des-lois-de-montesquieu-suivi-dobservations-inedites-de-condorcet-sur-le-vingt-neuvieme-livre-du-meme-ouvrage\/"},"modified":"2017-04-06T07:52:06","modified_gmt":"2017-04-06T07:52:06","slug":"commentaire-sur-lesprit-des-lois-de-montesquieu-suivi-dobservations-inedites-de-condorcet-sur-le-vingt-neuvieme-livre-du-meme-ouvrage","status":"publish","type":"product","link":"https:\/\/www.elibron.com\/catalog\/product\/commentaire-sur-lesprit-des-lois-de-montesquieu-suivi-dobservations-inedites-de-condorcet-sur-le-vingt-neuvieme-livre-du-meme-ouvrage\/","title":{"rendered":"Commentaire sur &#8220;L&#8217;esprit des Lois&#8221; de Montesquieu. Suivi d&#8217;observations in\u00e9dites de Condorcet, sur le vingt-neuvi\u00e8me livre du m\u00eame ouvrage"},"content":{"rendered":"<aside class=\"mashsb-container mashsb-main mashsb-stretched\"><div class=\"mashsb-box\"><div class=\"mashsb-buttons\"><a  class=\"mashicon-facebook mash-large mash-center mashsb-noshadow\" href=\"https:\/\/www.facebook.com\/sharer.php?u=https%3A%2F%2Fwww.elibron.com%2Fcatalog%2Fproduct%2Fcommentaire-sur-lesprit-des-lois-de-montesquieu-suivi-dobservations-inedites-de-condorcet-sur-le-vingt-neuvieme-livre-du-meme-ouvrage%2F\" target=\"_blank\" rel=\"noopener nofollow\"><span class=\"icon\"><\/span><span class=\"text\">Share<\/span><\/a><a  class=\"mashicon-twitter mash-large mash-center mashsb-noshadow\" href=\"https:\/\/twitter.com\/intent\/tweet?text=&url=https:\/\/www.elibron.com\/catalog\/product\/commentaire-sur-lesprit-des-lois-de-montesquieu-suivi-dobservations-inedites-de-condorcet-sur-le-vingt-neuvieme-livre-du-meme-ouvrage\/&via=ElibronBooks\" target=\"_blank\" rel=\"noopener nofollow\"><span class=\"icon\"><\/span><span class=\"text\">Tweet<\/span><\/a><div class=\"onoffswitch2 mash-large mashsb-noshadow\" style=\"display:none;\"><\/div><\/div>\r\n            <\/div>\r\n                <div style=\"clear:both;\"><\/div><div class=\"mashsb-toggle-container\"><\/div><\/aside>\r\n            <!-- Share buttons by mashshare.net - Version: 3.5.7-->","protected":false},"excerpt":{"rendered":"","protected":false},"featured_media":36899,"comment_status":"closed","ping_status":"open","template":"","meta":{"_acf_changed":false,"jetpack_post_was_ever_published":false,"jetpack_publicize_message":"","jetpack_publicize_feature_enabled":true,"jetpack_social_post_already_shared":false,"jetpack_social_options":{"image_generator_settings":{"template":"highway","enabled":false},"version":2}},"product_brand":[],"product_cat":[2362,6,2340,2361,2366],"product_tag":[85,17,84,94],"class_list":{"0":"post-36898","1":"product","2":"type-product","3":"status-publish","4":"has-post-thumbnail","6":"product_cat-17th-and-18th-century","7":"product_cat-books","8":"product_cat-law-books","9":"product_cat-philosophy-books","10":"product_cat-society-social-sciences-books","11":"product_tag-17th-and-18th-century","12":"product_tag-law","13":"product_tag-philosophy","14":"product_tag-society-social-sciences","16":"first","17":"instock","18":"purchasable","19":"product-type-simple"},"jetpack_publicize_connections":[],"acf":[],"jetpack_sharing_enabled":true,"_links":{"self":[{"href":"https:\/\/www.elibron.com\/catalog\/wp-json\/wp\/v2\/product\/36898","targetHints":{"allow":["GET"]}}],"collection":[{"href":"https:\/\/www.elibron.com\/catalog\/wp-json\/wp\/v2\/product"}],"about":[{"href":"https:\/\/www.elibron.com\/catalog\/wp-json\/wp\/v2\/types\/product"}],"replies":[{"embeddable":true,"href":"https:\/\/www.elibron.com\/catalog\/wp-json\/wp\/v2\/comments?post=36898"}],"wp:featuredmedia":[{"embeddable":true,"href":"https:\/\/www.elibron.com\/catalog\/wp-json\/wp\/v2\/media\/36899"}],"wp:attachment":[{"href":"https:\/\/www.elibron.com\/catalog\/wp-json\/wp\/v2\/media?parent=36898"}],"wp:term":[{"taxonomy":"product_brand","embeddable":true,"href":"https:\/\/www.elibron.com\/catalog\/wp-json\/wp\/v2\/product_brand?post=36898"},{"taxonomy":"product_cat","embeddable":true,"href":"https:\/\/www.elibron.com\/catalog\/wp-json\/wp\/v2\/product_cat?post=36898"},{"taxonomy":"product_tag","embeddable":true,"href":"https:\/\/www.elibron.com\/catalog\/wp-json\/wp\/v2\/product_tag?post=36898"}],"curies":[{"name":"wp","href":"https:\/\/api.w.org\/{rel}","templated":true}]}}