{"id":36756,"date":"2017-04-03T21:43:01","date_gmt":"2017-04-03T21:43:01","guid":{"rendered":"https:\/\/www.elibron.com\/catalog\/product\/lart-de-gagner-sa-vie-daugmenter-ses-revenus-et-de-parvenir-a-la-fortune-ou-des-ressources-que-tout-homme-possede-pour-se-faire-un-etat-a-quelque-age-et-dans-quelque-situation-quil-se-trouve\/"},"modified":"2017-04-06T07:50:52","modified_gmt":"2017-04-06T07:50:52","slug":"lart-de-gagner-sa-vie-daugmenter-ses-revenus-et-de-parvenir-a-la-fortune-ou-des-ressources-que-tout-homme-possede-pour-se-faire-un-etat-a-quelque-age-et-dans-quelque-situation-quil-se-trouve","status":"publish","type":"product","link":"https:\/\/www.elibron.com\/catalog\/product\/lart-de-gagner-sa-vie-daugmenter-ses-revenus-et-de-parvenir-a-la-fortune-ou-des-ressources-que-tout-homme-possede-pour-se-faire-un-etat-a-quelque-age-et-dans-quelque-situation-quil-se-trouve\/","title":{"rendered":"L&#8217;art de gagner sa vie, d&#8217;augmenter ses revenus, et de parvenir \u00e0 la fortune. Ou des ressources que tout homme poss\u00e8de pour se faire un \u00e9tat, \u00e0 quelque \u00e2ge et dans quelque situation qu&#8217;il se trouve"},"content":{"rendered":"<aside class=\"mashsb-container mashsb-main mashsb-stretched\"><div class=\"mashsb-box\"><div class=\"mashsb-buttons\"><a  class=\"mashicon-facebook mash-large mash-center mashsb-noshadow\" href=\"https:\/\/www.facebook.com\/sharer.php?u=https%3A%2F%2Fwww.elibron.com%2Fcatalog%2Fproduct%2Flart-de-gagner-sa-vie-daugmenter-ses-revenus-et-de-parvenir-a-la-fortune-ou-des-ressources-que-tout-homme-possede-pour-se-faire-un-etat-a-quelque-age-et-dans-quelque-situation-quil-se-trouve%2F\" target=\"_blank\" rel=\"noopener nofollow\"><span class=\"icon\"><\/span><span class=\"text\">Share<\/span><\/a><a  class=\"mashicon-twitter mash-large mash-center mashsb-noshadow\" href=\"https:\/\/twitter.com\/intent\/tweet?text=&url=https:\/\/www.elibron.com\/catalog\/product\/lart-de-gagner-sa-vie-daugmenter-ses-revenus-et-de-parvenir-a-la-fortune-ou-des-ressources-que-tout-homme-possede-pour-se-faire-un-etat-a-quelque-age-et-dans-quelque-situation-quil-se-trouve\/&via=ElibronBooks\" target=\"_blank\" rel=\"noopener nofollow\"><span class=\"icon\"><\/span><span class=\"text\">Tweet<\/span><\/a><div class=\"onoffswitch2 mash-large mashsb-noshadow\" style=\"display:none;\"><\/div><\/div>\r\n            <\/div>\r\n                <div style=\"clear:both;\"><\/div><div class=\"mashsb-toggle-container\"><\/div><\/aside>\r\n            <!-- Share buttons by mashshare.net - Version: 3.5.7-->","protected":false},"excerpt":{"rendered":"","protected":false},"featured_media":36757,"comment_status":"closed","ping_status":"open","template":"","meta":{"_acf_changed":false,"jetpack_post_was_ever_published":false,"jetpack_publicize_message":"","jetpack_publicize_feature_enabled":true,"jetpack_social_post_already_shared":false,"jetpack_social_options":{"image_generator_settings":{"template":"highway","enabled":false},"version":2}},"product_brand":[],"product_cat":[6,2448,2615,2388,2366],"product_tag":[360,2213,157,94],"class_list":{"0":"post-36756","1":"product","2":"type-product","3":"status-publish","4":"has-post-thumbnail","6":"product_cat-books","7":"product_cat-business-books","8":"product_cat-careers-books","9":"product_cat-economy-economics-books","10":"product_cat-society-social-sciences-books","11":"product_tag-business","12":"product_tag-careers","13":"product_tag-economy-economics","14":"product_tag-society-social-sciences","16":"first","17":"instock","18":"purchasable","19":"product-type-simple"},"jetpack_publicize_connections":[],"acf":[],"jetpack_sharing_enabled":true,"_links":{"self":[{"href":"https:\/\/www.elibron.com\/catalog\/wp-json\/wp\/v2\/product\/36756","targetHints":{"allow":["GET"]}}],"collection":[{"href":"https:\/\/www.elibron.com\/catalog\/wp-json\/wp\/v2\/product"}],"about":[{"href":"https:\/\/www.elibron.com\/catalog\/wp-json\/wp\/v2\/types\/product"}],"replies":[{"embeddable":true,"href":"https:\/\/www.elibron.com\/catalog\/wp-json\/wp\/v2\/comments?post=36756"}],"wp:featuredmedia":[{"embeddable":true,"href":"https:\/\/www.elibron.com\/catalog\/wp-json\/wp\/v2\/media\/36757"}],"wp:attachment":[{"href":"https:\/\/www.elibron.com\/catalog\/wp-json\/wp\/v2\/media?parent=36756"}],"wp:term":[{"taxonomy":"product_brand","embeddable":true,"href":"https:\/\/www.elibron.com\/catalog\/wp-json\/wp\/v2\/product_brand?post=36756"},{"taxonomy":"product_cat","embeddable":true,"href":"https:\/\/www.elibron.com\/catalog\/wp-json\/wp\/v2\/product_cat?post=36756"},{"taxonomy":"product_tag","embeddable":true,"href":"https:\/\/www.elibron.com\/catalog\/wp-json\/wp\/v2\/product_tag?post=36756"}],"curies":[{"name":"wp","href":"https:\/\/api.w.org\/{rel}","templated":true}]}}