{"id":36124,"date":"2017-04-03T21:26:18","date_gmt":"2017-04-03T21:26:18","guid":{"rendered":"https:\/\/www.elibron.com\/catalog\/product\/les-trahisons-de-marie-louise-episode-complementaire-de-madame-sans-gene-deuxieme-episode-la-belle-polonaise\/"},"modified":"2017-04-06T07:45:01","modified_gmt":"2017-04-06T07:45:01","slug":"les-trahisons-de-marie-louise-episode-complementaire-de-madame-sans-gene-deuxieme-episode-la-belle-polonaise","status":"publish","type":"product","link":"https:\/\/www.elibron.com\/catalog\/product\/les-trahisons-de-marie-louise-episode-complementaire-de-madame-sans-gene-deuxieme-episode-la-belle-polonaise\/","title":{"rendered":"Les trahisons de Marie-Louise. \u00c9pisode compl\u00e9mentaire de &#8220;Madame Sans-G\u00eane&#8221;. Deuxi\u00e8me \u00e9pisode: La belle Polonaise"},"content":{"rendered":"<aside class=\"mashsb-container mashsb-main mashsb-stretched\"><div class=\"mashsb-box\"><div class=\"mashsb-buttons\"><a  class=\"mashicon-facebook mash-large mash-center mashsb-noshadow\" href=\"https:\/\/www.facebook.com\/sharer.php?u=https%3A%2F%2Fwww.elibron.com%2Fcatalog%2Fproduct%2Fles-trahisons-de-marie-louise-episode-complementaire-de-madame-sans-gene-deuxieme-episode-la-belle-polonaise%2F\" target=\"_blank\" rel=\"noopener nofollow\"><span class=\"icon\"><\/span><span class=\"text\">Share<\/span><\/a><a  class=\"mashicon-twitter mash-large mash-center mashsb-noshadow\" href=\"https:\/\/twitter.com\/intent\/tweet?text=&url=https:\/\/www.elibron.com\/catalog\/product\/les-trahisons-de-marie-louise-episode-complementaire-de-madame-sans-gene-deuxieme-episode-la-belle-polonaise\/&via=ElibronBooks\" target=\"_blank\" rel=\"noopener nofollow\"><span class=\"icon\"><\/span><span class=\"text\">Tweet<\/span><\/a><div class=\"onoffswitch2 mash-large mashsb-noshadow\" style=\"display:none;\"><\/div><\/div>\r\n            <\/div>\r\n                <div style=\"clear:both;\"><\/div><div class=\"mashsb-toggle-container\"><\/div><\/aside>\r\n            <!-- Share buttons by mashshare.net - Version: 3.5.7-->","protected":false},"excerpt":{"rendered":"","protected":false},"featured_media":36125,"comment_status":"closed","ping_status":"open","template":"","meta":{"_acf_changed":false,"jetpack_post_was_ever_published":false,"jetpack_publicize_message":"","jetpack_publicize_feature_enabled":true,"jetpack_social_post_already_shared":false,"jetpack_social_options":{"image_generator_settings":{"template":"highway","enabled":false},"version":2}},"product_brand":[],"product_cat":[6,2336,2332,2333],"product_tag":[38,8,9],"class_list":{"0":"post-36124","1":"product","2":"type-product","3":"status-publish","4":"has-post-thumbnail","6":"product_cat-books","7":"product_cat-historical-books","8":"product_cat-novels-short-fiction-books","9":"product_cat-romance-books","10":"product_tag-historical","11":"product_tag-novels-short-fiction","12":"product_tag-romance","14":"first","15":"instock","16":"purchasable","17":"product-type-simple"},"jetpack_publicize_connections":[],"acf":[],"jetpack_sharing_enabled":true,"_links":{"self":[{"href":"https:\/\/www.elibron.com\/catalog\/wp-json\/wp\/v2\/product\/36124","targetHints":{"allow":["GET"]}}],"collection":[{"href":"https:\/\/www.elibron.com\/catalog\/wp-json\/wp\/v2\/product"}],"about":[{"href":"https:\/\/www.elibron.com\/catalog\/wp-json\/wp\/v2\/types\/product"}],"replies":[{"embeddable":true,"href":"https:\/\/www.elibron.com\/catalog\/wp-json\/wp\/v2\/comments?post=36124"}],"wp:featuredmedia":[{"embeddable":true,"href":"https:\/\/www.elibron.com\/catalog\/wp-json\/wp\/v2\/media\/36125"}],"wp:attachment":[{"href":"https:\/\/www.elibron.com\/catalog\/wp-json\/wp\/v2\/media?parent=36124"}],"wp:term":[{"taxonomy":"product_brand","embeddable":true,"href":"https:\/\/www.elibron.com\/catalog\/wp-json\/wp\/v2\/product_brand?post=36124"},{"taxonomy":"product_cat","embeddable":true,"href":"https:\/\/www.elibron.com\/catalog\/wp-json\/wp\/v2\/product_cat?post=36124"},{"taxonomy":"product_tag","embeddable":true,"href":"https:\/\/www.elibron.com\/catalog\/wp-json\/wp\/v2\/product_tag?post=36124"}],"curies":[{"name":"wp","href":"https:\/\/api.w.org\/{rel}","templated":true}]}}