{"id":36108,"date":"2017-04-03T21:25:49","date_gmt":"2017-04-03T21:25:49","guid":{"rendered":"https:\/\/www.elibron.com\/catalog\/product\/abrege-de-la-vie-des-plus-fameux-peintres-avec-leurs-portraits-graves-en-taille-douce-les-indications-de-leurs-principaux-ouvrages-quelques-reflexions-sur-leurs-caracteres-et-la-maniere-de-connait\/"},"modified":"2017-04-06T07:44:55","modified_gmt":"2017-04-06T07:44:55","slug":"abrege-de-la-vie-des-plus-fameux-peintres-avec-leurs-portraits-graves-en-taille-douce-les-indications-de-leurs-principaux-ouvrages-quelques-reflexions-sur-leurs-caracteres-et-la-maniere-de-connait","status":"publish","type":"product","link":"https:\/\/www.elibron.com\/catalog\/product\/abrege-de-la-vie-des-plus-fameux-peintres-avec-leurs-portraits-graves-en-taille-douce-les-indications-de-leurs-principaux-ouvrages-quelques-reflexions-sur-leurs-caracteres-et-la-maniere-de-connait\/","title":{"rendered":"Abr\u00e9g\u00e9 de la vie des plus fameux peintres. Avec leurs portraits grav\u00e9s en taille-douce, les indications de leurs principaux ouvrages, quelques r\u00e9flexions sur leurs caract\u00e8res, et la mani\u00e8re de conna\u00eetre les desseins des grands ma\u00eetres. Partie 1"},"content":{"rendered":"<aside class=\"mashsb-container mashsb-main mashsb-stretched\"><div class=\"mashsb-box\"><div class=\"mashsb-buttons\"><a  class=\"mashicon-facebook mash-large mash-center mashsb-noshadow\" href=\"https:\/\/www.facebook.com\/sharer.php?u=https%3A%2F%2Fwww.elibron.com%2Fcatalog%2Fproduct%2Fabrege-de-la-vie-des-plus-fameux-peintres-avec-leurs-portraits-graves-en-taille-douce-les-indications-de-leurs-principaux-ouvrages-quelques-reflexions-sur-leurs-caracteres-et-la-maniere-de-connait%2F\" target=\"_blank\" rel=\"noopener nofollow\"><span class=\"icon\"><\/span><span class=\"text\">Share<\/span><\/a><a  class=\"mashicon-twitter mash-large mash-center mashsb-noshadow\" href=\"https:\/\/twitter.com\/intent\/tweet?text=&url=https:\/\/www.elibron.com\/catalog\/product\/abrege-de-la-vie-des-plus-fameux-peintres-avec-leurs-portraits-graves-en-taille-douce-les-indications-de-leurs-principaux-ouvrages-quelques-reflexions-sur-leurs-caracteres-et-la-maniere-de-connait\/&via=ElibronBooks\" target=\"_blank\" rel=\"noopener nofollow\"><span class=\"icon\"><\/span><span class=\"text\">Tweet<\/span><\/a><div class=\"onoffswitch2 mash-large mashsb-noshadow\" style=\"display:none;\"><\/div><\/div>\r\n            <\/div>\r\n                <div style=\"clear:both;\"><\/div><div class=\"mashsb-toggle-container\"><\/div><\/aside>\r\n            <!-- Share buttons by mashshare.net - Version: 3.5.7-->","protected":false},"excerpt":{"rendered":"","protected":false},"featured_media":36109,"comment_status":"closed","ping_status":"open","template":"","meta":{"_acf_changed":false,"jetpack_post_was_ever_published":false,"jetpack_publicize_message":"","jetpack_publicize_feature_enabled":true,"jetpack_social_post_already_shared":false,"jetpack_social_options":{"image_generator_settings":{"template":"highway","enabled":false},"version":2}},"product_brand":[],"product_cat":[2460,2405,2459,2398,2344,6,2461],"product_tag":[394,205,393,182,53,395],"class_list":{"0":"post-36108","1":"product","2":"type-product","3":"status-publish","4":"has-post-thumbnail","6":"product_cat-architects","7":"product_cat-art-history-art-study","8":"product_cat-artists-books","9":"product_cat-arts-entertainment-books","10":"product_cat-biography-memoir-books","11":"product_cat-books","12":"product_cat-photographers-books","13":"product_tag-architects","14":"product_tag-art-history-art-study","15":"product_tag-artists","16":"product_tag-arts-entertainment","17":"product_tag-biography-memoir","18":"product_tag-photographers","20":"first","21":"instock","22":"purchasable","23":"product-type-simple"},"jetpack_publicize_connections":[],"acf":[],"jetpack_sharing_enabled":true,"_links":{"self":[{"href":"https:\/\/www.elibron.com\/catalog\/wp-json\/wp\/v2\/product\/36108","targetHints":{"allow":["GET"]}}],"collection":[{"href":"https:\/\/www.elibron.com\/catalog\/wp-json\/wp\/v2\/product"}],"about":[{"href":"https:\/\/www.elibron.com\/catalog\/wp-json\/wp\/v2\/types\/product"}],"replies":[{"embeddable":true,"href":"https:\/\/www.elibron.com\/catalog\/wp-json\/wp\/v2\/comments?post=36108"}],"wp:featuredmedia":[{"embeddable":true,"href":"https:\/\/www.elibron.com\/catalog\/wp-json\/wp\/v2\/media\/36109"}],"wp:attachment":[{"href":"https:\/\/www.elibron.com\/catalog\/wp-json\/wp\/v2\/media?parent=36108"}],"wp:term":[{"taxonomy":"product_brand","embeddable":true,"href":"https:\/\/www.elibron.com\/catalog\/wp-json\/wp\/v2\/product_brand?post=36108"},{"taxonomy":"product_cat","embeddable":true,"href":"https:\/\/www.elibron.com\/catalog\/wp-json\/wp\/v2\/product_cat?post=36108"},{"taxonomy":"product_tag","embeddable":true,"href":"https:\/\/www.elibron.com\/catalog\/wp-json\/wp\/v2\/product_tag?post=36108"}],"curies":[{"name":"wp","href":"https:\/\/api.w.org\/{rel}","templated":true}]}}