{"id":36042,"date":"2017-04-03T21:24:04","date_gmt":"2017-04-03T21:24:04","guid":{"rendered":"https:\/\/www.elibron.com\/catalog\/product\/musee-de-peinture-et-de-sculpture-ou-recueil-des-principaux-tableaux-statues-et-bas-reliefs-des-collections-publiques-et-particulieres-de-leurope-dessine-et-grave-a-leau-forte-par-reveil-avec-des-7\/"},"modified":"2017-04-06T07:44:14","modified_gmt":"2017-04-06T07:44:14","slug":"musee-de-peinture-et-de-sculpture-ou-recueil-des-principaux-tableaux-statues-et-bas-reliefs-des-collections-publiques-et-particulieres-de-leurope-dessine-et-grave-a-leau-forte-par-reveil-avec-des-7","status":"publish","type":"product","link":"https:\/\/www.elibron.com\/catalog\/product\/musee-de-peinture-et-de-sculpture-ou-recueil-des-principaux-tableaux-statues-et-bas-reliefs-des-collections-publiques-et-particulieres-de-leurope-dessine-et-grave-a-leau-forte-par-reveil-avec-des-7\/","title":{"rendered":"Mus\u00e9e de peinture et de sculpture ou Recueil des principaux tableaux, statues et bas-reliefs des collections publiques et particuli\u00e8res de l&#8217;Europe. Dessin\u00e9 et grav\u00e9 \u00e0 l&#8217;eau-forte par R\u00e9veil. Avec des notices descriptives, critiques et historiques par Lou"},"content":{"rendered":"<aside class=\"mashsb-container mashsb-main mashsb-stretched\"><div class=\"mashsb-box\"><div class=\"mashsb-buttons\"><a  class=\"mashicon-facebook mash-large mash-center mashsb-noshadow\" href=\"https:\/\/www.facebook.com\/sharer.php?u=https%3A%2F%2Fwww.elibron.com%2Fcatalog%2Fproduct%2Fmusee-de-peinture-et-de-sculpture-ou-recueil-des-principaux-tableaux-statues-et-bas-reliefs-des-collections-publiques-et-particulieres-de-leurope-dessine-et-grave-a-leau-forte-par-reveil-avec-des-7%2F\" target=\"_blank\" rel=\"noopener nofollow\"><span class=\"icon\"><\/span><span class=\"text\">Share<\/span><\/a><a  class=\"mashicon-twitter mash-large mash-center mashsb-noshadow\" href=\"https:\/\/twitter.com\/intent\/tweet?text=&url=https:\/\/www.elibron.com\/catalog\/product\/musee-de-peinture-et-de-sculpture-ou-recueil-des-principaux-tableaux-statues-et-bas-reliefs-des-collections-publiques-et-particulieres-de-leurope-dessine-et-grave-a-leau-forte-par-reveil-avec-des-7\/&via=ElibronBooks\" target=\"_blank\" rel=\"noopener nofollow\"><span class=\"icon\"><\/span><span class=\"text\">Tweet<\/span><\/a><div class=\"onoffswitch2 mash-large mashsb-noshadow\" style=\"display:none;\"><\/div><\/div>\r\n            <\/div>\r\n                <div style=\"clear:both;\"><\/div><div class=\"mashsb-toggle-container\"><\/div><\/aside>\r\n            <!-- Share buttons by mashshare.net - Version: 3.5.7-->","protected":false},"excerpt":{"rendered":"","protected":false},"featured_media":36043,"comment_status":"closed","ping_status":"open","template":"","meta":{"_acf_changed":false,"jetpack_post_was_ever_published":false,"jetpack_publicize_message":"","jetpack_publicize_feature_enabled":true,"jetpack_social_post_already_shared":false,"jetpack_social_options":{"image_generator_settings":{"template":"highway","enabled":false},"version":2}},"product_brand":[],"product_cat":[2405,2398,6,2468],"product_tag":[205,182,425],"class_list":{"0":"post-36042","1":"product","2":"type-product","3":"status-publish","4":"has-post-thumbnail","6":"product_cat-art-history-art-study","7":"product_cat-arts-entertainment-books","8":"product_cat-books","9":"product_cat-painting-drawing-books","10":"product_tag-art-history-art-study","11":"product_tag-arts-entertainment","12":"product_tag-painting-drawing","14":"first","15":"instock","16":"purchasable","17":"product-type-simple"},"jetpack_publicize_connections":[],"acf":[],"jetpack_sharing_enabled":true,"_links":{"self":[{"href":"https:\/\/www.elibron.com\/catalog\/wp-json\/wp\/v2\/product\/36042","targetHints":{"allow":["GET"]}}],"collection":[{"href":"https:\/\/www.elibron.com\/catalog\/wp-json\/wp\/v2\/product"}],"about":[{"href":"https:\/\/www.elibron.com\/catalog\/wp-json\/wp\/v2\/types\/product"}],"replies":[{"embeddable":true,"href":"https:\/\/www.elibron.com\/catalog\/wp-json\/wp\/v2\/comments?post=36042"}],"wp:featuredmedia":[{"embeddable":true,"href":"https:\/\/www.elibron.com\/catalog\/wp-json\/wp\/v2\/media\/36043"}],"wp:attachment":[{"href":"https:\/\/www.elibron.com\/catalog\/wp-json\/wp\/v2\/media?parent=36042"}],"wp:term":[{"taxonomy":"product_brand","embeddable":true,"href":"https:\/\/www.elibron.com\/catalog\/wp-json\/wp\/v2\/product_brand?post=36042"},{"taxonomy":"product_cat","embeddable":true,"href":"https:\/\/www.elibron.com\/catalog\/wp-json\/wp\/v2\/product_cat?post=36042"},{"taxonomy":"product_tag","embeddable":true,"href":"https:\/\/www.elibron.com\/catalog\/wp-json\/wp\/v2\/product_tag?post=36042"}],"curies":[{"name":"wp","href":"https:\/\/api.w.org\/{rel}","templated":true}]}}