{"id":35958,"date":"2017-04-03T21:21:48","date_gmt":"2017-04-03T21:21:48","guid":{"rendered":"https:\/\/www.elibron.com\/catalog\/product\/traite-de-legislation-ou-exposition-des-lois-generales-suivant-lesquelles-les-peuples-prosperent-deperissent-ou-restent-stationnaires-tome-2\/"},"modified":"2017-04-06T07:43:31","modified_gmt":"2017-04-06T07:43:31","slug":"traite-de-legislation-ou-exposition-des-lois-generales-suivant-lesquelles-les-peuples-prosperent-deperissent-ou-restent-stationnaires-tome-2","status":"publish","type":"product","link":"https:\/\/www.elibron.com\/catalog\/product\/traite-de-legislation-ou-exposition-des-lois-generales-suivant-lesquelles-les-peuples-prosperent-deperissent-ou-restent-stationnaires-tome-2\/","title":{"rendered":"Trait\u00e9 de l\u00e9gislation, ou Exposition des lois g\u00e9n\u00e9rales suivant lesquelles les peuples prosp\u00e8rent, d\u00e9p\u00e9rissent ou restent stationnaires. Tome 2"},"content":{"rendered":"<aside class=\"mashsb-container mashsb-main mashsb-stretched\"><div class=\"mashsb-box\"><div class=\"mashsb-buttons\"><a  class=\"mashicon-facebook mash-large mash-center mashsb-noshadow\" href=\"https:\/\/www.facebook.com\/sharer.php?u=https%3A%2F%2Fwww.elibron.com%2Fcatalog%2Fproduct%2Ftraite-de-legislation-ou-exposition-des-lois-generales-suivant-lesquelles-les-peuples-prosperent-deperissent-ou-restent-stationnaires-tome-2%2F\" target=\"_blank\" rel=\"noopener nofollow\"><span class=\"icon\"><\/span><span class=\"text\">Share<\/span><\/a><a  class=\"mashicon-twitter mash-large mash-center mashsb-noshadow\" href=\"https:\/\/twitter.com\/intent\/tweet?text=&url=https:\/\/www.elibron.com\/catalog\/product\/traite-de-legislation-ou-exposition-des-lois-generales-suivant-lesquelles-les-peuples-prosperent-deperissent-ou-restent-stationnaires-tome-2\/&via=ElibronBooks\" target=\"_blank\" rel=\"noopener nofollow\"><span class=\"icon\"><\/span><span class=\"text\">Tweet<\/span><\/a><div class=\"onoffswitch2 mash-large mashsb-noshadow\" style=\"display:none;\"><\/div><\/div>\r\n            <\/div>\r\n                <div style=\"clear:both;\"><\/div><div class=\"mashsb-toggle-container\"><\/div><\/aside>\r\n            <!-- Share buttons by mashshare.net - Version: 3.5.7-->","protected":false},"excerpt":{"rendered":"","protected":false},"featured_media":35959,"comment_status":"closed","ping_status":"open","template":"","meta":{"_acf_changed":false,"jetpack_post_was_ever_published":false,"jetpack_publicize_message":"","jetpack_publicize_feature_enabled":true,"jetpack_social_post_already_shared":false,"jetpack_social_options":{"image_generator_settings":{"template":"highway","enabled":false},"version":2}},"product_brand":[],"product_cat":[2364,2416,6,2358,2378,2418,2507,2361,2508,2365,2366,2357,2379],"product_tag":[89,229,76,128,233,700,84,701,91,94,193,129],"class_list":{"0":"post-35958","1":"product","2":"type-product","3":"status-publish","4":"has-post-thumbnail","6":"product_cat-19th-century","7":"product_cat-anthropology","8":"product_cat-books","9":"product_cat-countries-maps-books","10":"product_cat-customs-traditions-of-nations-books","11":"product_cat-geography-books","12":"product_cat-minorities-books","13":"product_cat-philosophy-books","14":"product_cat-race-relations-books","15":"product_cat-sciences-books","16":"product_cat-society-social-sciences-books","17":"product_cat-travel-books","18":"product_cat-travel-stories-books","19":"product_tag-19th-century","20":"product_tag-anthropology","21":"product_tag-countries-maps","22":"product_tag-customs-traditions-of-nations","23":"product_tag-geography","24":"product_tag-minorities","25":"product_tag-philosophy","26":"product_tag-race-relations","27":"product_tag-sciences","28":"product_tag-society-social-sciences","29":"product_tag-travel","30":"product_tag-travel-stories","32":"first","33":"instock","34":"purchasable","35":"product-type-simple"},"jetpack_publicize_connections":[],"acf":[],"jetpack_sharing_enabled":true,"_links":{"self":[{"href":"https:\/\/www.elibron.com\/catalog\/wp-json\/wp\/v2\/product\/35958","targetHints":{"allow":["GET"]}}],"collection":[{"href":"https:\/\/www.elibron.com\/catalog\/wp-json\/wp\/v2\/product"}],"about":[{"href":"https:\/\/www.elibron.com\/catalog\/wp-json\/wp\/v2\/types\/product"}],"replies":[{"embeddable":true,"href":"https:\/\/www.elibron.com\/catalog\/wp-json\/wp\/v2\/comments?post=35958"}],"wp:featuredmedia":[{"embeddable":true,"href":"https:\/\/www.elibron.com\/catalog\/wp-json\/wp\/v2\/media\/35959"}],"wp:attachment":[{"href":"https:\/\/www.elibron.com\/catalog\/wp-json\/wp\/v2\/media?parent=35958"}],"wp:term":[{"taxonomy":"product_brand","embeddable":true,"href":"https:\/\/www.elibron.com\/catalog\/wp-json\/wp\/v2\/product_brand?post=35958"},{"taxonomy":"product_cat","embeddable":true,"href":"https:\/\/www.elibron.com\/catalog\/wp-json\/wp\/v2\/product_cat?post=35958"},{"taxonomy":"product_tag","embeddable":true,"href":"https:\/\/www.elibron.com\/catalog\/wp-json\/wp\/v2\/product_tag?post=35958"}],"curies":[{"name":"wp","href":"https:\/\/api.w.org\/{rel}","templated":true}]}}