{"id":35754,"date":"2017-04-03T21:16:23","date_gmt":"2017-04-03T21:16:23","guid":{"rendered":"https:\/\/www.elibron.com\/catalog\/product\/biographien-beruhmter-griechen-in-genauer-verbindung-mit-der-gleichzeitigen-geschichte-griechenlands-dargestellt-nebst-ausfuhrlichen-nachrichten-uber-erziehung-hausliches-leben-stellung-der-frauen-2\/"},"modified":"2017-04-06T07:41:35","modified_gmt":"2017-04-06T07:41:35","slug":"biographien-beruhmter-griechen-in-genauer-verbindung-mit-der-gleichzeitigen-geschichte-griechenlands-dargestellt-nebst-ausfuhrlichen-nachrichten-uber-erziehung-hausliches-leben-stellung-der-frauen-2","status":"publish","type":"product","link":"https:\/\/www.elibron.com\/catalog\/product\/biographien-beruhmter-griechen-in-genauer-verbindung-mit-der-gleichzeitigen-geschichte-griechenlands-dargestellt-nebst-ausfuhrlichen-nachrichten-uber-erziehung-hausliches-leben-stellung-der-frauen-2\/","title":{"rendered":"Biographien ber\u00fchmter Griechen, in genauer Verbindung mit der gleichzeitigen Geschichte Griechenlands dargestellt. Nebst ausf\u00fchrlichen Nachrichten \u00fcber Erziehung, h\u00e4usliches Leben, Stellung der Frauen, Sitten, Poesie, Kunst u.s.w. bei den Griechen. Band I"},"content":{"rendered":"<aside class=\"mashsb-container mashsb-main mashsb-stretched\"><div class=\"mashsb-box\"><div class=\"mashsb-buttons\"><a  class=\"mashicon-facebook mash-large mash-center mashsb-noshadow\" href=\"https:\/\/www.facebook.com\/sharer.php?u=https%3A%2F%2Fwww.elibron.com%2Fcatalog%2Fproduct%2Fbiographien-beruhmter-griechen-in-genauer-verbindung-mit-der-gleichzeitigen-geschichte-griechenlands-dargestellt-nebst-ausfuhrlichen-nachrichten-uber-erziehung-hausliches-leben-stellung-der-frauen-2%2F\" target=\"_blank\" rel=\"noopener nofollow\"><span class=\"icon\"><\/span><span class=\"text\">Share<\/span><\/a><a  class=\"mashicon-twitter mash-large mash-center mashsb-noshadow\" href=\"https:\/\/twitter.com\/intent\/tweet?text=&url=https:\/\/www.elibron.com\/catalog\/product\/biographien-beruhmter-griechen-in-genauer-verbindung-mit-der-gleichzeitigen-geschichte-griechenlands-dargestellt-nebst-ausfuhrlichen-nachrichten-uber-erziehung-hausliches-leben-stellung-der-frauen-2\/&via=ElibronBooks\" target=\"_blank\" rel=\"noopener nofollow\"><span class=\"icon\"><\/span><span class=\"text\">Tweet<\/span><\/a><div class=\"onoffswitch2 mash-large mashsb-noshadow\" style=\"display:none;\"><\/div><\/div>\r\n            <\/div>\r\n                <div style=\"clear:both;\"><\/div><div class=\"mashsb-toggle-container\"><\/div><\/aside>\r\n            <!-- Share buttons by mashshare.net - Version: 3.5.7-->","protected":false},"excerpt":{"rendered":"","protected":false},"featured_media":35755,"comment_status":"closed","ping_status":"open","template":"","meta":{"_acf_changed":false,"jetpack_post_was_ever_published":false,"jetpack_publicize_message":"","jetpack_publicize_feature_enabled":true,"jetpack_social_post_already_shared":false,"jetpack_social_options":{"image_generator_settings":{"template":"highway","enabled":false},"version":2}},"product_brand":[],"product_cat":[2409,6,2358,2378,2410,2355,2357,2379],"product_tag":[214,76,128,236,74,193,129],"class_list":{"0":"post-35754","1":"product","2":"type-product","3":"status-publish","4":"has-post-thumbnail","6":"product_cat-ancient-history","7":"product_cat-books","8":"product_cat-countries-maps-books","9":"product_cat-customs-traditions-of-nations-books","10":"product_cat-general-books","11":"product_cat-history-books","12":"product_cat-travel-books","13":"product_cat-travel-stories-books","14":"product_tag-ancient-history","15":"product_tag-countries-maps","16":"product_tag-customs-traditions-of-nations","17":"product_tag-general","18":"product_tag-history","19":"product_tag-travel","20":"product_tag-travel-stories","22":"first","23":"instock","24":"purchasable","25":"product-type-simple"},"jetpack_publicize_connections":[],"acf":[],"jetpack_sharing_enabled":true,"_links":{"self":[{"href":"https:\/\/www.elibron.com\/catalog\/wp-json\/wp\/v2\/product\/35754","targetHints":{"allow":["GET"]}}],"collection":[{"href":"https:\/\/www.elibron.com\/catalog\/wp-json\/wp\/v2\/product"}],"about":[{"href":"https:\/\/www.elibron.com\/catalog\/wp-json\/wp\/v2\/types\/product"}],"replies":[{"embeddable":true,"href":"https:\/\/www.elibron.com\/catalog\/wp-json\/wp\/v2\/comments?post=35754"}],"wp:featuredmedia":[{"embeddable":true,"href":"https:\/\/www.elibron.com\/catalog\/wp-json\/wp\/v2\/media\/35755"}],"wp:attachment":[{"href":"https:\/\/www.elibron.com\/catalog\/wp-json\/wp\/v2\/media?parent=35754"}],"wp:term":[{"taxonomy":"product_brand","embeddable":true,"href":"https:\/\/www.elibron.com\/catalog\/wp-json\/wp\/v2\/product_brand?post=35754"},{"taxonomy":"product_cat","embeddable":true,"href":"https:\/\/www.elibron.com\/catalog\/wp-json\/wp\/v2\/product_cat?post=35754"},{"taxonomy":"product_tag","embeddable":true,"href":"https:\/\/www.elibron.com\/catalog\/wp-json\/wp\/v2\/product_tag?post=35754"}],"curies":[{"name":"wp","href":"https:\/\/api.w.org\/{rel}","templated":true}]}}