{"id":34726,"date":"2017-04-03T20:48:42","date_gmt":"2017-04-03T20:48:42","guid":{"rendered":"https:\/\/www.elibron.com\/catalog\/product\/hindu-philosophy-the-bhagavad-gita-or-the-sacred-lay-a-sanskrit-philosophical-poem-translated-with-notes-by-john-davies\/"},"modified":"2017-04-06T07:32:02","modified_gmt":"2017-04-06T07:32:02","slug":"hindu-philosophy-the-bhagavad-gita-or-the-sacred-lay-a-sanskrit-philosophical-poem-translated-with-notes-by-john-davies","status":"publish","type":"product","link":"https:\/\/www.elibron.com\/catalog\/product\/hindu-philosophy-the-bhagavad-gita-or-the-sacred-lay-a-sanskrit-philosophical-poem-translated-with-notes-by-john-davies\/","title":{"rendered":"Hind\u00fb Philosophy. The Bhagavad G\u00eet\u00e2, or, The Sacred Lay. A Sanskrit Philosophical Poem. Translated, with Notes, by John Davies"},"content":{"rendered":"<aside class=\"mashsb-container mashsb-main mashsb-stretched\"><div class=\"mashsb-box\"><div class=\"mashsb-buttons\"><a  class=\"mashicon-facebook mash-large mash-center mashsb-noshadow\" href=\"https:\/\/www.facebook.com\/sharer.php?u=https%3A%2F%2Fwww.elibron.com%2Fcatalog%2Fproduct%2Fhindu-philosophy-the-bhagavad-gita-or-the-sacred-lay-a-sanskrit-philosophical-poem-translated-with-notes-by-john-davies%2F\" target=\"_blank\" rel=\"noopener nofollow\"><span class=\"icon\"><\/span><span class=\"text\">Share<\/span><\/a><a  class=\"mashicon-twitter mash-large mash-center mashsb-noshadow\" href=\"https:\/\/twitter.com\/intent\/tweet?text=&url=https:\/\/www.elibron.com\/catalog\/product\/hindu-philosophy-the-bhagavad-gita-or-the-sacred-lay-a-sanskrit-philosophical-poem-translated-with-notes-by-john-davies\/&via=ElibronBooks\" target=\"_blank\" rel=\"noopener nofollow\"><span class=\"icon\"><\/span><span class=\"text\">Tweet<\/span><\/a><div class=\"onoffswitch2 mash-large mashsb-noshadow\" style=\"display:none;\"><\/div><\/div>\r\n            <\/div>\r\n                <div style=\"clear:both;\"><\/div><div class=\"mashsb-toggle-container\"><\/div><\/aside>\r\n            <!-- Share buttons by mashshare.net - Version: 3.5.7-->","protected":false},"excerpt":{"rendered":"","protected":false},"featured_media":34727,"comment_status":"closed","ping_status":"open","template":"","meta":{"_acf_changed":false,"jetpack_post_was_ever_published":false,"jetpack_publicize_message":"","jetpack_publicize_feature_enabled":true,"jetpack_social_post_already_shared":false,"jetpack_social_options":{"image_generator_settings":{"template":"highway","enabled":false},"version":2}},"product_brand":[],"product_cat":[6,2457,2361,2334,2381],"product_tag":[381,84,10,134],"class_list":{"0":"post-34726","1":"product","2":"type-product","3":"status-publish","4":"has-post-thumbnail","6":"product_cat-books","7":"product_cat-hinduism-books","8":"product_cat-philosophy-books","9":"product_cat-poetry-books","10":"product_cat-religions-spirituality-books","11":"product_tag-hinduism","12":"product_tag-philosophy","13":"product_tag-poetry","14":"product_tag-religions-spirituality","16":"first","17":"instock","18":"purchasable","19":"product-type-simple"},"jetpack_publicize_connections":[],"acf":[],"jetpack_sharing_enabled":true,"_links":{"self":[{"href":"https:\/\/www.elibron.com\/catalog\/wp-json\/wp\/v2\/product\/34726","targetHints":{"allow":["GET"]}}],"collection":[{"href":"https:\/\/www.elibron.com\/catalog\/wp-json\/wp\/v2\/product"}],"about":[{"href":"https:\/\/www.elibron.com\/catalog\/wp-json\/wp\/v2\/types\/product"}],"replies":[{"embeddable":true,"href":"https:\/\/www.elibron.com\/catalog\/wp-json\/wp\/v2\/comments?post=34726"}],"wp:featuredmedia":[{"embeddable":true,"href":"https:\/\/www.elibron.com\/catalog\/wp-json\/wp\/v2\/media\/34727"}],"wp:attachment":[{"href":"https:\/\/www.elibron.com\/catalog\/wp-json\/wp\/v2\/media?parent=34726"}],"wp:term":[{"taxonomy":"product_brand","embeddable":true,"href":"https:\/\/www.elibron.com\/catalog\/wp-json\/wp\/v2\/product_brand?post=34726"},{"taxonomy":"product_cat","embeddable":true,"href":"https:\/\/www.elibron.com\/catalog\/wp-json\/wp\/v2\/product_cat?post=34726"},{"taxonomy":"product_tag","embeddable":true,"href":"https:\/\/www.elibron.com\/catalog\/wp-json\/wp\/v2\/product_tag?post=34726"}],"curies":[{"name":"wp","href":"https:\/\/api.w.org\/{rel}","templated":true}]}}