{"id":34660,"date":"2017-04-03T20:46:56","date_gmt":"2017-04-03T20:46:56","guid":{"rendered":"https:\/\/www.elibron.com\/catalog\/product\/%c2%8cuvres-completes-disocrate-auxquelles-on-a-joint-quelques-discours-analogues-a-ceux-de-cet-orateur-tires-de-platon-de-lysias-de-thucydide-de-xenophon-de-demosthene-dantiphon-de-gorgias-2\/"},"modified":"2017-04-06T07:31:27","modified_gmt":"2017-04-06T07:31:27","slug":"%c2%8cuvres-completes-disocrate-auxquelles-on-a-joint-quelques-discours-analogues-a-ceux-de-cet-orateur-tires-de-platon-de-lysias-de-thucydide-de-xenophon-de-demosthene-dantiphon-de-gorgias-2","status":"publish","type":"product","link":"https:\/\/www.elibron.com\/catalog\/product\/%c2%8cuvres-completes-disocrate-auxquelles-on-a-joint-quelques-discours-analogues-a-ceux-de-cet-orateur-tires-de-platon-de-lysias-de-thucydide-de-xenophon-de-demosthene-dantiphon-de-gorgias-2\/","title":{"rendered":"Oeuvres compl\u00e8tes d&#8217;Isocrate. Auxquelles on a joint quelques discours analogues \u00e0 ceux de cet Orateur, tir\u00e9s de Platon, de Lysias, de Thucydide, de X\u00e9nophon, de D\u00e9mosth\u00e8ne, d&#8217;Antiphon, de Gorgias, d&#8217;Antisth\u00e8ne et d&#8217;Alcidamas. Tome 2"},"content":{"rendered":"<aside class=\"mashsb-container mashsb-main mashsb-stretched\"><div class=\"mashsb-box\"><div class=\"mashsb-buttons\"><a  class=\"mashicon-facebook mash-large mash-center mashsb-noshadow\" href=\"https:\/\/www.facebook.com\/sharer.php?u=https%3A%2F%2Fwww.elibron.com%2Fcatalog%2Fproduct%2F%25c2%258cuvres-completes-disocrate-auxquelles-on-a-joint-quelques-discours-analogues-a-ceux-de-cet-orateur-tires-de-platon-de-lysias-de-thucydide-de-xenophon-de-demosthene-dantiphon-de-gorgias-2%2F\" target=\"_blank\" rel=\"noopener nofollow\"><span class=\"icon\"><\/span><span class=\"text\">Share<\/span><\/a><a  class=\"mashicon-twitter mash-large mash-center mashsb-noshadow\" href=\"https:\/\/twitter.com\/intent\/tweet?text=&url=https:\/\/www.elibron.com\/catalog\/product\/%c2%8cuvres-completes-disocrate-auxquelles-on-a-joint-quelques-discours-analogues-a-ceux-de-cet-orateur-tires-de-platon-de-lysias-de-thucydide-de-xenophon-de-demosthene-dantiphon-de-gorgias-2\/&via=ElibronBooks\" target=\"_blank\" rel=\"noopener nofollow\"><span class=\"icon\"><\/span><span class=\"text\">Tweet<\/span><\/a><div class=\"onoffswitch2 mash-large mashsb-noshadow\" style=\"display:none;\"><\/div><\/div>\r\n            <\/div>\r\n                <div style=\"clear:both;\"><\/div><div class=\"mashsb-toggle-container\"><\/div><\/aside>\r\n            <!-- Share buttons by mashshare.net - Version: 3.5.7-->","protected":false},"excerpt":{"rendered":"","protected":false},"featured_media":34661,"comment_status":"closed","ping_status":"open","template":"","meta":{"_acf_changed":false,"jetpack_post_was_ever_published":false,"jetpack_publicize_message":"","jetpack_publicize_feature_enabled":true,"jetpack_social_post_already_shared":false,"jetpack_social_options":{"image_generator_settings":{"template":"highway","enabled":false},"version":2}},"product_brand":[],"product_cat":[2385,6,2361],"product_tag":[145,84],"class_list":{"0":"post-34660","1":"product","2":"type-product","3":"status-publish","4":"has-post-thumbnail","6":"product_cat-ancient-and-hellenistic","7":"product_cat-books","8":"product_cat-philosophy-books","9":"product_tag-ancient-and-hellenistic","10":"product_tag-philosophy","12":"first","13":"instock","14":"purchasable","15":"product-type-simple"},"jetpack_publicize_connections":[],"acf":[],"jetpack_sharing_enabled":true,"_links":{"self":[{"href":"https:\/\/www.elibron.com\/catalog\/wp-json\/wp\/v2\/product\/34660","targetHints":{"allow":["GET"]}}],"collection":[{"href":"https:\/\/www.elibron.com\/catalog\/wp-json\/wp\/v2\/product"}],"about":[{"href":"https:\/\/www.elibron.com\/catalog\/wp-json\/wp\/v2\/types\/product"}],"replies":[{"embeddable":true,"href":"https:\/\/www.elibron.com\/catalog\/wp-json\/wp\/v2\/comments?post=34660"}],"wp:featuredmedia":[{"embeddable":true,"href":"https:\/\/www.elibron.com\/catalog\/wp-json\/wp\/v2\/media\/34661"}],"wp:attachment":[{"href":"https:\/\/www.elibron.com\/catalog\/wp-json\/wp\/v2\/media?parent=34660"}],"wp:term":[{"taxonomy":"product_brand","embeddable":true,"href":"https:\/\/www.elibron.com\/catalog\/wp-json\/wp\/v2\/product_brand?post=34660"},{"taxonomy":"product_cat","embeddable":true,"href":"https:\/\/www.elibron.com\/catalog\/wp-json\/wp\/v2\/product_cat?post=34660"},{"taxonomy":"product_tag","embeddable":true,"href":"https:\/\/www.elibron.com\/catalog\/wp-json\/wp\/v2\/product_tag?post=34660"}],"curies":[{"name":"wp","href":"https:\/\/api.w.org\/{rel}","templated":true}]}}