{"id":34642,"date":"2017-04-03T20:46:28","date_gmt":"2017-04-03T20:46:28","guid":{"rendered":"https:\/\/www.elibron.com\/catalog\/product\/gustave-ou-le-mauvais-sujet-suivi-de-une-soiree-bourgeoise-une-partie-de-plaisir-un-bal-costume-une-fete-aux-environs-de-paris-un-bal-de-grisettes-le-signe-secret-les-petites-voitures-jaunes\/"},"modified":"2017-04-06T07:31:20","modified_gmt":"2017-04-06T07:31:20","slug":"gustave-ou-le-mauvais-sujet-suivi-de-une-soiree-bourgeoise-une-partie-de-plaisir-un-bal-costume-une-fete-aux-environs-de-paris-un-bal-de-grisettes-le-signe-secret-les-petites-voitures-jaunes","status":"publish","type":"product","link":"https:\/\/www.elibron.com\/catalog\/product\/gustave-ou-le-mauvais-sujet-suivi-de-une-soiree-bourgeoise-une-partie-de-plaisir-un-bal-costume-une-fete-aux-environs-de-paris-un-bal-de-grisettes-le-signe-secret-les-petites-voitures-jaunes\/","title":{"rendered":"Gustave ou Le mauvais sujet. Suivi de Une soir\u00e9e bourgeoise, Une partie de plaisir, Un bal costum\u00e9, Une f\u00eate aux environs de Paris, Un bal de grisettes, Le signe secret, Les petites voitures jaunes"},"content":{"rendered":"<aside class=\"mashsb-container mashsb-main mashsb-stretched\"><div class=\"mashsb-box\"><div class=\"mashsb-buttons\"><a  class=\"mashicon-facebook mash-large mash-center mashsb-noshadow\" href=\"https:\/\/www.facebook.com\/sharer.php?u=https%3A%2F%2Fwww.elibron.com%2Fcatalog%2Fproduct%2Fgustave-ou-le-mauvais-sujet-suivi-de-une-soiree-bourgeoise-une-partie-de-plaisir-un-bal-costume-une-fete-aux-environs-de-paris-un-bal-de-grisettes-le-signe-secret-les-petites-voitures-jaunes%2F\" target=\"_blank\" rel=\"noopener nofollow\"><span class=\"icon\"><\/span><span class=\"text\">Share<\/span><\/a><a  class=\"mashicon-twitter mash-large mash-center mashsb-noshadow\" href=\"https:\/\/twitter.com\/intent\/tweet?text=&url=https:\/\/www.elibron.com\/catalog\/product\/gustave-ou-le-mauvais-sujet-suivi-de-une-soiree-bourgeoise-une-partie-de-plaisir-un-bal-costume-une-fete-aux-environs-de-paris-un-bal-de-grisettes-le-signe-secret-les-petites-voitures-jaunes\/&via=ElibronBooks\" target=\"_blank\" rel=\"noopener nofollow\"><span class=\"icon\"><\/span><span class=\"text\">Tweet<\/span><\/a><div class=\"onoffswitch2 mash-large mashsb-noshadow\" style=\"display:none;\"><\/div><\/div>\r\n            <\/div>\r\n                <div style=\"clear:both;\"><\/div><div class=\"mashsb-toggle-container\"><\/div><\/aside>\r\n            <!-- Share buttons by mashshare.net - Version: 3.5.7-->","protected":false},"excerpt":{"rendered":"","protected":false},"featured_media":34643,"comment_status":"closed","ping_status":"open","template":"","meta":{"_acf_changed":false,"jetpack_post_was_ever_published":false,"jetpack_publicize_message":"","jetpack_publicize_feature_enabled":true,"jetpack_social_post_already_shared":false,"jetpack_social_options":{"image_generator_settings":{"template":"highway","enabled":false},"version":2}},"product_brand":[],"product_cat":[2335,6,2332,2442],"product_tag":[36,8,317],"class_list":{"0":"post-34642","1":"product","2":"type-product","3":"status-publish","4":"has-post-thumbnail","6":"product_cat-adventure","7":"product_cat-books","8":"product_cat-novels-short-fiction-books","9":"product_cat-short-stories-books","10":"product_tag-adventure","11":"product_tag-novels-short-fiction","12":"product_tag-short-stories","14":"first","15":"instock","16":"purchasable","17":"product-type-simple"},"jetpack_publicize_connections":[],"acf":[],"jetpack_sharing_enabled":true,"_links":{"self":[{"href":"https:\/\/www.elibron.com\/catalog\/wp-json\/wp\/v2\/product\/34642","targetHints":{"allow":["GET"]}}],"collection":[{"href":"https:\/\/www.elibron.com\/catalog\/wp-json\/wp\/v2\/product"}],"about":[{"href":"https:\/\/www.elibron.com\/catalog\/wp-json\/wp\/v2\/types\/product"}],"replies":[{"embeddable":true,"href":"https:\/\/www.elibron.com\/catalog\/wp-json\/wp\/v2\/comments?post=34642"}],"wp:featuredmedia":[{"embeddable":true,"href":"https:\/\/www.elibron.com\/catalog\/wp-json\/wp\/v2\/media\/34643"}],"wp:attachment":[{"href":"https:\/\/www.elibron.com\/catalog\/wp-json\/wp\/v2\/media?parent=34642"}],"wp:term":[{"taxonomy":"product_brand","embeddable":true,"href":"https:\/\/www.elibron.com\/catalog\/wp-json\/wp\/v2\/product_brand?post=34642"},{"taxonomy":"product_cat","embeddable":true,"href":"https:\/\/www.elibron.com\/catalog\/wp-json\/wp\/v2\/product_cat?post=34642"},{"taxonomy":"product_tag","embeddable":true,"href":"https:\/\/www.elibron.com\/catalog\/wp-json\/wp\/v2\/product_tag?post=34642"}],"curies":[{"name":"wp","href":"https:\/\/api.w.org\/{rel}","templated":true}]}}