{"id":34418,"date":"2017-04-03T20:40:38","date_gmt":"2017-04-03T20:40:38","guid":{"rendered":"https:\/\/www.elibron.com\/catalog\/product\/aus-dem-franz-josef-kinder-spitale-in-prag-beobachtungen-und-erfahrungen-aus-dem-gebiete-der-medizin-uberhaupt-und-der-padiatrik-insbesondere-herausgegeben-von-prof-dr-loschner-und-dr-lambl-teil\/"},"modified":"2017-04-06T07:29:19","modified_gmt":"2017-04-06T07:29:19","slug":"aus-dem-franz-josef-kinder-spitale-in-prag-beobachtungen-und-erfahrungen-aus-dem-gebiete-der-medizin-uberhaupt-und-der-padiatrik-insbesondere-herausgegeben-von-prof-dr-loschner-und-dr-lambl-teil","status":"publish","type":"product","link":"https:\/\/www.elibron.com\/catalog\/product\/aus-dem-franz-josef-kinder-spitale-in-prag-beobachtungen-und-erfahrungen-aus-dem-gebiete-der-medizin-uberhaupt-und-der-padiatrik-insbesondere-herausgegeben-von-prof-dr-loschner-und-dr-lambl-teil\/","title":{"rendered":"Aus dem Franz Josef-Kinder-Spitale in Prag. Beobachtungen und Erfahrungen aus dem Gebiete der Medizin \u00fcberhaupt und der P\u00e4diatrik insbesondere. Herausgegeben von Prof. Dr. L\u00f6schner und Dr. Lambl. Teil 1. Beobachtungen und Studien aus dem Gebiete der patho"},"content":{"rendered":"<aside class=\"mashsb-container mashsb-main mashsb-stretched\"><div class=\"mashsb-box\"><div class=\"mashsb-buttons\"><a  class=\"mashicon-facebook mash-large mash-center mashsb-noshadow\" href=\"https:\/\/www.facebook.com\/sharer.php?u=https%3A%2F%2Fwww.elibron.com%2Fcatalog%2Fproduct%2Faus-dem-franz-josef-kinder-spitale-in-prag-beobachtungen-und-erfahrungen-aus-dem-gebiete-der-medizin-uberhaupt-und-der-padiatrik-insbesondere-herausgegeben-von-prof-dr-loschner-und-dr-lambl-teil%2F\" target=\"_blank\" rel=\"noopener nofollow\"><span class=\"icon\"><\/span><span class=\"text\">Share<\/span><\/a><a  class=\"mashicon-twitter mash-large mash-center mashsb-noshadow\" href=\"https:\/\/twitter.com\/intent\/tweet?text=&url=https:\/\/www.elibron.com\/catalog\/product\/aus-dem-franz-josef-kinder-spitale-in-prag-beobachtungen-und-erfahrungen-aus-dem-gebiete-der-medizin-uberhaupt-und-der-padiatrik-insbesondere-herausgegeben-von-prof-dr-loschner-und-dr-lambl-teil\/&via=ElibronBooks\" target=\"_blank\" rel=\"noopener nofollow\"><span class=\"icon\"><\/span><span class=\"text\">Tweet<\/span><\/a><div class=\"onoffswitch2 mash-large mashsb-noshadow\" style=\"display:none;\"><\/div><\/div>\r\n            <\/div>\r\n                <div style=\"clear:both;\"><\/div><div class=\"mashsb-toggle-container\"><\/div><\/aside>\r\n            <!-- Share buttons by mashshare.net - Version: 3.5.7-->","protected":false},"excerpt":{"rendered":"","protected":false},"featured_media":34419,"comment_status":"closed","ping_status":"open","template":"","meta":{"_acf_changed":false,"jetpack_post_was_ever_published":false,"jetpack_publicize_message":"","jetpack_publicize_feature_enabled":true,"jetpack_social_post_already_shared":false,"jetpack_social_options":{"image_generator_settings":{"template":"highway","enabled":false},"version":2}},"product_brand":[],"product_cat":[2509,6,2396],"product_tag":[711,178],"class_list":{"0":"post-34418","1":"product","2":"type-product","3":"status-publish","4":"has-post-thumbnail","6":"product_cat-anatomy","7":"product_cat-books","8":"product_cat-medicine-health-care-books","9":"product_tag-anatomy","10":"product_tag-medicine-health-care","12":"first","13":"instock","14":"purchasable","15":"product-type-simple"},"jetpack_publicize_connections":[],"acf":[],"jetpack_sharing_enabled":true,"_links":{"self":[{"href":"https:\/\/www.elibron.com\/catalog\/wp-json\/wp\/v2\/product\/34418","targetHints":{"allow":["GET"]}}],"collection":[{"href":"https:\/\/www.elibron.com\/catalog\/wp-json\/wp\/v2\/product"}],"about":[{"href":"https:\/\/www.elibron.com\/catalog\/wp-json\/wp\/v2\/types\/product"}],"replies":[{"embeddable":true,"href":"https:\/\/www.elibron.com\/catalog\/wp-json\/wp\/v2\/comments?post=34418"}],"wp:featuredmedia":[{"embeddable":true,"href":"https:\/\/www.elibron.com\/catalog\/wp-json\/wp\/v2\/media\/34419"}],"wp:attachment":[{"href":"https:\/\/www.elibron.com\/catalog\/wp-json\/wp\/v2\/media?parent=34418"}],"wp:term":[{"taxonomy":"product_brand","embeddable":true,"href":"https:\/\/www.elibron.com\/catalog\/wp-json\/wp\/v2\/product_brand?post=34418"},{"taxonomy":"product_cat","embeddable":true,"href":"https:\/\/www.elibron.com\/catalog\/wp-json\/wp\/v2\/product_cat?post=34418"},{"taxonomy":"product_tag","embeddable":true,"href":"https:\/\/www.elibron.com\/catalog\/wp-json\/wp\/v2\/product_tag?post=34418"}],"curies":[{"name":"wp","href":"https:\/\/api.w.org\/{rel}","templated":true}]}}