{"id":33952,"date":"2017-04-03T20:28:05","date_gmt":"2017-04-03T20:28:05","guid":{"rendered":"https:\/\/www.elibron.com\/catalog\/product\/juarez-glorificado-y-la-intervencion-y-el-imperio-ante-la-verdad-historica-refutando-con-documentos-la-obra-del-senor-francisco-bulnes-intitulada-el-verdadero-juarez\/"},"modified":"2017-04-06T07:24:59","modified_gmt":"2017-04-06T07:24:59","slug":"juarez-glorificado-y-la-intervencion-y-el-imperio-ante-la-verdad-historica-refutando-con-documentos-la-obra-del-senor-francisco-bulnes-intitulada-el-verdadero-juarez","status":"publish","type":"product","link":"https:\/\/www.elibron.com\/catalog\/product\/juarez-glorificado-y-la-intervencion-y-el-imperio-ante-la-verdad-historica-refutando-con-documentos-la-obra-del-senor-francisco-bulnes-intitulada-el-verdadero-juarez\/","title":{"rendered":"Ju\u00e1rez glorificado y la intervenci\u00f3n y el Imperio ante la verdad hist\u00f3rica. Refutando con documentos la obra del se\u00f1or Francisco Bulnes intitulada El verdadero Ju\u00e1rez"},"content":{"rendered":"<aside class=\"mashsb-container mashsb-main mashsb-stretched\"><div class=\"mashsb-box\"><div class=\"mashsb-buttons\"><a  class=\"mashicon-facebook mash-large mash-center mashsb-noshadow\" href=\"https:\/\/www.facebook.com\/sharer.php?u=https%3A%2F%2Fwww.elibron.com%2Fcatalog%2Fproduct%2Fjuarez-glorificado-y-la-intervencion-y-el-imperio-ante-la-verdad-historica-refutando-con-documentos-la-obra-del-senor-francisco-bulnes-intitulada-el-verdadero-juarez%2F\" target=\"_blank\" rel=\"noopener nofollow\"><span class=\"icon\"><\/span><span class=\"text\">Share<\/span><\/a><a  class=\"mashicon-twitter mash-large mash-center mashsb-noshadow\" href=\"https:\/\/twitter.com\/intent\/tweet?text=&url=https:\/\/www.elibron.com\/catalog\/product\/juarez-glorificado-y-la-intervencion-y-el-imperio-ante-la-verdad-historica-refutando-con-documentos-la-obra-del-senor-francisco-bulnes-intitulada-el-verdadero-juarez\/&via=ElibronBooks\" target=\"_blank\" rel=\"noopener nofollow\"><span class=\"icon\"><\/span><span class=\"text\">Tweet<\/span><\/a><div class=\"onoffswitch2 mash-large mashsb-noshadow\" style=\"display:none;\"><\/div><\/div>\r\n            <\/div>\r\n                <div style=\"clear:both;\"><\/div><div class=\"mashsb-toggle-container\"><\/div><\/aside>\r\n            <!-- Share buttons by mashshare.net - Version: 3.5.7-->","protected":false},"excerpt":{"rendered":"","protected":false},"featured_media":33953,"comment_status":"closed","ping_status":"open","template":"","meta":{"_acf_changed":false,"jetpack_post_was_ever_published":false,"jetpack_publicize_message":"","jetpack_publicize_feature_enabled":true,"jetpack_social_post_already_shared":false,"jetpack_social_options":{"image_generator_settings":{"template":"highway","enabled":false},"version":2}},"product_brand":[],"product_cat":[6,2355,2450],"product_tag":[74,597],"class_list":{"0":"post-33952","1":"product","2":"type-product","3":"status-publish","4":"has-post-thumbnail","6":"product_cat-books","7":"product_cat-history-books","8":"product_cat-latin-america-books","9":"product_tag-history","10":"product_tag-latin-america","12":"first","13":"instock","14":"purchasable","15":"product-type-simple"},"jetpack_publicize_connections":[],"acf":[],"jetpack_sharing_enabled":true,"_links":{"self":[{"href":"https:\/\/www.elibron.com\/catalog\/wp-json\/wp\/v2\/product\/33952","targetHints":{"allow":["GET"]}}],"collection":[{"href":"https:\/\/www.elibron.com\/catalog\/wp-json\/wp\/v2\/product"}],"about":[{"href":"https:\/\/www.elibron.com\/catalog\/wp-json\/wp\/v2\/types\/product"}],"replies":[{"embeddable":true,"href":"https:\/\/www.elibron.com\/catalog\/wp-json\/wp\/v2\/comments?post=33952"}],"wp:featuredmedia":[{"embeddable":true,"href":"https:\/\/www.elibron.com\/catalog\/wp-json\/wp\/v2\/media\/33953"}],"wp:attachment":[{"href":"https:\/\/www.elibron.com\/catalog\/wp-json\/wp\/v2\/media?parent=33952"}],"wp:term":[{"taxonomy":"product_brand","embeddable":true,"href":"https:\/\/www.elibron.com\/catalog\/wp-json\/wp\/v2\/product_brand?post=33952"},{"taxonomy":"product_cat","embeddable":true,"href":"https:\/\/www.elibron.com\/catalog\/wp-json\/wp\/v2\/product_cat?post=33952"},{"taxonomy":"product_tag","embeddable":true,"href":"https:\/\/www.elibron.com\/catalog\/wp-json\/wp\/v2\/product_tag?post=33952"}],"curies":[{"name":"wp","href":"https:\/\/api.w.org\/{rel}","templated":true}]}}