{"id":33574,"date":"2017-04-03T20:18:08","date_gmt":"2017-04-03T20:18:08","guid":{"rendered":"https:\/\/www.elibron.com\/catalog\/product\/melanges-biologiques-tires-du-bulletin-physico-mathematique-de-lacademie-imperiale-des-sciences-de-st-petersbourg-tome-6-1866-1868-livraisons-1-3\/"},"modified":"2017-04-06T07:21:25","modified_gmt":"2017-04-06T07:21:25","slug":"melanges-biologiques-tires-du-bulletin-physico-mathematique-de-lacademie-imperiale-des-sciences-de-st-petersbourg-tome-6-1866-1868-livraisons-1-3","status":"publish","type":"product","link":"https:\/\/www.elibron.com\/catalog\/product\/melanges-biologiques-tires-du-bulletin-physico-mathematique-de-lacademie-imperiale-des-sciences-de-st-petersbourg-tome-6-1866-1868-livraisons-1-3\/","title":{"rendered":"M\u00e9langes biologiques tir\u00e9s du Bulletin physico-math\u00e9matique de l&#8217;Acad\u00e9mie imp\u00e9riale des sciences de St.-P\u00e9tersbourg. Tome 6 (1866 &#8211; 1868). Livraisons 1 &#8211; 3"},"content":{"rendered":"<aside class=\"mashsb-container mashsb-main mashsb-stretched\"><div class=\"mashsb-box\"><div class=\"mashsb-buttons\"><a  class=\"mashicon-facebook mash-large mash-center mashsb-noshadow\" href=\"https:\/\/www.facebook.com\/sharer.php?u=https%3A%2F%2Fwww.elibron.com%2Fcatalog%2Fproduct%2Fmelanges-biologiques-tires-du-bulletin-physico-mathematique-de-lacademie-imperiale-des-sciences-de-st-petersbourg-tome-6-1866-1868-livraisons-1-3%2F\" target=\"_blank\" rel=\"noopener nofollow\"><span class=\"icon\"><\/span><span class=\"text\">Share<\/span><\/a><a  class=\"mashicon-twitter mash-large mash-center mashsb-noshadow\" href=\"https:\/\/twitter.com\/intent\/tweet?text=&url=https:\/\/www.elibron.com\/catalog\/product\/melanges-biologiques-tires-du-bulletin-physico-mathematique-de-lacademie-imperiale-des-sciences-de-st-petersbourg-tome-6-1866-1868-livraisons-1-3\/&via=ElibronBooks\" target=\"_blank\" rel=\"noopener nofollow\"><span class=\"icon\"><\/span><span class=\"text\">Tweet<\/span><\/a><div class=\"onoffswitch2 mash-large mashsb-noshadow\" style=\"display:none;\"><\/div><\/div>\r\n            <\/div>\r\n                <div style=\"clear:both;\"><\/div><div class=\"mashsb-toggle-container\"><\/div><\/aside>\r\n            <!-- Share buttons by mashshare.net - Version: 3.5.7-->","protected":false},"excerpt":{"rendered":"","protected":false},"featured_media":33575,"comment_status":"closed","ping_status":"open","template":"","meta":{"_acf_changed":false,"jetpack_post_was_ever_published":false,"jetpack_publicize_message":"","jetpack_publicize_feature_enabled":true,"jetpack_social_post_already_shared":false,"jetpack_social_options":{"image_generator_settings":{"template":"highway","enabled":false},"version":2}},"product_brand":[],"product_cat":[2384,6,2511,2365],"product_tag":[143,719,91],"class_list":{"0":"post-33574","1":"product","2":"type-product","3":"status-publish","4":"has-post-thumbnail","6":"product_cat-biological-sciences-books","7":"product_cat-books","8":"product_cat-chemistry-books","9":"product_cat-sciences-books","10":"product_tag-biological-sciences","11":"product_tag-chemistry","12":"product_tag-sciences","14":"first","15":"instock","16":"purchasable","17":"product-type-simple"},"jetpack_publicize_connections":[],"acf":[],"jetpack_sharing_enabled":true,"_links":{"self":[{"href":"https:\/\/www.elibron.com\/catalog\/wp-json\/wp\/v2\/product\/33574","targetHints":{"allow":["GET"]}}],"collection":[{"href":"https:\/\/www.elibron.com\/catalog\/wp-json\/wp\/v2\/product"}],"about":[{"href":"https:\/\/www.elibron.com\/catalog\/wp-json\/wp\/v2\/types\/product"}],"replies":[{"embeddable":true,"href":"https:\/\/www.elibron.com\/catalog\/wp-json\/wp\/v2\/comments?post=33574"}],"wp:featuredmedia":[{"embeddable":true,"href":"https:\/\/www.elibron.com\/catalog\/wp-json\/wp\/v2\/media\/33575"}],"wp:attachment":[{"href":"https:\/\/www.elibron.com\/catalog\/wp-json\/wp\/v2\/media?parent=33574"}],"wp:term":[{"taxonomy":"product_brand","embeddable":true,"href":"https:\/\/www.elibron.com\/catalog\/wp-json\/wp\/v2\/product_brand?post=33574"},{"taxonomy":"product_cat","embeddable":true,"href":"https:\/\/www.elibron.com\/catalog\/wp-json\/wp\/v2\/product_cat?post=33574"},{"taxonomy":"product_tag","embeddable":true,"href":"https:\/\/www.elibron.com\/catalog\/wp-json\/wp\/v2\/product_tag?post=33574"}],"curies":[{"name":"wp","href":"https:\/\/api.w.org\/{rel}","templated":true}]}}