{"id":33364,"date":"2017-04-03T20:12:29","date_gmt":"2017-04-03T20:12:29","guid":{"rendered":"https:\/\/www.elibron.com\/catalog\/product\/geschichte-unserer-abendlandischen-philosophie-entwicklungsgeschichte-unserer-spekulativen-sowohl-philosophischen-als-religiosen-ideen-von-ihren-ersten-anfangen-bis-auf-die-gegenwart-band-i-die-ag\/"},"modified":"2017-04-06T07:19:31","modified_gmt":"2017-04-06T07:19:31","slug":"geschichte-unserer-abendlandischen-philosophie-entwicklungsgeschichte-unserer-spekulativen-sowohl-philosophischen-als-religiosen-ideen-von-ihren-ersten-anfangen-bis-auf-die-gegenwart-band-i-die-ag","status":"publish","type":"product","link":"https:\/\/www.elibron.com\/catalog\/product\/geschichte-unserer-abendlandischen-philosophie-entwicklungsgeschichte-unserer-spekulativen-sowohl-philosophischen-als-religiosen-ideen-von-ihren-ersten-anfangen-bis-auf-die-gegenwart-band-i-die-ag\/","title":{"rendered":"Geschichte unserer abendl\u00e4ndischen Philosophie. Entwicklungsgeschichte unserer spekulativen, sowohl philosophischen als religi\u00f6sen Ideen von ihren ersten Anf\u00e4ngen bis auf die Gegenwart. Band I. Die \u00e4gyptische und die zoroastrische Glaubenslehre als die \u00e4l"},"content":{"rendered":"<aside class=\"mashsb-container mashsb-main mashsb-stretched\"><div class=\"mashsb-box\"><div class=\"mashsb-buttons\"><a  class=\"mashicon-facebook mash-large mash-center mashsb-noshadow\" href=\"https:\/\/www.facebook.com\/sharer.php?u=https%3A%2F%2Fwww.elibron.com%2Fcatalog%2Fproduct%2Fgeschichte-unserer-abendlandischen-philosophie-entwicklungsgeschichte-unserer-spekulativen-sowohl-philosophischen-als-religiosen-ideen-von-ihren-ersten-anfangen-bis-auf-die-gegenwart-band-i-die-ag%2F\" target=\"_blank\" rel=\"noopener nofollow\"><span class=\"icon\"><\/span><span class=\"text\">Share<\/span><\/a><a  class=\"mashicon-twitter mash-large mash-center mashsb-noshadow\" href=\"https:\/\/twitter.com\/intent\/tweet?text=&url=https:\/\/www.elibron.com\/catalog\/product\/geschichte-unserer-abendlandischen-philosophie-entwicklungsgeschichte-unserer-spekulativen-sowohl-philosophischen-als-religiosen-ideen-von-ihren-ersten-anfangen-bis-auf-die-gegenwart-band-i-die-ag\/&via=ElibronBooks\" target=\"_blank\" rel=\"noopener nofollow\"><span class=\"icon\"><\/span><span class=\"text\">Tweet<\/span><\/a><div class=\"onoffswitch2 mash-large mashsb-noshadow\" style=\"display:none;\"><\/div><\/div>\r\n            <\/div>\r\n                <div style=\"clear:both;\"><\/div><div class=\"mashsb-toggle-container\"><\/div><\/aside>\r\n            <!-- Share buttons by mashshare.net - Version: 3.5.7-->","protected":false},"excerpt":{"rendered":"","protected":false},"featured_media":33365,"comment_status":"closed","ping_status":"open","template":"","meta":{"_acf_changed":false,"jetpack_post_was_ever_published":false,"jetpack_publicize_message":"","jetpack_publicize_feature_enabled":true,"jetpack_social_post_already_shared":false,"jetpack_social_options":{"image_generator_settings":{"template":"highway","enabled":false},"version":2}},"product_brand":[],"product_cat":[2475,6,2476,2477,2381,2421,2521],"product_tag":[466,467,468,134,343,875],"class_list":{"0":"post-33364","1":"product","2":"type-product","3":"status-publish","4":"has-post-thumbnail","6":"product_cat-ancient-israelite","7":"product_cat-books","8":"product_cat-canaanite-books","9":"product_cat-egyptian-books","10":"product_cat-religions-spirituality-books","11":"product_cat-the-study-of-religion-books","12":"product_cat-zoroastrianism-books","13":"product_tag-ancient-israelite","14":"product_tag-canaanite","15":"product_tag-egyptian","16":"product_tag-religions-spirituality","17":"product_tag-the-study-of-religion","18":"product_tag-zoroastrianism","20":"first","21":"instock","22":"purchasable","23":"product-type-simple"},"jetpack_publicize_connections":[],"acf":[],"jetpack_sharing_enabled":true,"_links":{"self":[{"href":"https:\/\/www.elibron.com\/catalog\/wp-json\/wp\/v2\/product\/33364","targetHints":{"allow":["GET"]}}],"collection":[{"href":"https:\/\/www.elibron.com\/catalog\/wp-json\/wp\/v2\/product"}],"about":[{"href":"https:\/\/www.elibron.com\/catalog\/wp-json\/wp\/v2\/types\/product"}],"replies":[{"embeddable":true,"href":"https:\/\/www.elibron.com\/catalog\/wp-json\/wp\/v2\/comments?post=33364"}],"wp:featuredmedia":[{"embeddable":true,"href":"https:\/\/www.elibron.com\/catalog\/wp-json\/wp\/v2\/media\/33365"}],"wp:attachment":[{"href":"https:\/\/www.elibron.com\/catalog\/wp-json\/wp\/v2\/media?parent=33364"}],"wp:term":[{"taxonomy":"product_brand","embeddable":true,"href":"https:\/\/www.elibron.com\/catalog\/wp-json\/wp\/v2\/product_brand?post=33364"},{"taxonomy":"product_cat","embeddable":true,"href":"https:\/\/www.elibron.com\/catalog\/wp-json\/wp\/v2\/product_cat?post=33364"},{"taxonomy":"product_tag","embeddable":true,"href":"https:\/\/www.elibron.com\/catalog\/wp-json\/wp\/v2\/product_tag?post=33364"}],"curies":[{"name":"wp","href":"https:\/\/api.w.org\/{rel}","templated":true}]}}