{"id":33034,"date":"2017-04-03T20:03:40","date_gmt":"2017-04-03T20:03:40","guid":{"rendered":"https:\/\/www.elibron.com\/catalog\/product\/indian-poetry-containing-the-indian-song-of-songs-from-the-sanskrit-of-the-gita-govinda-of-jayadeva-two-books-from-the-iliad-of-india-mahabharata-proverbial-wisdom-from-the-shlokas-of-the-2\/"},"modified":"2017-04-06T07:16:24","modified_gmt":"2017-04-06T07:16:24","slug":"indian-poetry-containing-the-indian-song-of-songs-from-the-sanskrit-of-the-gita-govinda-of-jayadeva-two-books-from-the-iliad-of-india-mahabharata-proverbial-wisdom-from-the-shlokas-of-the-2","status":"publish","type":"product","link":"https:\/\/www.elibron.com\/catalog\/product\/indian-poetry-containing-the-indian-song-of-songs-from-the-sanskrit-of-the-gita-govinda-of-jayadeva-two-books-from-the-iliad-of-india-mahabharata-proverbial-wisdom-from-the-shlokas-of-the-2\/","title":{"rendered":"Indian Poetry. Containing &#8216;The Indian Song of Songs&#8217;, from the Sanskrit of the G\u00eeta Govinda of Jayadeva; Two Books from &#8216;The Iliad of India&#8217; (Mah\u00e1bh\u00e1rata); &#8216;Proverbial Wisdom&#8217; from the shlokas of the Hitopadesa and Other Oriental Poems.(Tr\u00fcbner&#8217;s Oriental"},"content":{"rendered":"<aside class=\"mashsb-container mashsb-main mashsb-stretched\"><div class=\"mashsb-box\"><div class=\"mashsb-buttons\"><a  class=\"mashicon-facebook mash-large mash-center mashsb-noshadow\" href=\"https:\/\/www.facebook.com\/sharer.php?u=https%3A%2F%2Fwww.elibron.com%2Fcatalog%2Fproduct%2Findian-poetry-containing-the-indian-song-of-songs-from-the-sanskrit-of-the-gita-govinda-of-jayadeva-two-books-from-the-iliad-of-india-mahabharata-proverbial-wisdom-from-the-shlokas-of-the-2%2F\" target=\"_blank\" rel=\"noopener nofollow\"><span class=\"icon\"><\/span><span class=\"text\">Share<\/span><\/a><a  class=\"mashicon-twitter mash-large mash-center mashsb-noshadow\" href=\"https:\/\/twitter.com\/intent\/tweet?text=&url=https:\/\/www.elibron.com\/catalog\/product\/indian-poetry-containing-the-indian-song-of-songs-from-the-sanskrit-of-the-gita-govinda-of-jayadeva-two-books-from-the-iliad-of-india-mahabharata-proverbial-wisdom-from-the-shlokas-of-the-2\/&via=ElibronBooks\" target=\"_blank\" rel=\"noopener nofollow\"><span class=\"icon\"><\/span><span class=\"text\">Tweet<\/span><\/a><div class=\"onoffswitch2 mash-large mashsb-noshadow\" style=\"display:none;\"><\/div><\/div>\r\n            <\/div>\r\n                <div style=\"clear:both;\"><\/div><div class=\"mashsb-toggle-container\"><\/div><\/aside>\r\n            <!-- Share buttons by mashshare.net - Version: 3.5.7-->","protected":false},"excerpt":{"rendered":"","protected":false},"featured_media":33035,"comment_status":"closed","ping_status":"open","template":"","meta":{"_acf_changed":false,"jetpack_post_was_ever_published":false,"jetpack_publicize_message":"","jetpack_publicize_feature_enabled":true,"jetpack_social_post_already_shared":false,"jetpack_social_options":{"image_generator_settings":{"template":"highway","enabled":false},"version":2}},"product_brand":[],"product_cat":[6,2457,2334,2381],"product_tag":[381,10,134],"class_list":{"0":"post-33034","1":"product","2":"type-product","3":"status-publish","4":"has-post-thumbnail","6":"product_cat-books","7":"product_cat-hinduism-books","8":"product_cat-poetry-books","9":"product_cat-religions-spirituality-books","10":"product_tag-hinduism","11":"product_tag-poetry","12":"product_tag-religions-spirituality","14":"first","15":"instock","16":"purchasable","17":"product-type-simple"},"jetpack_publicize_connections":[],"acf":[],"jetpack_sharing_enabled":true,"_links":{"self":[{"href":"https:\/\/www.elibron.com\/catalog\/wp-json\/wp\/v2\/product\/33034","targetHints":{"allow":["GET"]}}],"collection":[{"href":"https:\/\/www.elibron.com\/catalog\/wp-json\/wp\/v2\/product"}],"about":[{"href":"https:\/\/www.elibron.com\/catalog\/wp-json\/wp\/v2\/types\/product"}],"replies":[{"embeddable":true,"href":"https:\/\/www.elibron.com\/catalog\/wp-json\/wp\/v2\/comments?post=33034"}],"wp:featuredmedia":[{"embeddable":true,"href":"https:\/\/www.elibron.com\/catalog\/wp-json\/wp\/v2\/media\/33035"}],"wp:attachment":[{"href":"https:\/\/www.elibron.com\/catalog\/wp-json\/wp\/v2\/media?parent=33034"}],"wp:term":[{"taxonomy":"product_brand","embeddable":true,"href":"https:\/\/www.elibron.com\/catalog\/wp-json\/wp\/v2\/product_brand?post=33034"},{"taxonomy":"product_cat","embeddable":true,"href":"https:\/\/www.elibron.com\/catalog\/wp-json\/wp\/v2\/product_cat?post=33034"},{"taxonomy":"product_tag","embeddable":true,"href":"https:\/\/www.elibron.com\/catalog\/wp-json\/wp\/v2\/product_tag?post=33034"}],"curies":[{"name":"wp","href":"https:\/\/api.w.org\/{rel}","templated":true}]}}