{"id":32284,"date":"2017-04-03T19:44:01","date_gmt":"2017-04-03T19:44:01","guid":{"rendered":"https:\/\/www.elibron.com\/catalog\/product\/enzyklopadie-der-medizinischen-wissenschaften-nach-dem-dictionnaire-de-medecine-frei-bearbeitet-und-mit-notigen-zusatzen-versehen-in-verbindung-mit-mehreren-deutschen-arzten-herausgegeben-von-friedr-3\/"},"modified":"2017-04-06T07:09:32","modified_gmt":"2017-04-06T07:09:32","slug":"enzyklopadie-der-medizinischen-wissenschaften-nach-dem-dictionnaire-de-medecine-frei-bearbeitet-und-mit-notigen-zusatzen-versehen-in-verbindung-mit-mehreren-deutschen-arzten-herausgegeben-von-friedr-3","status":"publish","type":"product","link":"https:\/\/www.elibron.com\/catalog\/product\/enzyklopadie-der-medizinischen-wissenschaften-nach-dem-dictionnaire-de-medecine-frei-bearbeitet-und-mit-notigen-zusatzen-versehen-in-verbindung-mit-mehreren-deutschen-arzten-herausgegeben-von-friedr-3\/","title":{"rendered":"Enzyklop\u00e4die der medizinischen Wissenschaften. Nach dem Dictionnaire de m\u00e9decine frei bearbeitet und mit n\u00f6tigen Zus\u00e4tzen versehen. In Verbindung mit mehreren deutschen \u00c4rzten herausgegeben von Friedr. Ludwig Meissner und Carl Christian Schmidt. Band X. P"},"content":{"rendered":"<aside class=\"mashsb-container mashsb-main mashsb-stretched\"><div class=\"mashsb-box\"><div class=\"mashsb-buttons\"><a  class=\"mashicon-facebook mash-large mash-center mashsb-noshadow\" href=\"https:\/\/www.facebook.com\/sharer.php?u=https%3A%2F%2Fwww.elibron.com%2Fcatalog%2Fproduct%2Fenzyklopadie-der-medizinischen-wissenschaften-nach-dem-dictionnaire-de-medecine-frei-bearbeitet-und-mit-notigen-zusatzen-versehen-in-verbindung-mit-mehreren-deutschen-arzten-herausgegeben-von-friedr-3%2F\" target=\"_blank\" rel=\"noopener nofollow\"><span class=\"icon\"><\/span><span class=\"text\">Share<\/span><\/a><a  class=\"mashicon-twitter mash-large mash-center mashsb-noshadow\" href=\"https:\/\/twitter.com\/intent\/tweet?text=&url=https:\/\/www.elibron.com\/catalog\/product\/enzyklopadie-der-medizinischen-wissenschaften-nach-dem-dictionnaire-de-medecine-frei-bearbeitet-und-mit-notigen-zusatzen-versehen-in-verbindung-mit-mehreren-deutschen-arzten-herausgegeben-von-friedr-3\/&via=ElibronBooks\" target=\"_blank\" rel=\"noopener nofollow\"><span class=\"icon\"><\/span><span class=\"text\">Tweet<\/span><\/a><div class=\"onoffswitch2 mash-large mashsb-noshadow\" style=\"display:none;\"><\/div><\/div>\r\n            <\/div>\r\n                <div style=\"clear:both;\"><\/div><div class=\"mashsb-toggle-container\"><\/div><\/aside>\r\n            <!-- Share buttons by mashshare.net - Version: 3.5.7-->","protected":false},"excerpt":{"rendered":"","protected":false},"featured_media":32285,"comment_status":"closed","ping_status":"open","template":"","meta":{"_acf_changed":false,"jetpack_post_was_ever_published":false,"jetpack_publicize_message":"","jetpack_publicize_feature_enabled":true,"jetpack_social_post_already_shared":false,"jetpack_social_options":{"image_generator_settings":{"template":"highway","enabled":false},"version":2}},"product_brand":[],"product_cat":[6,2414,2396,2394],"product_tag":[225,178,224],"class_list":{"0":"post-32284","1":"product","2":"type-product","3":"status-publish","4":"has-post-thumbnail","6":"product_cat-books","7":"product_cat-encyclopedias-books","8":"product_cat-medicine-health-care-books","9":"product_cat-reference-books","10":"product_tag-encyclopedias","11":"product_tag-medicine-health-care","12":"product_tag-reference","14":"first","15":"instock","16":"purchasable","17":"product-type-simple"},"jetpack_publicize_connections":[],"acf":[],"jetpack_sharing_enabled":true,"_links":{"self":[{"href":"https:\/\/www.elibron.com\/catalog\/wp-json\/wp\/v2\/product\/32284","targetHints":{"allow":["GET"]}}],"collection":[{"href":"https:\/\/www.elibron.com\/catalog\/wp-json\/wp\/v2\/product"}],"about":[{"href":"https:\/\/www.elibron.com\/catalog\/wp-json\/wp\/v2\/types\/product"}],"replies":[{"embeddable":true,"href":"https:\/\/www.elibron.com\/catalog\/wp-json\/wp\/v2\/comments?post=32284"}],"wp:featuredmedia":[{"embeddable":true,"href":"https:\/\/www.elibron.com\/catalog\/wp-json\/wp\/v2\/media\/32285"}],"wp:attachment":[{"href":"https:\/\/www.elibron.com\/catalog\/wp-json\/wp\/v2\/media?parent=32284"}],"wp:term":[{"taxonomy":"product_brand","embeddable":true,"href":"https:\/\/www.elibron.com\/catalog\/wp-json\/wp\/v2\/product_brand?post=32284"},{"taxonomy":"product_cat","embeddable":true,"href":"https:\/\/www.elibron.com\/catalog\/wp-json\/wp\/v2\/product_cat?post=32284"},{"taxonomy":"product_tag","embeddable":true,"href":"https:\/\/www.elibron.com\/catalog\/wp-json\/wp\/v2\/product_tag?post=32284"}],"curies":[{"name":"wp","href":"https:\/\/api.w.org\/{rel}","templated":true}]}}