{"id":31842,"date":"2017-04-03T19:32:21","date_gmt":"2017-04-03T19:32:21","guid":{"rendered":"https:\/\/www.elibron.com\/catalog\/product\/gesammelte-schriften-und-dichtungen-band-v-uber-die-goethestiftung-brief-an-franz-liszt-ein-theater-in-zurich-uber-musikalische-kritik%c2%85-das-rheingold\/"},"modified":"2017-04-06T07:05:25","modified_gmt":"2017-04-06T07:05:25","slug":"gesammelte-schriften-und-dichtungen-band-v-uber-die-goethestiftung-brief-an-franz-liszt-ein-theater-in-zurich-uber-musikalische-kritik%c2%85-das-rheingold","status":"publish","type":"product","link":"https:\/\/www.elibron.com\/catalog\/product\/gesammelte-schriften-und-dichtungen-band-v-uber-die-goethestiftung-brief-an-franz-liszt-ein-theater-in-zurich-uber-musikalische-kritik%c2%85-das-rheingold\/","title":{"rendered":"Gesammelte Schriften und Dichtungen. Band V. \u00dcber die &#8216;Goethestiftung&#8217;. Brief an Franz Liszt. Ein Theater in Z\u00fcrich. \u00dcber musikalische Kritik\u0085 Das Rheingold"},"content":{"rendered":"<aside class=\"mashsb-container mashsb-main mashsb-stretched\"><div class=\"mashsb-box\"><div class=\"mashsb-buttons\"><a  class=\"mashicon-facebook mash-large mash-center mashsb-noshadow\" href=\"https:\/\/www.facebook.com\/sharer.php?u=https%3A%2F%2Fwww.elibron.com%2Fcatalog%2Fproduct%2Fgesammelte-schriften-und-dichtungen-band-v-uber-die-goethestiftung-brief-an-franz-liszt-ein-theater-in-zurich-uber-musikalische-kritik%25c2%2585-das-rheingold%2F\" target=\"_blank\" rel=\"noopener nofollow\"><span class=\"icon\"><\/span><span class=\"text\">Share<\/span><\/a><a  class=\"mashicon-twitter mash-large mash-center mashsb-noshadow\" href=\"https:\/\/twitter.com\/intent\/tweet?text=&url=https:\/\/www.elibron.com\/catalog\/product\/gesammelte-schriften-und-dichtungen-band-v-uber-die-goethestiftung-brief-an-franz-liszt-ein-theater-in-zurich-uber-musikalische-kritik%c2%85-das-rheingold\/&via=ElibronBooks\" target=\"_blank\" rel=\"noopener nofollow\"><span class=\"icon\"><\/span><span class=\"text\">Tweet<\/span><\/a><div class=\"onoffswitch2 mash-large mashsb-noshadow\" style=\"display:none;\"><\/div><\/div>\r\n            <\/div>\r\n                <div style=\"clear:both;\"><\/div><div class=\"mashsb-toggle-container\"><\/div><\/aside>\r\n            <!-- Share buttons by mashshare.net - Version: 3.5.7-->","protected":false},"excerpt":{"rendered":"","protected":false},"featured_media":31843,"comment_status":"closed","ping_status":"open","template":"","meta":{"_acf_changed":false,"jetpack_post_was_ever_published":false,"jetpack_publicize_message":"","jetpack_publicize_feature_enabled":true,"jetpack_social_post_already_shared":false,"jetpack_social_options":{"image_generator_settings":{"template":"highway","enabled":false},"version":2}},"product_brand":[],"product_cat":[2398,6,2399,2402],"product_tag":[182,183,197],"class_list":{"0":"post-31842","1":"product","2":"type-product","3":"status-publish","4":"has-post-thumbnail","6":"product_cat-arts-entertainment-books","7":"product_cat-books","8":"product_cat-classical-music-books","9":"product_cat-theater-books","10":"product_tag-arts-entertainment","11":"product_tag-classical-music","12":"product_tag-theater","14":"first","15":"instock","16":"purchasable","17":"product-type-simple"},"jetpack_publicize_connections":[],"acf":[],"jetpack_sharing_enabled":true,"_links":{"self":[{"href":"https:\/\/www.elibron.com\/catalog\/wp-json\/wp\/v2\/product\/31842","targetHints":{"allow":["GET"]}}],"collection":[{"href":"https:\/\/www.elibron.com\/catalog\/wp-json\/wp\/v2\/product"}],"about":[{"href":"https:\/\/www.elibron.com\/catalog\/wp-json\/wp\/v2\/types\/product"}],"replies":[{"embeddable":true,"href":"https:\/\/www.elibron.com\/catalog\/wp-json\/wp\/v2\/comments?post=31842"}],"wp:featuredmedia":[{"embeddable":true,"href":"https:\/\/www.elibron.com\/catalog\/wp-json\/wp\/v2\/media\/31843"}],"wp:attachment":[{"href":"https:\/\/www.elibron.com\/catalog\/wp-json\/wp\/v2\/media?parent=31842"}],"wp:term":[{"taxonomy":"product_brand","embeddable":true,"href":"https:\/\/www.elibron.com\/catalog\/wp-json\/wp\/v2\/product_brand?post=31842"},{"taxonomy":"product_cat","embeddable":true,"href":"https:\/\/www.elibron.com\/catalog\/wp-json\/wp\/v2\/product_cat?post=31842"},{"taxonomy":"product_tag","embeddable":true,"href":"https:\/\/www.elibron.com\/catalog\/wp-json\/wp\/v2\/product_tag?post=31842"}],"curies":[{"name":"wp","href":"https:\/\/api.w.org\/{rel}","templated":true}]}}