{"id":29742,"date":"2017-04-03T18:37:11","date_gmt":"2017-04-03T18:37:11","guid":{"rendered":"https:\/\/www.elibron.com\/catalog\/product\/attentats-aux-m%c2%9curs-et-perversions-du-sens-genital-lecons-professees-a-la-faculte-de-medecine\/"},"modified":"2017-04-06T06:46:05","modified_gmt":"2017-04-06T06:46:05","slug":"attentats-aux-m%c2%9curs-et-perversions-du-sens-genital-lecons-professees-a-la-faculte-de-medecine","status":"publish","type":"product","link":"https:\/\/www.elibron.com\/catalog\/product\/attentats-aux-m%c2%9curs-et-perversions-du-sens-genital-lecons-professees-a-la-faculte-de-medecine\/","title":{"rendered":"Attentats aux moeurs et perversions du sens g\u00e9nital. Le\u00e7ons profess\u00e9es \u00e0 la facult\u00e9 de m\u00e9decine"},"content":{"rendered":"<aside class=\"mashsb-container mashsb-main mashsb-stretched\"><div class=\"mashsb-box\"><div class=\"mashsb-buttons\"><a  class=\"mashicon-facebook mash-large mash-center mashsb-noshadow\" href=\"https:\/\/www.facebook.com\/sharer.php?u=https%3A%2F%2Fwww.elibron.com%2Fcatalog%2Fproduct%2Fattentats-aux-m%25c2%259curs-et-perversions-du-sens-genital-lecons-professees-a-la-faculte-de-medecine%2F\" target=\"_blank\" rel=\"noopener nofollow\"><span class=\"icon\"><\/span><span class=\"text\">Share<\/span><\/a><a  class=\"mashicon-twitter mash-large mash-center mashsb-noshadow\" href=\"https:\/\/twitter.com\/intent\/tweet?text=&url=https:\/\/www.elibron.com\/catalog\/product\/attentats-aux-m%c2%9curs-et-perversions-du-sens-genital-lecons-professees-a-la-faculte-de-medecine\/&via=ElibronBooks\" target=\"_blank\" rel=\"noopener nofollow\"><span class=\"icon\"><\/span><span class=\"text\">Tweet<\/span><\/a><div class=\"onoffswitch2 mash-large mashsb-noshadow\" style=\"display:none;\"><\/div><\/div>\r\n            <\/div>\r\n                <div style=\"clear:both;\"><\/div><div class=\"mashsb-toggle-container\"><\/div><\/aside>\r\n            <!-- Share buttons by mashshare.net - Version: 3.5.7-->","protected":false},"excerpt":{"rendered":"","protected":false},"featured_media":29743,"comment_status":"closed","ping_status":"open","template":"","meta":{"_acf_changed":false,"jetpack_post_was_ever_published":false,"jetpack_publicize_message":"","jetpack_publicize_feature_enabled":true,"jetpack_social_post_already_shared":false,"jetpack_social_options":{"image_generator_settings":{"template":"highway","enabled":false},"version":2}},"product_brand":[],"product_cat":[6,2435,2340,2396,2510,2585,2439],"product_tag":[291,17,178,1025,1460,303],"class_list":{"0":"post-29742","1":"product","2":"type-product","3":"status-publish","4":"has-post-thumbnail","6":"product_cat-books","7":"product_cat-criminal-books","8":"product_cat-law-books","9":"product_cat-medicine-health-care-books","10":"product_cat-pathology-books","11":"product_cat-pathophysiology-books","12":"product_cat-psychiatry-books","13":"product_tag-criminal","14":"product_tag-law","15":"product_tag-medicine-health-care","16":"product_tag-pathology","17":"product_tag-pathophysiology","18":"product_tag-psychiatry","20":"first","21":"instock","22":"purchasable","23":"product-type-simple"},"jetpack_publicize_connections":[],"acf":[],"jetpack_sharing_enabled":true,"_links":{"self":[{"href":"https:\/\/www.elibron.com\/catalog\/wp-json\/wp\/v2\/product\/29742","targetHints":{"allow":["GET"]}}],"collection":[{"href":"https:\/\/www.elibron.com\/catalog\/wp-json\/wp\/v2\/product"}],"about":[{"href":"https:\/\/www.elibron.com\/catalog\/wp-json\/wp\/v2\/types\/product"}],"replies":[{"embeddable":true,"href":"https:\/\/www.elibron.com\/catalog\/wp-json\/wp\/v2\/comments?post=29742"}],"wp:featuredmedia":[{"embeddable":true,"href":"https:\/\/www.elibron.com\/catalog\/wp-json\/wp\/v2\/media\/29743"}],"wp:attachment":[{"href":"https:\/\/www.elibron.com\/catalog\/wp-json\/wp\/v2\/media?parent=29742"}],"wp:term":[{"taxonomy":"product_brand","embeddable":true,"href":"https:\/\/www.elibron.com\/catalog\/wp-json\/wp\/v2\/product_brand?post=29742"},{"taxonomy":"product_cat","embeddable":true,"href":"https:\/\/www.elibron.com\/catalog\/wp-json\/wp\/v2\/product_cat?post=29742"},{"taxonomy":"product_tag","embeddable":true,"href":"https:\/\/www.elibron.com\/catalog\/wp-json\/wp\/v2\/product_tag?post=29742"}],"curies":[{"name":"wp","href":"https:\/\/api.w.org\/{rel}","templated":true}]}}