{"id":29738,"date":"2017-04-03T18:37:11","date_gmt":"2017-04-03T18:37:11","guid":{"rendered":"https:\/\/www.elibron.com\/catalog\/product\/le-mariage-la-separation-et-le-divorce-consideres-aux-points-de-vue-du-droit-naturel-du-droit-civil-du-droit-ecclesiastique-et-de-la-morale-suivis-dune-etude-sur-le-mariage-civil-des-pretres\/"},"modified":"2017-04-06T06:45:59","modified_gmt":"2017-04-06T06:45:59","slug":"le-mariage-la-separation-et-le-divorce-consideres-aux-points-de-vue-du-droit-naturel-du-droit-civil-du-droit-ecclesiastique-et-de-la-morale-suivis-dune-etude-sur-le-mariage-civil-des-pretres","status":"publish","type":"product","link":"https:\/\/www.elibron.com\/catalog\/product\/le-mariage-la-separation-et-le-divorce-consideres-aux-points-de-vue-du-droit-naturel-du-droit-civil-du-droit-ecclesiastique-et-de-la-morale-suivis-dune-etude-sur-le-mariage-civil-des-pretres\/","title":{"rendered":"Le mariage, la s\u00e9paration et le divorce consid\u00e9r\u00e9s aux points de vue du droit naturel, du droit civil, du droit eccl\u00e9siastique et de la morale. Suivis d&#8217;une \u00e9tude sur le mariage civil des pr\u00eatres"},"content":{"rendered":"<aside class=\"mashsb-container mashsb-main mashsb-stretched\"><div class=\"mashsb-box\"><div class=\"mashsb-buttons\"><a  class=\"mashicon-facebook mash-large mash-center mashsb-noshadow\" href=\"https:\/\/www.facebook.com\/sharer.php?u=https%3A%2F%2Fwww.elibron.com%2Fcatalog%2Fproduct%2Fle-mariage-la-separation-et-le-divorce-consideres-aux-points-de-vue-du-droit-naturel-du-droit-civil-du-droit-ecclesiastique-et-de-la-morale-suivis-dune-etude-sur-le-mariage-civil-des-pretres%2F\" target=\"_blank\" rel=\"noopener nofollow\"><span class=\"icon\"><\/span><span class=\"text\">Share<\/span><\/a><a  class=\"mashicon-twitter mash-large mash-center mashsb-noshadow\" href=\"https:\/\/twitter.com\/intent\/tweet?text=&url=https:\/\/www.elibron.com\/catalog\/product\/le-mariage-la-separation-et-le-divorce-consideres-aux-points-de-vue-du-droit-naturel-du-droit-civil-du-droit-ecclesiastique-et-de-la-morale-suivis-dune-etude-sur-le-mariage-civil-des-pretres\/&via=ElibronBooks\" target=\"_blank\" rel=\"noopener nofollow\"><span class=\"icon\"><\/span><span class=\"text\">Tweet<\/span><\/a><div class=\"onoffswitch2 mash-large mashsb-noshadow\" style=\"display:none;\"><\/div><\/div>\r\n            <\/div>\r\n                <div style=\"clear:both;\"><\/div><div class=\"mashsb-toggle-container\"><\/div><\/aside>\r\n            <!-- Share buttons by mashshare.net - Version: 3.5.7-->","protected":false},"excerpt":{"rendered":"","protected":false},"featured_media":29739,"comment_status":"closed","ping_status":"open","template":"","meta":{"_acf_changed":false,"jetpack_post_was_ever_published":false,"jetpack_publicize_message":"","jetpack_publicize_feature_enabled":true,"jetpack_social_post_already_shared":false,"jetpack_social_options":{"image_generator_settings":{"template":"highway","enabled":false},"version":2}},"product_brand":[],"product_cat":[6,2408,2355,2340,2372,2495],"product_tag":[211,74,17,110,615],"class_list":{"0":"post-29738","1":"product","2":"type-product","3":"status-publish","4":"has-post-thumbnail","6":"product_cat-books","7":"product_cat-family-health-books","8":"product_cat-history-books","9":"product_cat-law-books","10":"product_cat-life-family-books","11":"product_cat-love-marriage-books","12":"product_tag-family-health","13":"product_tag-history","14":"product_tag-law","15":"product_tag-life-family","16":"product_tag-love-marriage","18":"first","19":"instock","20":"purchasable","21":"product-type-simple"},"jetpack_publicize_connections":[],"acf":[],"jetpack_sharing_enabled":true,"_links":{"self":[{"href":"https:\/\/www.elibron.com\/catalog\/wp-json\/wp\/v2\/product\/29738","targetHints":{"allow":["GET"]}}],"collection":[{"href":"https:\/\/www.elibron.com\/catalog\/wp-json\/wp\/v2\/product"}],"about":[{"href":"https:\/\/www.elibron.com\/catalog\/wp-json\/wp\/v2\/types\/product"}],"replies":[{"embeddable":true,"href":"https:\/\/www.elibron.com\/catalog\/wp-json\/wp\/v2\/comments?post=29738"}],"wp:featuredmedia":[{"embeddable":true,"href":"https:\/\/www.elibron.com\/catalog\/wp-json\/wp\/v2\/media\/29739"}],"wp:attachment":[{"href":"https:\/\/www.elibron.com\/catalog\/wp-json\/wp\/v2\/media?parent=29738"}],"wp:term":[{"taxonomy":"product_brand","embeddable":true,"href":"https:\/\/www.elibron.com\/catalog\/wp-json\/wp\/v2\/product_brand?post=29738"},{"taxonomy":"product_cat","embeddable":true,"href":"https:\/\/www.elibron.com\/catalog\/wp-json\/wp\/v2\/product_cat?post=29738"},{"taxonomy":"product_tag","embeddable":true,"href":"https:\/\/www.elibron.com\/catalog\/wp-json\/wp\/v2\/product_tag?post=29738"}],"curies":[{"name":"wp","href":"https:\/\/api.w.org\/{rel}","templated":true}]}}