{"id":29594,"date":"2017-04-03T18:33:21","date_gmt":"2017-04-03T18:33:21","guid":{"rendered":"https:\/\/www.elibron.com\/catalog\/product\/dictionnaire-de-la-danse-historique-theorique-pratique-et-bibliographique-depuis-lorigine-de-la-danse-jusqua-nos-jours-avec-preface-de-ch-nuitter\/"},"modified":"2017-04-06T06:44:44","modified_gmt":"2017-04-06T06:44:44","slug":"dictionnaire-de-la-danse-historique-theorique-pratique-et-bibliographique-depuis-lorigine-de-la-danse-jusqua-nos-jours-avec-preface-de-ch-nuitter","status":"publish","type":"product","link":"https:\/\/www.elibron.com\/catalog\/product\/dictionnaire-de-la-danse-historique-theorique-pratique-et-bibliographique-depuis-lorigine-de-la-danse-jusqua-nos-jours-avec-preface-de-ch-nuitter\/","title":{"rendered":"Dictionnaire de la danse historique, th\u00e9orique, pratique et bibliographique, depuis l&#8217;origine de la danse jusqu&#8217;\u00e0 nos jours. Avec pr\u00e9face de Ch. Nuitter"},"content":{"rendered":"<aside class=\"mashsb-container mashsb-main mashsb-stretched\"><div class=\"mashsb-box\"><div class=\"mashsb-buttons\"><a  class=\"mashicon-facebook mash-large mash-center mashsb-noshadow\" href=\"https:\/\/www.facebook.com\/sharer.php?u=https%3A%2F%2Fwww.elibron.com%2Fcatalog%2Fproduct%2Fdictionnaire-de-la-danse-historique-theorique-pratique-et-bibliographique-depuis-lorigine-de-la-danse-jusqua-nos-jours-avec-preface-de-ch-nuitter%2F\" target=\"_blank\" rel=\"noopener nofollow\"><span class=\"icon\"><\/span><span class=\"text\">Share<\/span><\/a><a  class=\"mashicon-twitter mash-large mash-center mashsb-noshadow\" href=\"https:\/\/twitter.com\/intent\/tweet?text=&url=https:\/\/www.elibron.com\/catalog\/product\/dictionnaire-de-la-danse-historique-theorique-pratique-et-bibliographique-depuis-lorigine-de-la-danse-jusqua-nos-jours-avec-preface-de-ch-nuitter\/&via=ElibronBooks\" target=\"_blank\" rel=\"noopener nofollow\"><span class=\"icon\"><\/span><span class=\"text\">Tweet<\/span><\/a><div class=\"onoffswitch2 mash-large mashsb-noshadow\" style=\"display:none;\"><\/div><\/div>\r\n            <\/div>\r\n                <div style=\"clear:both;\"><\/div><div class=\"mashsb-toggle-container\"><\/div><\/aside>\r\n            <!-- Share buttons by mashshare.net - Version: 3.5.7-->","protected":false},"excerpt":{"rendered":"","protected":false},"featured_media":29595,"comment_status":"closed","ping_status":"open","template":"","meta":{"_acf_changed":false,"jetpack_post_was_ever_published":false,"jetpack_publicize_message":"","jetpack_publicize_feature_enabled":true,"jetpack_social_post_already_shared":false,"jetpack_social_options":{"image_generator_settings":{"template":"highway","enabled":false},"version":2}},"product_brand":[],"product_cat":[2398,6,2414,2599,2394],"product_tag":[182,225,2600,224],"class_list":{"0":"post-29594","1":"product","2":"type-product","3":"status-publish","4":"has-post-thumbnail","6":"product_cat-arts-entertainment-books","7":"product_cat-books","8":"product_cat-encyclopedias-books","9":"product_cat-modern-dance","10":"product_cat-reference-books","11":"product_tag-arts-entertainment","12":"product_tag-encyclopedias","13":"product_tag-modern-dance","14":"product_tag-reference","16":"first","17":"instock","18":"purchasable","19":"product-type-simple"},"jetpack_publicize_connections":[],"acf":[],"jetpack_sharing_enabled":true,"_links":{"self":[{"href":"https:\/\/www.elibron.com\/catalog\/wp-json\/wp\/v2\/product\/29594","targetHints":{"allow":["GET"]}}],"collection":[{"href":"https:\/\/www.elibron.com\/catalog\/wp-json\/wp\/v2\/product"}],"about":[{"href":"https:\/\/www.elibron.com\/catalog\/wp-json\/wp\/v2\/types\/product"}],"replies":[{"embeddable":true,"href":"https:\/\/www.elibron.com\/catalog\/wp-json\/wp\/v2\/comments?post=29594"}],"wp:featuredmedia":[{"embeddable":true,"href":"https:\/\/www.elibron.com\/catalog\/wp-json\/wp\/v2\/media\/29595"}],"wp:attachment":[{"href":"https:\/\/www.elibron.com\/catalog\/wp-json\/wp\/v2\/media?parent=29594"}],"wp:term":[{"taxonomy":"product_brand","embeddable":true,"href":"https:\/\/www.elibron.com\/catalog\/wp-json\/wp\/v2\/product_brand?post=29594"},{"taxonomy":"product_cat","embeddable":true,"href":"https:\/\/www.elibron.com\/catalog\/wp-json\/wp\/v2\/product_cat?post=29594"},{"taxonomy":"product_tag","embeddable":true,"href":"https:\/\/www.elibron.com\/catalog\/wp-json\/wp\/v2\/product_tag?post=29594"}],"curies":[{"name":"wp","href":"https:\/\/api.w.org\/{rel}","templated":true}]}}