{"id":29126,"date":"2017-04-03T18:20:56","date_gmt":"2017-04-03T18:20:56","guid":{"rendered":"https:\/\/www.elibron.com\/catalog\/product\/william-staffords-drei-gesprache-uber-die-in-der-bevolkerung-verbreiteten-klagen-ubersetzt-von-dr-hoops-und-herausgegeben-von-emanuel-leser\/"},"modified":"2017-04-06T06:40:23","modified_gmt":"2017-04-06T06:40:23","slug":"william-staffords-drei-gesprache-uber-die-in-der-bevolkerung-verbreiteten-klagen-ubersetzt-von-dr-hoops-und-herausgegeben-von-emanuel-leser","status":"publish","type":"product","link":"https:\/\/www.elibron.com\/catalog\/product\/william-staffords-drei-gesprache-uber-die-in-der-bevolkerung-verbreiteten-klagen-ubersetzt-von-dr-hoops-und-herausgegeben-von-emanuel-leser\/","title":{"rendered":"William Stafford&#8217;s drei Gespr\u00e4che \u00fcber die in der Bev\u00f6lkerung verbreiteten Klagen. \u00dcbersetzt von Dr. Hoops und herausgegeben von Emanuel Leser"},"content":{"rendered":"<aside class=\"mashsb-container mashsb-main mashsb-stretched\"><div class=\"mashsb-box\"><div class=\"mashsb-buttons\"><a  class=\"mashicon-facebook mash-large mash-center mashsb-noshadow\" href=\"https:\/\/www.facebook.com\/sharer.php?u=https%3A%2F%2Fwww.elibron.com%2Fcatalog%2Fproduct%2Fwilliam-staffords-drei-gesprache-uber-die-in-der-bevolkerung-verbreiteten-klagen-ubersetzt-von-dr-hoops-und-herausgegeben-von-emanuel-leser%2F\" target=\"_blank\" rel=\"noopener nofollow\"><span class=\"icon\"><\/span><span class=\"text\">Share<\/span><\/a><a  class=\"mashicon-twitter mash-large mash-center mashsb-noshadow\" href=\"https:\/\/twitter.com\/intent\/tweet?text=&url=https:\/\/www.elibron.com\/catalog\/product\/william-staffords-drei-gesprache-uber-die-in-der-bevolkerung-verbreiteten-klagen-ubersetzt-von-dr-hoops-und-herausgegeben-von-emanuel-leser\/&via=ElibronBooks\" target=\"_blank\" rel=\"noopener nofollow\"><span class=\"icon\"><\/span><span class=\"text\">Tweet<\/span><\/a><div class=\"onoffswitch2 mash-large mashsb-noshadow\" style=\"display:none;\"><\/div><\/div>\r\n            <\/div>\r\n                <div style=\"clear:both;\"><\/div><div class=\"mashsb-toggle-container\"><\/div><\/aside>\r\n            <!-- Share buttons by mashshare.net - Version: 3.5.7-->","protected":false},"excerpt":{"rendered":"","protected":false},"featured_media":29127,"comment_status":"closed","ping_status":"open","template":"","meta":{"_acf_changed":false,"jetpack_post_was_ever_published":false,"jetpack_publicize_message":"","jetpack_publicize_feature_enabled":true,"jetpack_social_post_already_shared":false,"jetpack_social_options":{"image_generator_settings":{"template":"highway","enabled":false},"version":2}},"product_brand":[],"product_cat":[6,2448],"product_tag":[360],"class_list":{"0":"post-29126","1":"product","2":"type-product","3":"status-publish","4":"has-post-thumbnail","6":"product_cat-books","7":"product_cat-business-books","8":"product_tag-business","10":"first","11":"instock","12":"purchasable","13":"product-type-simple"},"jetpack_publicize_connections":[],"acf":[],"jetpack_sharing_enabled":true,"_links":{"self":[{"href":"https:\/\/www.elibron.com\/catalog\/wp-json\/wp\/v2\/product\/29126","targetHints":{"allow":["GET"]}}],"collection":[{"href":"https:\/\/www.elibron.com\/catalog\/wp-json\/wp\/v2\/product"}],"about":[{"href":"https:\/\/www.elibron.com\/catalog\/wp-json\/wp\/v2\/types\/product"}],"replies":[{"embeddable":true,"href":"https:\/\/www.elibron.com\/catalog\/wp-json\/wp\/v2\/comments?post=29126"}],"wp:featuredmedia":[{"embeddable":true,"href":"https:\/\/www.elibron.com\/catalog\/wp-json\/wp\/v2\/media\/29127"}],"wp:attachment":[{"href":"https:\/\/www.elibron.com\/catalog\/wp-json\/wp\/v2\/media?parent=29126"}],"wp:term":[{"taxonomy":"product_brand","embeddable":true,"href":"https:\/\/www.elibron.com\/catalog\/wp-json\/wp\/v2\/product_brand?post=29126"},{"taxonomy":"product_cat","embeddable":true,"href":"https:\/\/www.elibron.com\/catalog\/wp-json\/wp\/v2\/product_cat?post=29126"},{"taxonomy":"product_tag","embeddable":true,"href":"https:\/\/www.elibron.com\/catalog\/wp-json\/wp\/v2\/product_tag?post=29126"}],"curies":[{"name":"wp","href":"https:\/\/api.w.org\/{rel}","templated":true}]}}