{"id":26580,"date":"2017-04-03T17:19:09","date_gmt":"2017-04-03T17:19:09","guid":{"rendered":"https:\/\/www.elibron.com\/catalog\/product\/depecoration-viehabnahme-in-europa-volkswirthschaftlich-agronomische-studie-zugleich-mahnruf-an-regierungen-und-landwirthe-zivilisierter-staaten-womit-die-wachsende-calamitat-zu-bekampfen-ware\/"},"modified":"2017-04-06T06:17:05","modified_gmt":"2017-04-06T06:17:05","slug":"depecoration-viehabnahme-in-europa-volkswirthschaftlich-agronomische-studie-zugleich-mahnruf-an-regierungen-und-landwirthe-zivilisierter-staaten-womit-die-wachsende-calamitat-zu-bekampfen-ware","status":"publish","type":"product","link":"https:\/\/www.elibron.com\/catalog\/product\/depecoration-viehabnahme-in-europa-volkswirthschaftlich-agronomische-studie-zugleich-mahnruf-an-regierungen-und-landwirthe-zivilisierter-staaten-womit-die-wachsende-calamitat-zu-bekampfen-ware\/","title":{"rendered":"Depecoration (Viehabnahme) in Europa. Volkswirthschaftlich-agronomische Studie zugleich Mahnruf an Regierungen und Landwirthe zivilisierter Staaten, womit die wachsende Calamit\u00e4t zu bek\u00e4mpfen w\u00e4re"},"content":{"rendered":"<aside class=\"mashsb-container mashsb-main mashsb-stretched\"><div class=\"mashsb-box\"><div class=\"mashsb-buttons\"><a  class=\"mashicon-facebook mash-large mash-center mashsb-noshadow\" href=\"https:\/\/www.facebook.com\/sharer.php?u=https%3A%2F%2Fwww.elibron.com%2Fcatalog%2Fproduct%2Fdepecoration-viehabnahme-in-europa-volkswirthschaftlich-agronomische-studie-zugleich-mahnruf-an-regierungen-und-landwirthe-zivilisierter-staaten-womit-die-wachsende-calamitat-zu-bekampfen-ware%2F\" target=\"_blank\" rel=\"noopener nofollow\"><span class=\"icon\"><\/span><span class=\"text\">Share<\/span><\/a><a  class=\"mashicon-twitter mash-large mash-center mashsb-noshadow\" href=\"https:\/\/twitter.com\/intent\/tweet?text=&url=https:\/\/www.elibron.com\/catalog\/product\/depecoration-viehabnahme-in-europa-volkswirthschaftlich-agronomische-studie-zugleich-mahnruf-an-regierungen-und-landwirthe-zivilisierter-staaten-womit-die-wachsende-calamitat-zu-bekampfen-ware\/&via=ElibronBooks\" target=\"_blank\" rel=\"noopener nofollow\"><span class=\"icon\"><\/span><span class=\"text\">Tweet<\/span><\/a><div class=\"onoffswitch2 mash-large mashsb-noshadow\" style=\"display:none;\"><\/div><\/div>\r\n            <\/div>\r\n                <div style=\"clear:both;\"><\/div><div class=\"mashsb-toggle-container\"><\/div><\/aside>\r\n            <!-- Share buttons by mashshare.net - Version: 3.5.7-->","protected":false},"excerpt":{"rendered":"","protected":false},"featured_media":26581,"comment_status":"closed","ping_status":"open","template":"","meta":{"_acf_changed":false,"jetpack_post_was_ever_published":false,"jetpack_publicize_message":"","jetpack_publicize_feature_enabled":true,"jetpack_social_post_already_shared":false,"jetpack_social_options":{"image_generator_settings":{"template":"highway","enabled":false},"version":2}},"product_brand":[],"product_cat":[2535,6,2365],"product_tag":[955,91],"class_list":{"0":"post-26580","1":"product","2":"type-product","3":"status-publish","4":"has-post-thumbnail","6":"product_cat-agricultural-science","7":"product_cat-books","8":"product_cat-sciences-books","9":"product_tag-agricultural-science","10":"product_tag-sciences","12":"first","13":"instock","14":"purchasable","15":"product-type-simple"},"jetpack_publicize_connections":[],"acf":[],"jetpack_sharing_enabled":true,"_links":{"self":[{"href":"https:\/\/www.elibron.com\/catalog\/wp-json\/wp\/v2\/product\/26580","targetHints":{"allow":["GET"]}}],"collection":[{"href":"https:\/\/www.elibron.com\/catalog\/wp-json\/wp\/v2\/product"}],"about":[{"href":"https:\/\/www.elibron.com\/catalog\/wp-json\/wp\/v2\/types\/product"}],"replies":[{"embeddable":true,"href":"https:\/\/www.elibron.com\/catalog\/wp-json\/wp\/v2\/comments?post=26580"}],"wp:featuredmedia":[{"embeddable":true,"href":"https:\/\/www.elibron.com\/catalog\/wp-json\/wp\/v2\/media\/26581"}],"wp:attachment":[{"href":"https:\/\/www.elibron.com\/catalog\/wp-json\/wp\/v2\/media?parent=26580"}],"wp:term":[{"taxonomy":"product_brand","embeddable":true,"href":"https:\/\/www.elibron.com\/catalog\/wp-json\/wp\/v2\/product_brand?post=26580"},{"taxonomy":"product_cat","embeddable":true,"href":"https:\/\/www.elibron.com\/catalog\/wp-json\/wp\/v2\/product_cat?post=26580"},{"taxonomy":"product_tag","embeddable":true,"href":"https:\/\/www.elibron.com\/catalog\/wp-json\/wp\/v2\/product_tag?post=26580"}],"curies":[{"name":"wp","href":"https:\/\/api.w.org\/{rel}","templated":true}]}}