{"id":26414,"date":"2017-04-03T17:15:41","date_gmt":"2017-04-03T17:15:41","guid":{"rendered":"https:\/\/www.elibron.com\/catalog\/product\/discours-de-m-thiers-depute-de-la-seine-sur-lexpedition-du-mexique-prononces-dans-la-discussion-de-ladresse-au-corps-legislatif-seances-des-26-et-27-janvier-1864\/"},"modified":"2017-04-06T06:15:37","modified_gmt":"2017-04-06T06:15:37","slug":"discours-de-m-thiers-depute-de-la-seine-sur-lexpedition-du-mexique-prononces-dans-la-discussion-de-ladresse-au-corps-legislatif-seances-des-26-et-27-janvier-1864","status":"publish","type":"product","link":"https:\/\/www.elibron.com\/catalog\/product\/discours-de-m-thiers-depute-de-la-seine-sur-lexpedition-du-mexique-prononces-dans-la-discussion-de-ladresse-au-corps-legislatif-seances-des-26-et-27-janvier-1864\/","title":{"rendered":"Discours de M. Thiers, d\u00e9put\u00e9 de la Seine, sur l&#8217;exp\u00e9dition du Mexique. Prononc\u00e9s dans la discussion de l&#8217;adresse au Corps l\u00e9gislatif. S\u00e9ances des 26 et 27 Janvier 1864"},"content":{"rendered":"<aside class=\"mashsb-container mashsb-main mashsb-stretched\"><div class=\"mashsb-box\"><div class=\"mashsb-buttons\"><a  class=\"mashicon-facebook mash-large mash-center mashsb-noshadow\" href=\"https:\/\/www.facebook.com\/sharer.php?u=https%3A%2F%2Fwww.elibron.com%2Fcatalog%2Fproduct%2Fdiscours-de-m-thiers-depute-de-la-seine-sur-lexpedition-du-mexique-prononces-dans-la-discussion-de-ladresse-au-corps-legislatif-seances-des-26-et-27-janvier-1864%2F\" target=\"_blank\" rel=\"noopener nofollow\"><span class=\"icon\"><\/span><span class=\"text\">Share<\/span><\/a><a  class=\"mashicon-twitter mash-large mash-center mashsb-noshadow\" href=\"https:\/\/twitter.com\/intent\/tweet?text=&url=https:\/\/www.elibron.com\/catalog\/product\/discours-de-m-thiers-depute-de-la-seine-sur-lexpedition-du-mexique-prononces-dans-la-discussion-de-ladresse-au-corps-legislatif-seances-des-26-et-27-janvier-1864\/&via=ElibronBooks\" target=\"_blank\" rel=\"noopener nofollow\"><span class=\"icon\"><\/span><span class=\"text\">Tweet<\/span><\/a><div class=\"onoffswitch2 mash-large mashsb-noshadow\" style=\"display:none;\"><\/div><\/div>\r\n            <\/div>\r\n                <div style=\"clear:both;\"><\/div><div class=\"mashsb-toggle-container\"><\/div><\/aside>\r\n            <!-- Share buttons by mashshare.net - Version: 3.5.7-->","protected":false},"excerpt":{"rendered":"","protected":false},"featured_media":26415,"comment_status":"closed","ping_status":"open","template":"","meta":{"_acf_changed":false,"jetpack_post_was_ever_published":false,"jetpack_publicize_message":"","jetpack_publicize_feature_enabled":true,"jetpack_social_post_already_shared":false,"jetpack_social_options":{"image_generator_settings":{"template":"highway","enabled":false},"version":2}},"product_brand":[],"product_cat":[6,2356,2355,2450,2403,2366],"product_tag":[79,74,597,199,94],"class_list":{"0":"post-26414","1":"product","2":"type-product","3":"status-publish","4":"has-post-thumbnail","6":"product_cat-books","7":"product_cat-europe-books","8":"product_cat-history-books","9":"product_cat-latin-america-books","10":"product_cat-politics-political-science-books","11":"product_cat-society-social-sciences-books","12":"product_tag-europe","13":"product_tag-history","14":"product_tag-latin-america","15":"product_tag-politics-political-science","16":"product_tag-society-social-sciences","18":"first","19":"instock","20":"purchasable","21":"product-type-simple"},"jetpack_publicize_connections":[],"acf":[],"jetpack_sharing_enabled":true,"_links":{"self":[{"href":"https:\/\/www.elibron.com\/catalog\/wp-json\/wp\/v2\/product\/26414","targetHints":{"allow":["GET"]}}],"collection":[{"href":"https:\/\/www.elibron.com\/catalog\/wp-json\/wp\/v2\/product"}],"about":[{"href":"https:\/\/www.elibron.com\/catalog\/wp-json\/wp\/v2\/types\/product"}],"replies":[{"embeddable":true,"href":"https:\/\/www.elibron.com\/catalog\/wp-json\/wp\/v2\/comments?post=26414"}],"wp:featuredmedia":[{"embeddable":true,"href":"https:\/\/www.elibron.com\/catalog\/wp-json\/wp\/v2\/media\/26415"}],"wp:attachment":[{"href":"https:\/\/www.elibron.com\/catalog\/wp-json\/wp\/v2\/media?parent=26414"}],"wp:term":[{"taxonomy":"product_brand","embeddable":true,"href":"https:\/\/www.elibron.com\/catalog\/wp-json\/wp\/v2\/product_brand?post=26414"},{"taxonomy":"product_cat","embeddable":true,"href":"https:\/\/www.elibron.com\/catalog\/wp-json\/wp\/v2\/product_cat?post=26414"},{"taxonomy":"product_tag","embeddable":true,"href":"https:\/\/www.elibron.com\/catalog\/wp-json\/wp\/v2\/product_tag?post=26414"}],"curies":[{"name":"wp","href":"https:\/\/api.w.org\/{rel}","templated":true}]}}