{"id":25596,"date":"2017-04-03T16:45:12","date_gmt":"2017-04-03T16:45:12","guid":{"rendered":"https:\/\/www.elibron.com\/catalog\/product\/beschreibung-der-stadt-rom-mit-beitragen-von-b-g-niebuhr-und-einer-geognostischen-abhandlung-von-f-hoffmann-erlautert-durch-plane-band-iii-die-sieben-hugel-der-pincio-das-marsfeld-und-trastev\/"},"modified":"2017-04-06T06:08:01","modified_gmt":"2017-04-06T06:08:01","slug":"beschreibung-der-stadt-rom-mit-beitragen-von-b-g-niebuhr-und-einer-geognostischen-abhandlung-von-f-hoffmann-erlautert-durch-plane-band-iii-die-sieben-hugel-der-pincio-das-marsfeld-und-trastev","status":"publish","type":"product","link":"https:\/\/www.elibron.com\/catalog\/product\/beschreibung-der-stadt-rom-mit-beitragen-von-b-g-niebuhr-und-einer-geognostischen-abhandlung-von-f-hoffmann-erlautert-durch-plane-band-iii-die-sieben-hugel-der-pincio-das-marsfeld-und-trastev\/","title":{"rendered":"Beschreibung der Stadt Rom. Mit Beitr\u00e4gen von B. G. Niebuhr und einer geognostischen Abhandlung von F. Hoffmann. Erl\u00e4utert durch Pl\u00e4ne. Band III. Die sieben H\u00fcgel, der Pincio, das Marsfeld und Trastevere. Abteilung 1. Kapitol und Forum, Palatin"},"content":{"rendered":"<aside class=\"mashsb-container mashsb-main mashsb-stretched\"><div class=\"mashsb-box\"><div class=\"mashsb-buttons\"><a  class=\"mashicon-facebook mash-large mash-center mashsb-noshadow\" href=\"https:\/\/www.facebook.com\/sharer.php?u=https%3A%2F%2Fwww.elibron.com%2Fcatalog%2Fproduct%2Fbeschreibung-der-stadt-rom-mit-beitragen-von-b-g-niebuhr-und-einer-geognostischen-abhandlung-von-f-hoffmann-erlautert-durch-plane-band-iii-die-sieben-hugel-der-pincio-das-marsfeld-und-trastev%2F\" target=\"_blank\" rel=\"noopener nofollow\"><span class=\"icon\"><\/span><span class=\"text\">Share<\/span><\/a><a  class=\"mashicon-twitter mash-large mash-center mashsb-noshadow\" href=\"https:\/\/twitter.com\/intent\/tweet?text=&url=https:\/\/www.elibron.com\/catalog\/product\/beschreibung-der-stadt-rom-mit-beitragen-von-b-g-niebuhr-und-einer-geognostischen-abhandlung-von-f-hoffmann-erlautert-durch-plane-band-iii-die-sieben-hugel-der-pincio-das-marsfeld-und-trastev\/&via=ElibronBooks\" target=\"_blank\" rel=\"noopener nofollow\"><span class=\"icon\"><\/span><span class=\"text\">Tweet<\/span><\/a><div class=\"onoffswitch2 mash-large mashsb-noshadow\" style=\"display:none;\"><\/div><\/div>\r\n            <\/div>\r\n                <div style=\"clear:both;\"><\/div><div class=\"mashsb-toggle-container\"><\/div><\/aside>\r\n            <!-- Share buttons by mashshare.net - Version: 3.5.7-->","protected":false},"excerpt":{"rendered":"","protected":false},"featured_media":25597,"comment_status":"closed","ping_status":"open","template":"","meta":{"_acf_changed":false,"jetpack_post_was_ever_published":false,"jetpack_publicize_message":"","jetpack_publicize_feature_enabled":true,"jetpack_social_post_already_shared":false,"jetpack_social_options":{"image_generator_settings":{"template":"highway","enabled":false},"version":2}},"product_brand":[],"product_cat":[2409,6,2358,2410,2355,2357,2359],"product_tag":[214,76,236,74,193,77],"class_list":{"0":"post-25596","1":"product","2":"type-product","3":"status-publish","4":"has-post-thumbnail","6":"product_cat-ancient-history","7":"product_cat-books","8":"product_cat-countries-maps-books","9":"product_cat-general-books","10":"product_cat-history-books","11":"product_cat-travel-books","12":"product_cat-travel-guides-books","13":"product_tag-ancient-history","14":"product_tag-countries-maps","15":"product_tag-general","16":"product_tag-history","17":"product_tag-travel","18":"product_tag-travel-guides","20":"first","21":"instock","22":"purchasable","23":"product-type-simple"},"jetpack_publicize_connections":[],"acf":[],"jetpack_sharing_enabled":true,"_links":{"self":[{"href":"https:\/\/www.elibron.com\/catalog\/wp-json\/wp\/v2\/product\/25596","targetHints":{"allow":["GET"]}}],"collection":[{"href":"https:\/\/www.elibron.com\/catalog\/wp-json\/wp\/v2\/product"}],"about":[{"href":"https:\/\/www.elibron.com\/catalog\/wp-json\/wp\/v2\/types\/product"}],"replies":[{"embeddable":true,"href":"https:\/\/www.elibron.com\/catalog\/wp-json\/wp\/v2\/comments?post=25596"}],"wp:featuredmedia":[{"embeddable":true,"href":"https:\/\/www.elibron.com\/catalog\/wp-json\/wp\/v2\/media\/25597"}],"wp:attachment":[{"href":"https:\/\/www.elibron.com\/catalog\/wp-json\/wp\/v2\/media?parent=25596"}],"wp:term":[{"taxonomy":"product_brand","embeddable":true,"href":"https:\/\/www.elibron.com\/catalog\/wp-json\/wp\/v2\/product_brand?post=25596"},{"taxonomy":"product_cat","embeddable":true,"href":"https:\/\/www.elibron.com\/catalog\/wp-json\/wp\/v2\/product_cat?post=25596"},{"taxonomy":"product_tag","embeddable":true,"href":"https:\/\/www.elibron.com\/catalog\/wp-json\/wp\/v2\/product_tag?post=25596"}],"curies":[{"name":"wp","href":"https:\/\/api.w.org\/{rel}","templated":true}]}}