{"id":25286,"date":"2017-04-03T16:40:03","date_gmt":"2017-04-03T16:40:03","guid":{"rendered":"https:\/\/www.elibron.com\/catalog\/product\/histoire-abregee-des-traites-de-paix-entre-les-puissances-de-leurope-depuis-la-paix-de-westphalie-ouvrage-entierement-refondu-augmente-et-continue-jusquau-congres-de-vienne-et-aux-traites-de-paris\/"},"modified":"2017-04-06T06:05:11","modified_gmt":"2017-04-06T06:05:11","slug":"histoire-abregee-des-traites-de-paix-entre-les-puissances-de-leurope-depuis-la-paix-de-westphalie-ouvrage-entierement-refondu-augmente-et-continue-jusquau-congres-de-vienne-et-aux-traites-de-paris","status":"publish","type":"product","link":"https:\/\/www.elibron.com\/catalog\/product\/histoire-abregee-des-traites-de-paix-entre-les-puissances-de-leurope-depuis-la-paix-de-westphalie-ouvrage-entierement-refondu-augmente-et-continue-jusquau-congres-de-vienne-et-aux-traites-de-paris\/","title":{"rendered":"Histoire abr\u00e9g\u00e9e des trait\u00e9s de paix entre les puissances de l&#8217;Europe depuis la paix de Westphalie. Ouvrage enti\u00e8rement refondu, augment\u00e9 et continu\u00e9 jusqu&#8217;au Congr\u00e8s de Vienne et aux trait\u00e9s de Paris de 1815 par F. Schoell. Tome 2"},"content":{"rendered":"<aside class=\"mashsb-container mashsb-main mashsb-stretched\"><div class=\"mashsb-box\"><div class=\"mashsb-buttons\"><a  class=\"mashicon-facebook mash-large mash-center mashsb-noshadow\" href=\"https:\/\/www.facebook.com\/sharer.php?u=https%3A%2F%2Fwww.elibron.com%2Fcatalog%2Fproduct%2Fhistoire-abregee-des-traites-de-paix-entre-les-puissances-de-leurope-depuis-la-paix-de-westphalie-ouvrage-entierement-refondu-augmente-et-continue-jusquau-congres-de-vienne-et-aux-traites-de-paris%2F\" target=\"_blank\" rel=\"noopener nofollow\"><span class=\"icon\"><\/span><span class=\"text\">Share<\/span><\/a><a  class=\"mashicon-twitter mash-large mash-center mashsb-noshadow\" href=\"https:\/\/twitter.com\/intent\/tweet?text=&url=https:\/\/www.elibron.com\/catalog\/product\/histoire-abregee-des-traites-de-paix-entre-les-puissances-de-leurope-depuis-la-paix-de-westphalie-ouvrage-entierement-refondu-augmente-et-continue-jusquau-congres-de-vienne-et-aux-traites-de-paris\/&via=ElibronBooks\" target=\"_blank\" rel=\"noopener nofollow\"><span class=\"icon\"><\/span><span class=\"text\">Tweet<\/span><\/a><div class=\"onoffswitch2 mash-large mashsb-noshadow\" style=\"display:none;\"><\/div><\/div>\r\n            <\/div>\r\n                <div style=\"clear:both;\"><\/div><div class=\"mashsb-toggle-container\"><\/div><\/aside>\r\n            <!-- Share buttons by mashshare.net - Version: 3.5.7-->","protected":false},"excerpt":{"rendered":"","protected":false},"featured_media":25287,"comment_status":"closed","ping_status":"open","template":"","meta":{"_acf_changed":false,"jetpack_post_was_ever_published":false,"jetpack_publicize_message":"","jetpack_publicize_feature_enabled":true,"jetpack_social_post_already_shared":false,"jetpack_social_options":{"image_generator_settings":{"template":"highway","enabled":false},"version":2}},"product_brand":[],"product_cat":[6,2356,2355,2403,2366],"product_tag":[79,74,199,94],"class_list":{"0":"post-25286","1":"product","2":"type-product","3":"status-publish","4":"has-post-thumbnail","6":"product_cat-books","7":"product_cat-europe-books","8":"product_cat-history-books","9":"product_cat-politics-political-science-books","10":"product_cat-society-social-sciences-books","11":"product_tag-europe","12":"product_tag-history","13":"product_tag-politics-political-science","14":"product_tag-society-social-sciences","16":"first","17":"instock","18":"purchasable","19":"product-type-simple"},"jetpack_publicize_connections":[],"acf":[],"jetpack_sharing_enabled":true,"_links":{"self":[{"href":"https:\/\/www.elibron.com\/catalog\/wp-json\/wp\/v2\/product\/25286","targetHints":{"allow":["GET"]}}],"collection":[{"href":"https:\/\/www.elibron.com\/catalog\/wp-json\/wp\/v2\/product"}],"about":[{"href":"https:\/\/www.elibron.com\/catalog\/wp-json\/wp\/v2\/types\/product"}],"replies":[{"embeddable":true,"href":"https:\/\/www.elibron.com\/catalog\/wp-json\/wp\/v2\/comments?post=25286"}],"wp:featuredmedia":[{"embeddable":true,"href":"https:\/\/www.elibron.com\/catalog\/wp-json\/wp\/v2\/media\/25287"}],"wp:attachment":[{"href":"https:\/\/www.elibron.com\/catalog\/wp-json\/wp\/v2\/media?parent=25286"}],"wp:term":[{"taxonomy":"product_brand","embeddable":true,"href":"https:\/\/www.elibron.com\/catalog\/wp-json\/wp\/v2\/product_brand?post=25286"},{"taxonomy":"product_cat","embeddable":true,"href":"https:\/\/www.elibron.com\/catalog\/wp-json\/wp\/v2\/product_cat?post=25286"},{"taxonomy":"product_tag","embeddable":true,"href":"https:\/\/www.elibron.com\/catalog\/wp-json\/wp\/v2\/product_tag?post=25286"}],"curies":[{"name":"wp","href":"https:\/\/api.w.org\/{rel}","templated":true}]}}