{"id":24420,"date":"2017-04-03T16:25:41","date_gmt":"2017-04-03T16:25:41","guid":{"rendered":"https:\/\/www.elibron.com\/catalog\/product\/economie-rustique-ou-notions-simples-et-faciles-sur-la-botanique-la-medecine-la-pharmacie-la-cuisine-et-loffice-sur-la-jurisprudence-rurale-sur-le-calcul-la-geometrie-pratique-larpentage-la\/"},"modified":"2017-04-06T05:57:17","modified_gmt":"2017-04-06T05:57:17","slug":"economie-rustique-ou-notions-simples-et-faciles-sur-la-botanique-la-medecine-la-pharmacie-la-cuisine-et-loffice-sur-la-jurisprudence-rurale-sur-le-calcul-la-geometrie-pratique-larpentage-la","status":"publish","type":"product","link":"https:\/\/www.elibron.com\/catalog\/product\/economie-rustique-ou-notions-simples-et-faciles-sur-la-botanique-la-medecine-la-pharmacie-la-cuisine-et-loffice-sur-la-jurisprudence-rurale-sur-le-calcul-la-geometrie-pratique-larpentage-la\/","title":{"rendered":"\u00c9conomie rustique. Ou notions simples et faciles sur la botanique, la m\u00e9decine, la pharmacie, la cuisine et l&#8217;office, sur la jurisprudence rurale, sur le calcul, la g\u00e9om\u00e9trie-pratique, l&#8217;arpentage, la construction et le tois\u00e9 des b\u00e2timents etc"},"content":{"rendered":"<aside class=\"mashsb-container mashsb-main mashsb-stretched\"><div class=\"mashsb-box\"><div class=\"mashsb-buttons\"><a  class=\"mashicon-facebook mash-large mash-center mashsb-noshadow\" href=\"https:\/\/www.facebook.com\/sharer.php?u=https%3A%2F%2Fwww.elibron.com%2Fcatalog%2Fproduct%2Feconomie-rustique-ou-notions-simples-et-faciles-sur-la-botanique-la-medecine-la-pharmacie-la-cuisine-et-loffice-sur-la-jurisprudence-rurale-sur-le-calcul-la-geometrie-pratique-larpentage-la%2F\" target=\"_blank\" rel=\"noopener nofollow\"><span class=\"icon\"><\/span><span class=\"text\">Share<\/span><\/a><a  class=\"mashicon-twitter mash-large mash-center mashsb-noshadow\" href=\"https:\/\/twitter.com\/intent\/tweet?text=&url=https:\/\/www.elibron.com\/catalog\/product\/economie-rustique-ou-notions-simples-et-faciles-sur-la-botanique-la-medecine-la-pharmacie-la-cuisine-et-loffice-sur-la-jurisprudence-rurale-sur-le-calcul-la-geometrie-pratique-larpentage-la\/&via=ElibronBooks\" target=\"_blank\" rel=\"noopener nofollow\"><span class=\"icon\"><\/span><span class=\"text\">Tweet<\/span><\/a><div class=\"onoffswitch2 mash-large mashsb-noshadow\" style=\"display:none;\"><\/div><\/div>\r\n            <\/div>\r\n                <div style=\"clear:both;\"><\/div><div class=\"mashsb-toggle-container\"><\/div><\/aside>\r\n            <!-- Share buttons by mashshare.net - Version: 3.5.7-->","protected":false},"excerpt":{"rendered":"","protected":false},"featured_media":24421,"comment_status":"closed","ping_status":"open","template":"","meta":{"_acf_changed":false,"jetpack_post_was_ever_published":false,"jetpack_publicize_message":"","jetpack_publicize_feature_enabled":true,"jetpack_social_post_already_shared":false,"jetpack_social_options":{"image_generator_settings":{"template":"highway","enabled":false},"version":2}},"product_brand":[],"product_cat":[2485,6,2448],"product_tag":[549,360],"class_list":{"0":"post-24420","1":"product","2":"type-product","3":"status-publish","4":"has-post-thumbnail","6":"product_cat-agribusiness","7":"product_cat-books","8":"product_cat-business-books","9":"product_tag-agribusiness","10":"product_tag-business","12":"first","13":"instock","14":"purchasable","15":"product-type-simple"},"jetpack_publicize_connections":[],"acf":[],"jetpack_sharing_enabled":true,"_links":{"self":[{"href":"https:\/\/www.elibron.com\/catalog\/wp-json\/wp\/v2\/product\/24420","targetHints":{"allow":["GET"]}}],"collection":[{"href":"https:\/\/www.elibron.com\/catalog\/wp-json\/wp\/v2\/product"}],"about":[{"href":"https:\/\/www.elibron.com\/catalog\/wp-json\/wp\/v2\/types\/product"}],"replies":[{"embeddable":true,"href":"https:\/\/www.elibron.com\/catalog\/wp-json\/wp\/v2\/comments?post=24420"}],"wp:featuredmedia":[{"embeddable":true,"href":"https:\/\/www.elibron.com\/catalog\/wp-json\/wp\/v2\/media\/24421"}],"wp:attachment":[{"href":"https:\/\/www.elibron.com\/catalog\/wp-json\/wp\/v2\/media?parent=24420"}],"wp:term":[{"taxonomy":"product_brand","embeddable":true,"href":"https:\/\/www.elibron.com\/catalog\/wp-json\/wp\/v2\/product_brand?post=24420"},{"taxonomy":"product_cat","embeddable":true,"href":"https:\/\/www.elibron.com\/catalog\/wp-json\/wp\/v2\/product_cat?post=24420"},{"taxonomy":"product_tag","embeddable":true,"href":"https:\/\/www.elibron.com\/catalog\/wp-json\/wp\/v2\/product_tag?post=24420"}],"curies":[{"name":"wp","href":"https:\/\/api.w.org\/{rel}","templated":true}]}}