{"id":24410,"date":"2017-04-03T16:25:41","date_gmt":"2017-04-03T16:25:41","guid":{"rendered":"https:\/\/www.elibron.com\/catalog\/product\/campagne-de-russie-partie-1-preliminaires-de-la-campagne-de-russie-ses-causes-sa-preparation-organisation-de-larmee-du-1er-janvier-1810-au-31-janvier-1812-tome-1\/"},"modified":"2017-04-06T05:57:14","modified_gmt":"2017-04-06T05:57:14","slug":"campagne-de-russie-partie-1-preliminaires-de-la-campagne-de-russie-ses-causes-sa-preparation-organisation-de-larmee-du-1er-janvier-1810-au-31-janvier-1812-tome-1","status":"publish","type":"product","link":"https:\/\/www.elibron.com\/catalog\/product\/campagne-de-russie-partie-1-preliminaires-de-la-campagne-de-russie-ses-causes-sa-preparation-organisation-de-larmee-du-1er-janvier-1810-au-31-janvier-1812-tome-1\/","title":{"rendered":"Campagne de Russie. Partie 1. Pr\u00e9liminaires de la campagne de Russie, ses causes, sa pr\u00e9paration, organisation de l&#8217;arm\u00e9e du 1er janvier 1810 au 31 janvier 1812. Tome 1"},"content":{"rendered":"<aside class=\"mashsb-container mashsb-main mashsb-stretched\"><div class=\"mashsb-box\"><div class=\"mashsb-buttons\"><a  class=\"mashicon-facebook mash-large mash-center mashsb-noshadow\" href=\"https:\/\/www.facebook.com\/sharer.php?u=https%3A%2F%2Fwww.elibron.com%2Fcatalog%2Fproduct%2Fcampagne-de-russie-partie-1-preliminaires-de-la-campagne-de-russie-ses-causes-sa-preparation-organisation-de-larmee-du-1er-janvier-1810-au-31-janvier-1812-tome-1%2F\" target=\"_blank\" rel=\"noopener nofollow\"><span class=\"icon\"><\/span><span class=\"text\">Share<\/span><\/a><a  class=\"mashicon-twitter mash-large mash-center mashsb-noshadow\" href=\"https:\/\/twitter.com\/intent\/tweet?text=&url=https:\/\/www.elibron.com\/catalog\/product\/campagne-de-russie-partie-1-preliminaires-de-la-campagne-de-russie-ses-causes-sa-preparation-organisation-de-larmee-du-1er-janvier-1810-au-31-janvier-1812-tome-1\/&via=ElibronBooks\" target=\"_blank\" rel=\"noopener nofollow\"><span class=\"icon\"><\/span><span class=\"text\">Tweet<\/span><\/a><div class=\"onoffswitch2 mash-large mashsb-noshadow\" style=\"display:none;\"><\/div><\/div>\r\n            <\/div>\r\n                <div style=\"clear:both;\"><\/div><div class=\"mashsb-toggle-container\"><\/div><\/aside>\r\n            <!-- Share buttons by mashshare.net - Version: 3.5.7-->","protected":false},"excerpt":{"rendered":"","protected":false},"featured_media":24411,"comment_status":"closed","ping_status":"open","template":"","meta":{"_acf_changed":false,"jetpack_post_was_ever_published":false,"jetpack_publicize_message":"","jetpack_publicize_feature_enabled":true,"jetpack_social_post_already_shared":false,"jetpack_social_options":{"image_generator_settings":{"template":"highway","enabled":false},"version":2}},"product_brand":[],"product_cat":[6,2356,2355,2437,2366],"product_tag":[79,74,297,94],"class_list":{"0":"post-24410","1":"product","2":"type-product","3":"status-publish","4":"has-post-thumbnail","6":"product_cat-books","7":"product_cat-europe-books","8":"product_cat-history-books","9":"product_cat-military-books","10":"product_cat-society-social-sciences-books","11":"product_tag-europe","12":"product_tag-history","13":"product_tag-military","14":"product_tag-society-social-sciences","16":"first","17":"instock","18":"purchasable","19":"product-type-simple"},"jetpack_publicize_connections":[],"acf":[],"jetpack_sharing_enabled":true,"_links":{"self":[{"href":"https:\/\/www.elibron.com\/catalog\/wp-json\/wp\/v2\/product\/24410","targetHints":{"allow":["GET"]}}],"collection":[{"href":"https:\/\/www.elibron.com\/catalog\/wp-json\/wp\/v2\/product"}],"about":[{"href":"https:\/\/www.elibron.com\/catalog\/wp-json\/wp\/v2\/types\/product"}],"replies":[{"embeddable":true,"href":"https:\/\/www.elibron.com\/catalog\/wp-json\/wp\/v2\/comments?post=24410"}],"wp:featuredmedia":[{"embeddable":true,"href":"https:\/\/www.elibron.com\/catalog\/wp-json\/wp\/v2\/media\/24411"}],"wp:attachment":[{"href":"https:\/\/www.elibron.com\/catalog\/wp-json\/wp\/v2\/media?parent=24410"}],"wp:term":[{"taxonomy":"product_brand","embeddable":true,"href":"https:\/\/www.elibron.com\/catalog\/wp-json\/wp\/v2\/product_brand?post=24410"},{"taxonomy":"product_cat","embeddable":true,"href":"https:\/\/www.elibron.com\/catalog\/wp-json\/wp\/v2\/product_cat?post=24410"},{"taxonomy":"product_tag","embeddable":true,"href":"https:\/\/www.elibron.com\/catalog\/wp-json\/wp\/v2\/product_tag?post=24410"}],"curies":[{"name":"wp","href":"https:\/\/api.w.org\/{rel}","templated":true}]}}