{"id":24106,"date":"2017-04-03T16:20:31","date_gmt":"2017-04-03T16:20:31","guid":{"rendered":"https:\/\/www.elibron.com\/catalog\/product\/ryska-afslojanden-fran-alexander-i-till-alexander-iii-ett-historiskt-bildergalleri-ur-de-nyaste-memoarverk-af-j-eckardt-p-von-goetze-grefte-murawjew-m-fl-urvaldt-och-redigeradt-af-arvid-ahnfelt\/"},"modified":"2017-04-06T05:54:22","modified_gmt":"2017-04-06T05:54:22","slug":"ryska-afslojanden-fran-alexander-i-till-alexander-iii-ett-historiskt-bildergalleri-ur-de-nyaste-memoarverk-af-j-eckardt-p-von-goetze-grefte-murawjew-m-fl-urvaldt-och-redigeradt-af-arvid-ahnfelt","status":"publish","type":"product","link":"https:\/\/www.elibron.com\/catalog\/product\/ryska-afslojanden-fran-alexander-i-till-alexander-iii-ett-historiskt-bildergalleri-ur-de-nyaste-memoarverk-af-j-eckardt-p-von-goetze-grefte-murawjew-m-fl-urvaldt-och-redigeradt-af-arvid-ahnfelt\/","title":{"rendered":"Ryska afsl\u00f6janden fr\u00e5n Alexander I till Alexander III. Ett historiskt bildergalleri ur de nyaste memoarverk af J. Eckardt, P. von Go\u00ebtze, grefte Murawjew m. fl. Urvaldt och redigeradt af Arvid Ahnfelt"},"content":{"rendered":"<aside class=\"mashsb-container mashsb-main mashsb-stretched\"><div class=\"mashsb-box\"><div class=\"mashsb-buttons\"><a  class=\"mashicon-facebook mash-large mash-center mashsb-noshadow\" href=\"https:\/\/www.facebook.com\/sharer.php?u=https%3A%2F%2Fwww.elibron.com%2Fcatalog%2Fproduct%2Fryska-afslojanden-fran-alexander-i-till-alexander-iii-ett-historiskt-bildergalleri-ur-de-nyaste-memoarverk-af-j-eckardt-p-von-goetze-grefte-murawjew-m-fl-urvaldt-och-redigeradt-af-arvid-ahnfelt%2F\" target=\"_blank\" rel=\"noopener nofollow\"><span class=\"icon\"><\/span><span class=\"text\">Share<\/span><\/a><a  class=\"mashicon-twitter mash-large mash-center mashsb-noshadow\" href=\"https:\/\/twitter.com\/intent\/tweet?text=&url=https:\/\/www.elibron.com\/catalog\/product\/ryska-afslojanden-fran-alexander-i-till-alexander-iii-ett-historiskt-bildergalleri-ur-de-nyaste-memoarverk-af-j-eckardt-p-von-goetze-grefte-murawjew-m-fl-urvaldt-och-redigeradt-af-arvid-ahnfelt\/&via=ElibronBooks\" target=\"_blank\" rel=\"noopener nofollow\"><span class=\"icon\"><\/span><span class=\"text\">Tweet<\/span><\/a><div class=\"onoffswitch2 mash-large mashsb-noshadow\" style=\"display:none;\"><\/div><\/div>\r\n            <\/div>\r\n                <div style=\"clear:both;\"><\/div><div class=\"mashsb-toggle-container\"><\/div><\/aside>\r\n            <!-- Share buttons by mashshare.net - Version: 3.5.7-->","protected":false},"excerpt":{"rendered":"","protected":false},"featured_media":24107,"comment_status":"closed","ping_status":"open","template":"","meta":{"_acf_changed":false,"jetpack_post_was_ever_published":false,"jetpack_publicize_message":"","jetpack_publicize_feature_enabled":true,"jetpack_social_post_already_shared":false,"jetpack_social_options":{"image_generator_settings":{"template":"highway","enabled":false},"version":2}},"product_brand":[],"product_cat":[2344,6,2356,2355,2417],"product_tag":[53,79,74,357],"class_list":{"0":"post-24106","1":"product","2":"type-product","3":"status-publish","4":"has-post-thumbnail","6":"product_cat-biography-memoir-books","7":"product_cat-books","8":"product_cat-europe-books","9":"product_cat-history-books","10":"product_cat-russia-books","11":"product_tag-biography-memoir","12":"product_tag-europe","13":"product_tag-history","14":"product_tag-russia","16":"first","17":"instock","18":"purchasable","19":"product-type-simple"},"jetpack_publicize_connections":[],"acf":[],"jetpack_sharing_enabled":true,"_links":{"self":[{"href":"https:\/\/www.elibron.com\/catalog\/wp-json\/wp\/v2\/product\/24106","targetHints":{"allow":["GET"]}}],"collection":[{"href":"https:\/\/www.elibron.com\/catalog\/wp-json\/wp\/v2\/product"}],"about":[{"href":"https:\/\/www.elibron.com\/catalog\/wp-json\/wp\/v2\/types\/product"}],"replies":[{"embeddable":true,"href":"https:\/\/www.elibron.com\/catalog\/wp-json\/wp\/v2\/comments?post=24106"}],"wp:featuredmedia":[{"embeddable":true,"href":"https:\/\/www.elibron.com\/catalog\/wp-json\/wp\/v2\/media\/24107"}],"wp:attachment":[{"href":"https:\/\/www.elibron.com\/catalog\/wp-json\/wp\/v2\/media?parent=24106"}],"wp:term":[{"taxonomy":"product_brand","embeddable":true,"href":"https:\/\/www.elibron.com\/catalog\/wp-json\/wp\/v2\/product_brand?post=24106"},{"taxonomy":"product_cat","embeddable":true,"href":"https:\/\/www.elibron.com\/catalog\/wp-json\/wp\/v2\/product_cat?post=24106"},{"taxonomy":"product_tag","embeddable":true,"href":"https:\/\/www.elibron.com\/catalog\/wp-json\/wp\/v2\/product_tag?post=24106"}],"curies":[{"name":"wp","href":"https:\/\/api.w.org\/{rel}","templated":true}]}}