{"id":23964,"date":"2017-04-03T16:18:20","date_gmt":"2017-04-03T16:18:20","guid":{"rendered":"https:\/\/www.elibron.com\/catalog\/product\/mission-scientifique-de-m-victor-guerin-en-palestine-rapports-envoyes-a-leurs-exc-m-le-ministre-detat-et-m-le-ministre-de-linstruction-publique\/"},"modified":"2017-04-06T05:53:07","modified_gmt":"2017-04-06T05:53:07","slug":"mission-scientifique-de-m-victor-guerin-en-palestine-rapports-envoyes-a-leurs-exc-m-le-ministre-detat-et-m-le-ministre-de-linstruction-publique","status":"publish","type":"product","link":"https:\/\/www.elibron.com\/catalog\/product\/mission-scientifique-de-m-victor-guerin-en-palestine-rapports-envoyes-a-leurs-exc-m-le-ministre-detat-et-m-le-ministre-de-linstruction-publique\/","title":{"rendered":"Mission scientifique de M. Victor Gu\u00e9rin en Palestine. Rapports envoy\u00e9s \u00e0 leurs exc. M. le ministre d&#8217;\u00c9tat et M. le ministre de l&#8217;instruction publique"},"content":{"rendered":"<aside class=\"mashsb-container mashsb-main mashsb-stretched\"><div class=\"mashsb-box\"><div class=\"mashsb-buttons\"><a  class=\"mashicon-facebook mash-large mash-center mashsb-noshadow\" href=\"https:\/\/www.facebook.com\/sharer.php?u=https%3A%2F%2Fwww.elibron.com%2Fcatalog%2Fproduct%2Fmission-scientifique-de-m-victor-guerin-en-palestine-rapports-envoyes-a-leurs-exc-m-le-ministre-detat-et-m-le-ministre-de-linstruction-publique%2F\" target=\"_blank\" rel=\"noopener nofollow\"><span class=\"icon\"><\/span><span class=\"text\">Share<\/span><\/a><a  class=\"mashicon-twitter mash-large mash-center mashsb-noshadow\" href=\"https:\/\/twitter.com\/intent\/tweet?text=&url=https:\/\/www.elibron.com\/catalog\/product\/mission-scientifique-de-m-victor-guerin-en-palestine-rapports-envoyes-a-leurs-exc-m-le-ministre-detat-et-m-le-ministre-de-linstruction-publique\/&via=ElibronBooks\" target=\"_blank\" rel=\"noopener nofollow\"><span class=\"icon\"><\/span><span class=\"text\">Tweet<\/span><\/a><div class=\"onoffswitch2 mash-large mashsb-noshadow\" style=\"display:none;\"><\/div><\/div>\r\n            <\/div>\r\n                <div style=\"clear:both;\"><\/div><div class=\"mashsb-toggle-container\"><\/div><\/aside>\r\n            <!-- Share buttons by mashshare.net - Version: 3.5.7-->","protected":false},"excerpt":{"rendered":"","protected":false},"featured_media":23965,"comment_status":"closed","ping_status":"open","template":"","meta":{"_acf_changed":false,"jetpack_post_was_ever_published":false,"jetpack_publicize_message":"","jetpack_publicize_feature_enabled":true,"jetpack_social_post_already_shared":false,"jetpack_social_options":{"image_generator_settings":{"template":"highway","enabled":false},"version":2}},"product_brand":[],"product_cat":[2486,6,2358,2378,2418,2365,2357,2359,2379],"product_tag":[527,76,128,233,91,193,77,129],"class_list":{"0":"post-23964","1":"product","2":"type-product","3":"status-publish","4":"has-post-thumbnail","6":"product_cat-archaeology","7":"product_cat-books","8":"product_cat-countries-maps-books","9":"product_cat-customs-traditions-of-nations-books","10":"product_cat-geography-books","11":"product_cat-sciences-books","12":"product_cat-travel-books","13":"product_cat-travel-guides-books","14":"product_cat-travel-stories-books","15":"product_tag-archaeology","16":"product_tag-countries-maps","17":"product_tag-customs-traditions-of-nations","18":"product_tag-geography","19":"product_tag-sciences","20":"product_tag-travel","21":"product_tag-travel-guides","22":"product_tag-travel-stories","24":"first","25":"instock","26":"purchasable","27":"product-type-simple"},"jetpack_publicize_connections":[],"acf":[],"jetpack_sharing_enabled":true,"_links":{"self":[{"href":"https:\/\/www.elibron.com\/catalog\/wp-json\/wp\/v2\/product\/23964","targetHints":{"allow":["GET"]}}],"collection":[{"href":"https:\/\/www.elibron.com\/catalog\/wp-json\/wp\/v2\/product"}],"about":[{"href":"https:\/\/www.elibron.com\/catalog\/wp-json\/wp\/v2\/types\/product"}],"replies":[{"embeddable":true,"href":"https:\/\/www.elibron.com\/catalog\/wp-json\/wp\/v2\/comments?post=23964"}],"wp:featuredmedia":[{"embeddable":true,"href":"https:\/\/www.elibron.com\/catalog\/wp-json\/wp\/v2\/media\/23965"}],"wp:attachment":[{"href":"https:\/\/www.elibron.com\/catalog\/wp-json\/wp\/v2\/media?parent=23964"}],"wp:term":[{"taxonomy":"product_brand","embeddable":true,"href":"https:\/\/www.elibron.com\/catalog\/wp-json\/wp\/v2\/product_brand?post=23964"},{"taxonomy":"product_cat","embeddable":true,"href":"https:\/\/www.elibron.com\/catalog\/wp-json\/wp\/v2\/product_cat?post=23964"},{"taxonomy":"product_tag","embeddable":true,"href":"https:\/\/www.elibron.com\/catalog\/wp-json\/wp\/v2\/product_tag?post=23964"}],"curies":[{"name":"wp","href":"https:\/\/api.w.org\/{rel}","templated":true}]}}