{"id":23858,"date":"2017-04-03T16:16:46","date_gmt":"2017-04-03T16:16:46","guid":{"rendered":"https:\/\/www.elibron.com\/catalog\/product\/st-cyrille-et-st-methode-premiere-lutte-des-allemands-contre-les-slaves-avec-un-essai-sur-les-destinees-du-glagol-et-un-memoire-sur-lalphabet-la-langue-et-le-rite-des-apotres-slaves-au-ixe-siecle\/"},"modified":"2017-04-06T05:52:11","modified_gmt":"2017-04-06T05:52:11","slug":"st-cyrille-et-st-methode-premiere-lutte-des-allemands-contre-les-slaves-avec-un-essai-sur-les-destinees-du-glagol-et-un-memoire-sur-lalphabet-la-langue-et-le-rite-des-apotres-slaves-au-ixe-siecle","status":"publish","type":"product","link":"https:\/\/www.elibron.com\/catalog\/product\/st-cyrille-et-st-methode-premiere-lutte-des-allemands-contre-les-slaves-avec-un-essai-sur-les-destinees-du-glagol-et-un-memoire-sur-lalphabet-la-langue-et-le-rite-des-apotres-slaves-au-ixe-siecle\/","title":{"rendered":"St Cyrille et St M\u00e9thode. Premi\u00e8re lutte des allemands contre les slaves. Avec un essai sur les destin\u00e9es du glagol et un m\u00e9moire sur l&#8217;alphabet, la langue et le rite des ap\u00f4tres slaves au IXe si\u00e8cle"},"content":{"rendered":"<aside class=\"mashsb-container mashsb-main mashsb-stretched\"><div class=\"mashsb-box\"><div class=\"mashsb-buttons\"><a  class=\"mashicon-facebook mash-large mash-center mashsb-noshadow\" href=\"https:\/\/www.facebook.com\/sharer.php?u=https%3A%2F%2Fwww.elibron.com%2Fcatalog%2Fproduct%2Fst-cyrille-et-st-methode-premiere-lutte-des-allemands-contre-les-slaves-avec-un-essai-sur-les-destinees-du-glagol-et-un-memoire-sur-lalphabet-la-langue-et-le-rite-des-apotres-slaves-au-ixe-siecle%2F\" target=\"_blank\" rel=\"noopener nofollow\"><span class=\"icon\"><\/span><span class=\"text\">Share<\/span><\/a><a  class=\"mashicon-twitter mash-large mash-center mashsb-noshadow\" href=\"https:\/\/twitter.com\/intent\/tweet?text=&url=https:\/\/www.elibron.com\/catalog\/product\/st-cyrille-et-st-methode-premiere-lutte-des-allemands-contre-les-slaves-avec-un-essai-sur-les-destinees-du-glagol-et-un-memoire-sur-lalphabet-la-langue-et-le-rite-des-apotres-slaves-au-ixe-siecle\/&via=ElibronBooks\" target=\"_blank\" rel=\"noopener nofollow\"><span class=\"icon\"><\/span><span class=\"text\">Tweet<\/span><\/a><div class=\"onoffswitch2 mash-large mashsb-noshadow\" style=\"display:none;\"><\/div><\/div>\r\n            <\/div>\r\n                <div style=\"clear:both;\"><\/div><div class=\"mashsb-toggle-container\"><\/div><\/aside>\r\n            <!-- Share buttons by mashshare.net - Version: 3.5.7-->","protected":false},"excerpt":{"rendered":"","protected":false},"featured_media":23859,"comment_status":"closed","ping_status":"open","template":"","meta":{"_acf_changed":false,"jetpack_post_was_ever_published":false,"jetpack_publicize_message":"","jetpack_publicize_feature_enabled":true,"jetpack_social_post_already_shared":false,"jetpack_social_options":{"image_generator_settings":{"template":"highway","enabled":false},"version":2}},"product_brand":[],"product_cat":[6,2356,2355,2376,2377],"product_tag":[79,74,125,159],"class_list":{"0":"post-23858","1":"product","2":"type-product","3":"status-publish","4":"has-post-thumbnail","6":"product_cat-books","7":"product_cat-europe-books","8":"product_cat-history-books","9":"product_cat-language-books","10":"product_cat-language-studies-books","11":"product_tag-europe","12":"product_tag-history","13":"product_tag-language","14":"product_tag-language-studies","16":"first","17":"instock","18":"purchasable","19":"product-type-simple"},"jetpack_publicize_connections":[],"acf":[],"jetpack_sharing_enabled":true,"_links":{"self":[{"href":"https:\/\/www.elibron.com\/catalog\/wp-json\/wp\/v2\/product\/23858","targetHints":{"allow":["GET"]}}],"collection":[{"href":"https:\/\/www.elibron.com\/catalog\/wp-json\/wp\/v2\/product"}],"about":[{"href":"https:\/\/www.elibron.com\/catalog\/wp-json\/wp\/v2\/types\/product"}],"replies":[{"embeddable":true,"href":"https:\/\/www.elibron.com\/catalog\/wp-json\/wp\/v2\/comments?post=23858"}],"wp:featuredmedia":[{"embeddable":true,"href":"https:\/\/www.elibron.com\/catalog\/wp-json\/wp\/v2\/media\/23859"}],"wp:attachment":[{"href":"https:\/\/www.elibron.com\/catalog\/wp-json\/wp\/v2\/media?parent=23858"}],"wp:term":[{"taxonomy":"product_brand","embeddable":true,"href":"https:\/\/www.elibron.com\/catalog\/wp-json\/wp\/v2\/product_brand?post=23858"},{"taxonomy":"product_cat","embeddable":true,"href":"https:\/\/www.elibron.com\/catalog\/wp-json\/wp\/v2\/product_cat?post=23858"},{"taxonomy":"product_tag","embeddable":true,"href":"https:\/\/www.elibron.com\/catalog\/wp-json\/wp\/v2\/product_tag?post=23858"}],"curies":[{"name":"wp","href":"https:\/\/api.w.org\/{rel}","templated":true}]}}