{"id":23582,"date":"2017-04-03T16:12:12","date_gmt":"2017-04-03T16:12:12","guid":{"rendered":"https:\/\/www.elibron.com\/catalog\/product\/la-fin-du-paganisme-etude-sur-les-dernieres-luttes-religieuses-en-occident-au-quatrieme-siecle-tome-2\/"},"modified":"2017-04-06T05:49:30","modified_gmt":"2017-04-06T05:49:30","slug":"la-fin-du-paganisme-etude-sur-les-dernieres-luttes-religieuses-en-occident-au-quatrieme-siecle-tome-2","status":"publish","type":"product","link":"https:\/\/www.elibron.com\/catalog\/product\/la-fin-du-paganisme-etude-sur-les-dernieres-luttes-religieuses-en-occident-au-quatrieme-siecle-tome-2\/","title":{"rendered":"La fin du paganisme. \u00c9tude sur les derni\u00e8res luttes religieuses en Occident au quatri\u00e8me si\u00e8cle. Tome 2"},"content":{"rendered":"<aside class=\"mashsb-container mashsb-main mashsb-stretched\"><div class=\"mashsb-box\"><div class=\"mashsb-buttons\"><a  class=\"mashicon-facebook mash-large mash-center mashsb-noshadow\" href=\"https:\/\/www.facebook.com\/sharer.php?u=https%3A%2F%2Fwww.elibron.com%2Fcatalog%2Fproduct%2Fla-fin-du-paganisme-etude-sur-les-dernieres-luttes-religieuses-en-occident-au-quatrieme-siecle-tome-2%2F\" target=\"_blank\" rel=\"noopener nofollow\"><span class=\"icon\"><\/span><span class=\"text\">Share<\/span><\/a><a  class=\"mashicon-twitter mash-large mash-center mashsb-noshadow\" href=\"https:\/\/twitter.com\/intent\/tweet?text=&url=https:\/\/www.elibron.com\/catalog\/product\/la-fin-du-paganisme-etude-sur-les-dernieres-luttes-religieuses-en-occident-au-quatrieme-siecle-tome-2\/&via=ElibronBooks\" target=\"_blank\" rel=\"noopener nofollow\"><span class=\"icon\"><\/span><span class=\"text\">Tweet<\/span><\/a><div class=\"onoffswitch2 mash-large mashsb-noshadow\" style=\"display:none;\"><\/div><\/div>\r\n            <\/div>\r\n                <div style=\"clear:both;\"><\/div><div class=\"mashsb-toggle-container\"><\/div><\/aside>\r\n            <!-- Share buttons by mashshare.net - Version: 3.5.7-->","protected":false},"excerpt":{"rendered":"","protected":false},"featured_media":23583,"comment_status":"closed","ping_status":"open","template":"","meta":{"_acf_changed":false,"jetpack_post_was_ever_published":false,"jetpack_publicize_message":"","jetpack_publicize_feature_enabled":true,"jetpack_social_post_already_shared":false,"jetpack_social_options":{"image_generator_settings":{"template":"highway","enabled":false},"version":2}},"product_brand":[],"product_cat":[2503,6,2382,2356,2355,2381,2421],"product_tag":[677,135,79,74,134,343],"class_list":{"0":"post-23582","1":"product","2":"type-product","3":"status-publish","4":"has-post-thumbnail","6":"product_cat-ancient-greek-and-roman","7":"product_cat-books","8":"product_cat-christianity-books","9":"product_cat-europe-books","10":"product_cat-history-books","11":"product_cat-religions-spirituality-books","12":"product_cat-the-study-of-religion-books","13":"product_tag-ancient-greek-and-roman","14":"product_tag-christianity","15":"product_tag-europe","16":"product_tag-history","17":"product_tag-religions-spirituality","18":"product_tag-the-study-of-religion","20":"first","21":"instock","22":"purchasable","23":"product-type-simple"},"jetpack_publicize_connections":[],"acf":[],"jetpack_sharing_enabled":true,"_links":{"self":[{"href":"https:\/\/www.elibron.com\/catalog\/wp-json\/wp\/v2\/product\/23582","targetHints":{"allow":["GET"]}}],"collection":[{"href":"https:\/\/www.elibron.com\/catalog\/wp-json\/wp\/v2\/product"}],"about":[{"href":"https:\/\/www.elibron.com\/catalog\/wp-json\/wp\/v2\/types\/product"}],"replies":[{"embeddable":true,"href":"https:\/\/www.elibron.com\/catalog\/wp-json\/wp\/v2\/comments?post=23582"}],"wp:featuredmedia":[{"embeddable":true,"href":"https:\/\/www.elibron.com\/catalog\/wp-json\/wp\/v2\/media\/23583"}],"wp:attachment":[{"href":"https:\/\/www.elibron.com\/catalog\/wp-json\/wp\/v2\/media?parent=23582"}],"wp:term":[{"taxonomy":"product_brand","embeddable":true,"href":"https:\/\/www.elibron.com\/catalog\/wp-json\/wp\/v2\/product_brand?post=23582"},{"taxonomy":"product_cat","embeddable":true,"href":"https:\/\/www.elibron.com\/catalog\/wp-json\/wp\/v2\/product_cat?post=23582"},{"taxonomy":"product_tag","embeddable":true,"href":"https:\/\/www.elibron.com\/catalog\/wp-json\/wp\/v2\/product_tag?post=23582"}],"curies":[{"name":"wp","href":"https:\/\/api.w.org\/{rel}","templated":true}]}}